{"id":2995,"date":"2023-03-02T14:42:08","date_gmt":"2023-03-02T14:42:08","guid":{"rendered":"https:\/\/www.polocasurf.com\/reservar-clases-de-surf-en-grupo\/"},"modified":"2025-07-23T19:00:20","modified_gmt":"2025-07-23T19:00:20","slug":"reservar-clases-de-surf-en-grupo","status":"publish","type":"page","link":"https:\/\/www.polocasurf.com\/es\/reservar-clases-de-surf-en-grupo\/","title":{"rendered":"Reservar clases de surf en grupo"},"content":{"rendered":"<p><div class=\"fusion-fullwidth fullwidth-box fusion-builder-row-1 fusion-flex-container nonhundred-percent-fullwidth non-hundred-percent-height-scrolling\" style=\"--link_color: var(--awb-color3);--awb-border-radius-top-left:0px;--awb-border-radius-top-right:0px;--awb-border-radius-bottom-right:0px;--awb-border-radius-bottom-left:0px;--awb-padding-right:60px;--awb-padding-left:60px;--awb-padding-right-small:20px;--awb-padding-bottom-small:40px;--awb-padding-left-small:20px;--awb-margin-top:4%;--awb-margin-bottom:4%;--awb-margin-top-small:23%;--awb-background-color:var(--awb-color3);--awb-flex-wrap:wrap;\" ><div class=\"fusion-builder-row fusion-row fusion-flex-align-items-flex-start fusion-flex-content-wrap\" style=\"max-width:1393.6px;margin-left: calc(-4% \/ 2 );margin-right: calc(-4% \/ 2 );\"><div class=\"fusion-layout-column fusion_builder_column fusion-builder-column-0 fusion_builder_column_1_1 1_1 fusion-flex-column\" style=\"--awb-bg-color:rgba(0,91,144,0);--awb-bg-color-hover:rgba(0,91,144,0);--awb-bg-size:cover;--awb-width-large:100%;--awb-margin-top-large:8%;--awb-spacing-right-large:1.92%;--awb-margin-bottom-large:20px;--awb-spacing-left-large:1.92%;--awb-width-medium:100%;--awb-order-medium:0;--awb-spacing-right-medium:1.92%;--awb-spacing-left-medium:1.92%;--awb-width-small:100%;--awb-order-small:0;--awb-spacing-right-small:1.92%;--awb-spacing-left-small:1.92%;\"><div class=\"fusion-column-wrapper fusion-column-has-shadow fusion-flex-justify-content-flex-start fusion-content-layout-column\"><div class=\"fusion-title title fusion-title-1 fusion-sep-none fusion-title-text fusion-title-size-one\" style=\"--awb-text-color:var(--awb-color1);--awb-margin-top:12%;--awb-margin-top-small:10px;--awb-margin-right-small:0px;--awb-margin-bottom-small:10px;--awb-margin-left-small:0px;--awb-font-size:85px;\"><h1 class=\"fusion-title-heading title-heading-left fusion-responsive-typography-calculated\" style=\"margin:0;text-transform:none;font-size:1em;--fontSize:85;line-height:var(--awb-typography1-line-height);\">Reservar clases de surf en grupo<\/h1><\/div><div class=\"fusion-separator fusion-full-width-sep\" style=\"align-self: center;margin-left: auto;margin-right: auto;width:100%;\"><div class=\"fusion-separator-border sep-single\" style=\"--awb-height:20px;--awb-amount:20px;--awb-sep-color:var(--awb-color1);border-color:var(--awb-color1);border-top-width:1px;\"><\/div><\/div><div class=\"fusion-text fusion-text-1\" style=\"--awb-font-size:var(--awb-typography4-font-size);--awb-line-height:var(--awb-typography4-line-height);--awb-letter-spacing:var(--awb-typography4-letter-spacing);--awb-text-transform:var(--awb-typography4-text-transform);--awb-text-color:var(--awb-color8);--awb-text-font-family:var(--awb-typography4-font-family);--awb-text-font-weight:var(--awb-typography4-font-weight);--awb-text-font-style:var(--awb-typography4-font-style);\"><h3><span style=\"color: var(--awb-color1); line-height: 36px;\" data-fusion-font=\"true\">Rellena el siguiente formulario.<\/span><\/h3>\n<h3><span style=\"color: var(--awb-color1); line-height: 36px;\" data-fusion-font=\"true\">Confirmar\u00e9 los detalles y te enviar\u00e9 un correo electr\u00f3nico de confirmaci\u00f3n con toda la informaci\u00f3n sobre la clase y el pago que necesitas.<\/span><\/h3>\n<h3><span style=\"color: var(--awb-color1); line-height: 36px;\" data-fusion-font=\"true\">Intento responder a tus mensajes lo antes posible, pero me gustar\u00eda informarte amablemente de que puedo estar en el oc\u00e9ano por clases, lo que puede provocar un ligero retraso en la respuesta. Para reservas de \u00faltima hora (menos de 48 horas antes de la clase), ponte en contacto conmigo a trav\u00e9s de Whatsapp +34678224872.<\/span><\/h3>\n<h3><span style=\"color: var(--awb-color1); line-height: 36px;\" data-fusion-font=\"true\">Vicky<\/span><\/h3>\n<\/div><\/div><\/div><\/div><\/div><div class=\"fusion-fullwidth fullwidth-box fusion-builder-row-2 fusion-flex-container nonhundred-percent-fullwidth non-hundred-percent-height-scrolling\" style=\"--link_color: var(--awb-color3);--awb-border-color:var(--awb-color1);--awb-border-radius-top-left:0px;--awb-border-radius-top-right:0px;--awb-border-radius-bottom-right:0px;--awb-border-radius-bottom-left:0px;--awb-padding-right:60px;--awb-padding-left:60px;--awb-padding-right-small:20px;--awb-padding-bottom-small:0px;--awb-padding-left-small:20px;--awb-margin-top:4%;--awb-background-color:var(--awb-custom_color_8);--awb-flex-wrap:wrap;\" ><div class=\"fusion-builder-row fusion-row fusion-flex-align-items-center fusion-flex-justify-content-center fusion-flex-content-wrap\" style=\"max-width:1393.6px;margin-left: calc(-4% \/ 2 );margin-right: calc(-4% \/ 2 );\"><div class=\"fusion-layout-column fusion_builder_column fusion-builder-column-1 fusion_builder_column_1_3 1_3 fusion-flex-column fusion-animated\" style=\"--awb-bg-size:cover;--awb-width-large:33.333333333333%;--awb-margin-top-large:0px;--awb-spacing-right-large:5.76%;--awb-margin-bottom-large:20px;--awb-spacing-left-large:5.76%;--awb-width-medium:33.333333333333%;--awb-order-medium:0;--awb-spacing-right-medium:5.76%;--awb-spacing-left-medium:5.76%;--awb-width-small:100%;--awb-order-small:0;--awb-spacing-right-small:1.92%;--awb-spacing-left-small:1.92%;\" data-animationType=\"fadeInUp\" data-animationDuration=\"1.3\" data-animationOffset=\"top-into-view\"><div class=\"fusion-column-wrapper fusion-column-has-shadow fusion-flex-justify-content-flex-start fusion-content-layout-column\"><div class=\"fusion-separator fusion-full-width-sep\" style=\"align-self: center;margin-left: auto;margin-right: auto;margin-top:4%;margin-bottom:4%;width:100%;\"><\/div><\/div><\/div><div class=\"fusion-layout-column fusion_builder_column fusion-builder-column-2 fusion_builder_column_1_1 1_1 fusion-flex-column\" style=\"--awb-bg-size:cover;--awb-width-large:100%;--awb-margin-top-large:0px;--awb-spacing-right-large:1.92%;--awb-margin-bottom-large:20px;--awb-spacing-left-large:1.92%;--awb-width-medium:100%;--awb-order-medium:0;--awb-spacing-right-medium:1.92%;--awb-spacing-left-medium:1.92%;--awb-width-small:100%;--awb-order-small:0;--awb-spacing-right-small:1.92%;--awb-spacing-left-small:1.92%;\"><div class=\"fusion-column-wrapper fusion-column-has-shadow fusion-flex-justify-content-flex-start fusion-content-layout-column\"><div class=\"fusion-form fusion-form-builder fusion-form-form-wrapper fusion-form-4227\" style=\"--awb-tooltip-text-color:#ffffff;--awb-tooltip-background-color:#333333;--awb-form-bg-color:#f8f9fa;--awb-form-placeholder-color:rgba(109,109,109,0.5);--awb-form-text-color:#6d6d6d;--awb-form-label-color:#0b0c11;--awb-form-border-color:var(--awb-custom_color_6);\" data-form-id=\"4227\" data-config=\"{&quot;form_id&quot;:4227,&quot;form_post_id&quot;:4227,&quot;post_id&quot;:2995,&quot;form_type&quot;:&quot;ajax&quot;,&quot;confirmation_type&quot;:&quot;message&quot;,&quot;redirect_url&quot;:&quot;&quot;,&quot;redirect_timeout&quot;:&quot;0&quot;,&quot;field_labels&quot;:{&quot;first_name&quot;:&quot;Nombre&quot;,&quot;email_address&quot;:&quot;Direcci\\u00f3n de correo electr\\u00f3nico&quot;,&quot;experience&quot;:&quot;Experiencia de surf&quot;,&quot;which_daydates&quot;:&quot;\\u00bfQu\\u00e9 d\\u00eda\\\/fechas?&quot;,&quot;phone_number&quot;:&quot;N\\u00famero de tel\\u00e9fono&quot;,&quot;country&quot;:&quot;\\u00bfDe qu\\u00e9 pa\\u00eds procede? &quot;,&quot;message&quot;:&quot;Tu mensaje&quot;},&quot;field_logics&quot;:{&quot;first_name&quot;:&quot;&quot;,&quot;email_address&quot;:&quot;&quot;,&quot;experience&quot;:&quot;&quot;,&quot;which_daydates&quot;:&quot;&quot;,&quot;phone_number&quot;:&quot;&quot;,&quot;country&quot;:&quot;&quot;,&quot;message&quot;:&quot;&quot;,&quot;notice_1&quot;:&quot;&quot;,&quot;submit_1&quot;:&quot;&quot;},&quot;field_types&quot;:{&quot;first_name&quot;:&quot;text&quot;,&quot;email_address&quot;:&quot;email&quot;,&quot;experience&quot;:&quot;select&quot;,&quot;which_daydates&quot;:&quot;text&quot;,&quot;phone_number&quot;:&quot;phone_number&quot;,&quot;country&quot;:&quot;text&quot;,&quot;message&quot;:&quot;textarea&quot;,&quot;notice_1&quot;:&quot;notice&quot;,&quot;submit_1&quot;:&quot;submit&quot;},&quot;nonce_method&quot;:&quot;ajax&quot;,&quot;form_views&quot;:&quot;ajax&quot;,&quot;form_views_counting&quot;:&quot;all&quot;}\"><form action=\"https:\/\/www.polocasurf.com\/es\/reservar-clases-de-surf-en-grupo\/\" method=\"post\" class=\"fusion-form fusion-form-4227\"><div class=\"fusion-fullwidth fullwidth-box fusion-builder-row-2-1 fusion-flex-container nonhundred-percent-fullwidth non-hundred-percent-height-scrolling\" style=\"--link_hover_color: #65bc7b;--link_color: #212934;--awb-border-sizes-top:0px;--awb-border-sizes-bottom:0px;--awb-border-sizes-left:0px;--awb-border-sizes-right:0px;--awb-border-color:#e2e2e2;--awb-border-radius-top-left:0px;--awb-border-radius-top-right:0px;--awb-border-radius-bottom-right:0px;--awb-border-radius-bottom-left:0px;--awb-padding-top:0px;--awb-padding-right:0px;--awb-padding-bottom:0px;--awb-padding-left:0px;--awb-margin-top:0px;--awb-margin-bottom:0px;--awb-background-color:rgba(255,255,255,0);--awb-flex-wrap:wrap;\" ><div class=\"fusion-builder-row fusion-row fusion-flex-align-items-flex-start fusion-flex-content-wrap\" style=\"width:104% !important;max-width:104% !important;margin-left: calc(-4% \/ 2 );margin-right: calc(-4% \/ 2 );\"><div class=\"fusion-layout-column fusion_builder_column fusion-builder-column-3 fusion_builder_column_1_2 1_2 fusion-flex-column\" style=\"--awb-bg-size:cover;--awb-width-large:50%;--awb-flex-grow:0;--awb-flex-shrink:0;--awb-margin-top-large:0px;--awb-spacing-right-large:3.84%;--awb-margin-bottom-large:0px;--awb-spacing-left-large:3.84%;--awb-width-medium:50%;--awb-order-medium:0;--awb-flex-grow-medium:0;--awb-flex-shrink-medium:0;--awb-spacing-right-medium:3.84%;--awb-spacing-left-medium:3.84%;--awb-width-small:100%;--awb-order-small:0;--awb-flex-grow-small:0;--awb-flex-shrink-small:0;--awb-spacing-right-small:1.92%;--awb-spacing-left-small:1.92%;\"><div class=\"fusion-column-wrapper fusion-column-has-shadow fusion-flex-justify-content-flex-start fusion-content-layout-column\"><div class=\"fusion-form-field fusion-form-text-field fusion-form-label-above\" style=\"\" data-form-id=\"4227\"><div class=\"fusion-form-label-wrapper\"><label for=\"first_name\">Nombre <abbr class=\"fusion-form-element-required\" title=\"required\">*<\/abbr><\/label><\/div><input type=\"text\" autocomplete=\"off\" name=\"first_name\" id=\"first_name\" value=\"\"  class=\"fusion-form-input\" required=\"true\" aria-required=\"true\" data-holds-private-data=\"false\" minlength=\"0\"\/><\/div><div class=\"fusion-form-field fusion-form-email-field fusion-form-label-above\" style=\"\" data-form-id=\"4227\"><div class=\"fusion-form-label-wrapper\"><label for=\"email_address\">Direcci\u00f3n de correo electr\u00f3nico <abbr class=\"fusion-form-element-required\" title=\"required\">*<\/abbr><\/label><\/div><div class=\"fusion-form-input-with-icon\"><i class=\"awb-form-icon retail-envelope\"><\/i><input type=\"email\" autocomplete=\"off\" name=\"email_address\" id=\"email_address\" value=\"\"  class=\"fusion-form-input\" required=\"true\" aria-required=\"true\" data-holds-private-data=\"false\"\/><\/div><\/div><div class=\"fusion-form-field fusion-form-select-field fusion-form-label-above\" style=\"\" data-form-id=\"4227\"><label for=\"experience\">Experiencia de surf <abbr class=\"fusion-form-element-required\" title=\"required\">*<\/abbr><\/label><div class=\"fusion-select-wrapper\"><select autocomplete=\"off\" tabindex=\"\" id=\"experience\" name=\"experience\" class=\"fusion-form-input\" required=\"true\" aria-required=\"true\" data-holds-private-data=\"false\"><option value=\"Nunca he surfeado antes\" >Nunca he surfeado antes<\/option><option value=\"He intentado surfear\" >He intentado surfear<\/option><option value=\"Hago surf en vacaciones\" >Hago surf en vacaciones<\/option><option value=\"Surfeo regularmente\" >Surfeo regularmente<\/option><\/select><div class=\"select-arrow\"><svg width=\"12\" height=\"8\" viewBox=\"0 0 12 8\" fill=\"none\" xmlns=\"http:\/\/www.w3.org\/2000\/svg\"> <path d=\"M1.5 1.75L6 6.25L10.5 1.75\" stroke=\"#6D6D6D\" stroke-width=\"2\" stroke-linecap=\"round\" stroke-linejoin=\"round\"\/> <\/svg><\/div><\/div><\/div><div class=\"fusion-form-field fusion-form-text-field fusion-form-label-above\" style=\"\" data-form-id=\"4227\"><div class=\"fusion-form-label-wrapper\"><label for=\"which_daydates\">\u00bfQu\u00e9 d\u00eda\/fechas? <abbr class=\"fusion-form-element-required\" title=\"required\">*<\/abbr><\/label><\/div><input type=\"text\" autocomplete=\"off\" name=\"which_daydates\" id=\"which_daydates\" value=\"\"  class=\"fusion-form-input\" required=\"true\" aria-required=\"true\" placeholder=\"d\/m\/a - d\/m\/a *\" data-holds-private-data=\"false\" minlength=\"0\"\/><\/div><\/div><\/div><div class=\"fusion-layout-column fusion_builder_column fusion-builder-column-4 fusion_builder_column_1_2 1_2 fusion-flex-column\" style=\"--awb-bg-size:cover;--awb-width-large:50%;--awb-flex-grow:0;--awb-flex-shrink:0;--awb-margin-top-large:0px;--awb-spacing-right-large:3.84%;--awb-margin-bottom-large:0px;--awb-spacing-left-large:3.84%;--awb-width-medium:50%;--awb-order-medium:0;--awb-flex-grow-medium:0;--awb-flex-shrink-medium:0;--awb-spacing-right-medium:3.84%;--awb-spacing-left-medium:3.84%;--awb-width-small:100%;--awb-order-small:0;--awb-flex-grow-small:0;--awb-flex-shrink-small:0;--awb-spacing-right-small:1.92%;--awb-spacing-left-small:1.92%;\"><div class=\"fusion-column-wrapper fusion-column-has-shadow fusion-flex-justify-content-flex-start fusion-content-layout-column\"><div class=\"fusion-form-field fusion-form-phone-number-field fusion-form-label-above\" style=\"\" data-form-id=\"4227\"><div class=\"fusion-form-label-wrapper\"><label for=\"phone_number\">N\u00famero de tel\u00e9fono<\/label><\/div><div class=\"fusion-form-input-with-icon\"><i class=\"awb-form-icon retail-phone\"><\/i><input type=\"tel\" autocomplete=\"off\" name=\"phone_number\" id=\"phone_number\" value=\"\"  class=\"fusion-form-input\" data-holds-private-data=\"false\"\/><\/div><\/div><div class=\"fusion-form-field fusion-form-text-field fusion-form-label-above\" style=\"\" data-form-id=\"4227\"><div class=\"fusion-form-label-wrapper\"><label for=\"country\">\u00bfDe qu\u00e9 pa\u00eds procede?   <abbr class=\"fusion-form-element-required\" title=\"required\">*<\/abbr><\/label><\/div><div class=\"fusion-form-input-with-icon\"><i class=\"awb-form-icon fa-globe-europe fas\"><\/i><input type=\"text\" autocomplete=\"off\" name=\"country\" id=\"country\" value=\"\"  class=\"fusion-form-input\" required=\"true\" aria-required=\"true\" data-holds-private-data=\"false\" minlength=\"0\"\/><\/div><\/div><div class=\"fusion-form-field fusion-form-textarea-field fusion-form-label-above\" style=\"\" data-form-id=\"4227\"><label for=\"message\">Tu mensaje<\/label><textarea cols=\"40\" autocomplete=\"off\"  minlength=\"0\"  rows=\"4\" tabindex=\"\" id=\"message\" name=\"message\" class=\"fusion-form-input\" placeholder=\"Por favor, proporciona un poco de informaci\u00f3n sobre la frecuencia con la que haces surf (si es que lo haces), si practicas otros deportes o si hay algo que te gustar\u00eda a\u00f1adir. \" data-holds-private-data=\"false\"><\/textarea><\/div><\/div><\/div><div class=\"fusion-layout-column fusion_builder_column fusion-builder-column-5 fusion_builder_column_1_1 1_1 fusion-flex-column\" style=\"--awb-bg-size:cover;--awb-width-large:100%;--awb-flex-grow:0;--awb-flex-shrink:0;--awb-margin-top-large:0px;--awb-spacing-right-large:1.92%;--awb-margin-bottom-large:0px;--awb-spacing-left-large:1.92%;--awb-width-medium:100%;--awb-order-medium:0;--awb-flex-grow-medium:0;--awb-flex-shrink-medium:0;--awb-spacing-right-medium:1.92%;--awb-spacing-left-medium:1.92%;--awb-width-small:100%;--awb-order-small:0;--awb-flex-grow-small:0;--awb-flex-shrink-small:0;--awb-spacing-right-small:1.92%;--awb-spacing-left-small:1.92%;\"><div class=\"fusion-column-wrapper fusion-column-has-shadow fusion-flex-justify-content-flex-start fusion-content-layout-column\"><div class=\"form-submission-notices data-notice_1\" id=\"fusion-notices-1\" data-instance=\"1\"><div class=\"fusion-form-response fusion-form-response-success\">Gracias por tu mensaje. Se ha enviado.<\/div><div class=\"fusion-form-response fusion-form-response-error\">Se ha producido un error al intentar enviar tu mensaje. Vuelve a intentarlo m\u00e1s tarde.<\/div><\/div><div class=\"fusion-form-field fusion-form-submit-field fusion-form-label-above\" style=\"\" data-form-id=\"4227\"><div ><button type=\"submit\" class=\"fusion-button button-flat fusion-button-default-size button-custom fusion-button-default button-1 fusion-button-default-span  button-default form-form-submit\" style=\"--button_bevel_color:#5db072;--button_accent_color:#fcfcfc;--button_border_color:#ffffff;--button_accent_hover_color:#fcfcfc;--button_border_hover_color:#ffffff;--button_border_width-top:0px;--button_border_width-right:0px;--button_border_width-bottom:0px;--button_border_width-left:0px;--button-border-radius-top-left:6px;--button-border-radius-top-right:6px;--button-border-radius-bottom-right:6px;--button-border-radius-bottom-left:6px;--button_gradient_top_color:var(--awb-color7);--button_gradient_bottom_color:var(--awb-color7);--button_gradient_top_color_hover:var(--awb-custom_color_6);--button_gradient_bottom_color_hover:var(--awb-custom_color_6);--button_text_transform:var(--awb-typography5-text-transform);--button_font_size:var(--awb-typography5-font-size);--button_line_height:var(--awb-typography5-line-height);--button_padding-top:20px;--button_padding-right:32px;--button_padding-bottom:20px;--button_padding-left:32px;--button_typography-letter-spacing:var(--awb-typography5-letter-spacing);--button_typography-font-family:var(--awb-typography5-font-family);--button_typography-font-weight:var(--awb-typography5-font-weight);--button_typography-font-style:var(--awb-typography5-font-style);\" data-form-number=\"4227\" tabindex=\"\"><span class=\"fusion-button-text awb-button__text awb-button__text--default\">Enviar mensaje<\/span><\/button><\/div><\/div><\/div><\/div><\/div><\/div><input type=\"hidden\" name=\"fusion_privacy_expiration_interval\" value=\"48\"><input type=\"hidden\" name=\"privacy_expiration_action\" value=\"anonymize\"><\/form><\/div><\/div><\/div><\/div><\/div><\/p>\n","protected":false},"excerpt":{"rendered":"","protected":false},"author":1,"featured_media":0,"parent":0,"menu_order":0,"comment_status":"closed","ping_status":"closed","template":"100-width.php","meta":{"_monsterinsights_skip_tracking":false,"_monsterinsights_sitenote_active":false,"_monsterinsights_sitenote_note":"","_monsterinsights_sitenote_category":0,"footnotes":""},"class_list":["post-2995","page","type-page","status-publish","hentry"],"yoast_head":"<!-- This site is optimized with the Yoast SEO plugin v27.3 - https:\/\/yoast.com\/product\/yoast-seo-wordpress\/ -->\n<title>Reservar clases de surf en grupo - Poloca Surf<\/title>\n<meta name=\"description\" content=\"Reserva una clase de surf con Poloca Surf Coaching Lanzarote y comienza tu progresi\u00f3n de surf hoy.\" \/>\n<meta name=\"robots\" content=\"index, follow, max-snippet:-1, max-image-preview:large, max-video-preview:-1\" \/>\n<link rel=\"canonical\" href=\"https:\/\/www.polocasurf.com\/es\/reservar-clases-de-surf-en-grupo\/\" \/>\n<meta property=\"og:locale\" content=\"es_ES\" \/>\n<meta property=\"og:type\" content=\"article\" \/>\n<meta property=\"og:title\" content=\"Reservar clases de surf en grupo - Poloca Surf\" \/>\n<meta property=\"og:description\" content=\"Reserva una clase de surf con Poloca Surf Coaching Lanzarote y comienza tu progresi\u00f3n de surf hoy.\" \/>\n<meta property=\"og:url\" content=\"https:\/\/www.polocasurf.com\/es\/reservar-clases-de-surf-en-grupo\/\" \/>\n<meta property=\"og:site_name\" content=\"Poloca Surf\" \/>\n<meta property=\"article:modified_time\" content=\"2025-07-23T19:00:20+00:00\" \/>\n<meta name=\"twitter:card\" content=\"summary_large_image\" \/>\n<meta name=\"twitter:label1\" content=\"Tiempo de lectura\" \/>\n\t<meta name=\"twitter:data1\" content=\"6 minutos\" \/>\n<script type=\"application\/ld+json\" class=\"yoast-schema-graph\">{\"@context\":\"https:\\\/\\\/schema.org\",\"@graph\":[{\"@type\":\"WebPage\",\"@id\":\"https:\\\/\\\/www.polocasurf.com\\\/es\\\/reservar-clases-de-surf-en-grupo\\\/\",\"url\":\"https:\\\/\\\/www.polocasurf.com\\\/es\\\/reservar-clases-de-surf-en-grupo\\\/\",\"name\":\"Reservar clases de surf en grupo - Poloca Surf\",\"isPartOf\":{\"@id\":\"https:\\\/\\\/www.polocasurf.com\\\/#website\"},\"datePublished\":\"2023-03-02T14:42:08+00:00\",\"dateModified\":\"2025-07-23T19:00:20+00:00\",\"description\":\"Reserva una clase de surf con Poloca Surf Coaching Lanzarote y comienza tu progresi\u00f3n de surf hoy.\",\"breadcrumb\":{\"@id\":\"https:\\\/\\\/www.polocasurf.com\\\/es\\\/reservar-clases-de-surf-en-grupo\\\/#breadcrumb\"},\"inLanguage\":\"es\",\"potentialAction\":[{\"@type\":\"ReadAction\",\"target\":[\"https:\\\/\\\/www.polocasurf.com\\\/es\\\/reservar-clases-de-surf-en-grupo\\\/\"]}]},{\"@type\":\"BreadcrumbList\",\"@id\":\"https:\\\/\\\/www.polocasurf.com\\\/es\\\/reservar-clases-de-surf-en-grupo\\\/#breadcrumb\",\"itemListElement\":[{\"@type\":\"ListItem\",\"position\":1,\"name\":\"Home\",\"item\":\"https:\\\/\\\/www.polocasurf.com\\\/es\\\/poloca-surf-coaching-lanzarote\\\/\"},{\"@type\":\"ListItem\",\"position\":2,\"name\":\"Reservar clases de surf en grupo\"}]},{\"@type\":\"WebSite\",\"@id\":\"https:\\\/\\\/www.polocasurf.com\\\/#website\",\"url\":\"https:\\\/\\\/www.polocasurf.com\\\/\",\"name\":\"Poloca Surf\",\"description\":\"Goal oriented surf coaching Lanzarote\",\"potentialAction\":[{\"@type\":\"SearchAction\",\"target\":{\"@type\":\"EntryPoint\",\"urlTemplate\":\"https:\\\/\\\/www.polocasurf.com\\\/?s={search_term_string}\"},\"query-input\":{\"@type\":\"PropertyValueSpecification\",\"valueRequired\":true,\"valueName\":\"search_term_string\"}}],\"inLanguage\":\"es\"}]}<\/script>\n<!-- \/ Yoast SEO plugin. -->","yoast_head_json":{"title":"Reservar clases de surf en grupo - Poloca Surf","description":"Reserva una clase de surf con Poloca Surf Coaching Lanzarote y comienza tu progresi\u00f3n de surf hoy.","robots":{"index":"index","follow":"follow","max-snippet":"max-snippet:-1","max-image-preview":"max-image-preview:large","max-video-preview":"max-video-preview:-1"},"canonical":"https:\/\/www.polocasurf.com\/es\/reservar-clases-de-surf-en-grupo\/","og_locale":"es_ES","og_type":"article","og_title":"Reservar clases de surf en grupo - Poloca Surf","og_description":"Reserva una clase de surf con Poloca Surf Coaching Lanzarote y comienza tu progresi\u00f3n de surf hoy.","og_url":"https:\/\/www.polocasurf.com\/es\/reservar-clases-de-surf-en-grupo\/","og_site_name":"Poloca Surf","article_modified_time":"2025-07-23T19:00:20+00:00","twitter_card":"summary_large_image","twitter_misc":{"Tiempo de lectura":"6 minutos"},"schema":{"@context":"https:\/\/schema.org","@graph":[{"@type":"WebPage","@id":"https:\/\/www.polocasurf.com\/es\/reservar-clases-de-surf-en-grupo\/","url":"https:\/\/www.polocasurf.com\/es\/reservar-clases-de-surf-en-grupo\/","name":"Reservar clases de surf en grupo - Poloca Surf","isPartOf":{"@id":"https:\/\/www.polocasurf.com\/#website"},"datePublished":"2023-03-02T14:42:08+00:00","dateModified":"2025-07-23T19:00:20+00:00","description":"Reserva una clase de surf con Poloca Surf Coaching Lanzarote y comienza tu progresi\u00f3n de surf hoy.","breadcrumb":{"@id":"https:\/\/www.polocasurf.com\/es\/reservar-clases-de-surf-en-grupo\/#breadcrumb"},"inLanguage":"es","potentialAction":[{"@type":"ReadAction","target":["https:\/\/www.polocasurf.com\/es\/reservar-clases-de-surf-en-grupo\/"]}]},{"@type":"BreadcrumbList","@id":"https:\/\/www.polocasurf.com\/es\/reservar-clases-de-surf-en-grupo\/#breadcrumb","itemListElement":[{"@type":"ListItem","position":1,"name":"Home","item":"https:\/\/www.polocasurf.com\/es\/poloca-surf-coaching-lanzarote\/"},{"@type":"ListItem","position":2,"name":"Reservar clases de surf en grupo"}]},{"@type":"WebSite","@id":"https:\/\/www.polocasurf.com\/#website","url":"https:\/\/www.polocasurf.com\/","name":"Poloca Surf","description":"Goal oriented surf coaching Lanzarote","potentialAction":[{"@type":"SearchAction","target":{"@type":"EntryPoint","urlTemplate":"https:\/\/www.polocasurf.com\/?s={search_term_string}"},"query-input":{"@type":"PropertyValueSpecification","valueRequired":true,"valueName":"search_term_string"}}],"inLanguage":"es"}]}},"_links":{"self":[{"href":"https:\/\/www.polocasurf.com\/es\/wp-json\/wp\/v2\/pages\/2995","targetHints":{"allow":["GET"]}}],"collection":[{"href":"https:\/\/www.polocasurf.com\/es\/wp-json\/wp\/v2\/pages"}],"about":[{"href":"https:\/\/www.polocasurf.com\/es\/wp-json\/wp\/v2\/types\/page"}],"author":[{"embeddable":true,"href":"https:\/\/www.polocasurf.com\/es\/wp-json\/wp\/v2\/users\/1"}],"replies":[{"embeddable":true,"href":"https:\/\/www.polocasurf.com\/es\/wp-json\/wp\/v2\/comments?post=2995"}],"version-history":[{"count":14,"href":"https:\/\/www.polocasurf.com\/es\/wp-json\/wp\/v2\/pages\/2995\/revisions"}],"predecessor-version":[{"id":4811,"href":"https:\/\/www.polocasurf.com\/es\/wp-json\/wp\/v2\/pages\/2995\/revisions\/4811"}],"wp:attachment":[{"href":"https:\/\/www.polocasurf.com\/es\/wp-json\/wp\/v2\/media?parent=2995"}],"curies":[{"name":"wp","href":"https:\/\/api.w.org\/{rel}","templated":true}]}}