{"id":3000,"date":"2022-03-28T21:45:19","date_gmt":"2022-03-28T21:45:19","guid":{"rendered":"https:\/\/www.polocasurf.com\/nota-legal\/"},"modified":"2025-08-14T07:53:06","modified_gmt":"2025-08-14T07:53:06","slug":"nota-legal","status":"publish","type":"page","link":"https:\/\/www.polocasurf.com\/es\/nota-legal\/","title":{"rendered":"Nota legal"},"content":{"rendered":"<div class=\"fusion-fullwidth fullwidth-box fusion-builder-row-1 fusion-flex-container nonhundred-percent-fullwidth non-hundred-percent-height-scrolling\" style=\"--awb-border-radius-top-left:0px;--awb-border-radius-top-right:0px;--awb-border-radius-bottom-right:0px;--awb-border-radius-bottom-left:0px;--awb-padding-top:30px;--awb-padding-right:60px;--awb-padding-left:60px;--awb-margin-top:10%;--awb-flex-wrap:wrap;\" ><div class=\"fusion-builder-row fusion-row fusion-flex-align-items-flex-start fusion-flex-content-wrap\" style=\"max-width:1393.6px;margin-left: calc(-4% \/ 2 );margin-right: calc(-4% \/ 2 );\"><div class=\"fusion-layout-column fusion_builder_column fusion-builder-column-0 fusion_builder_column_1_1 1_1 fusion-flex-column\" style=\"--awb-bg-size:cover;--awb-width-large:100%;--awb-margin-top-large:0px;--awb-spacing-right-large:1.92%;--awb-margin-bottom-large:20px;--awb-spacing-left-large:1.92%;--awb-width-medium:100%;--awb-order-medium:0;--awb-spacing-right-medium:1.92%;--awb-spacing-left-medium:1.92%;--awb-width-small:100%;--awb-order-small:0;--awb-spacing-right-small:1.92%;--awb-spacing-left-small:1.92%;\"><div class=\"fusion-column-wrapper fusion-column-has-shadow fusion-flex-justify-content-flex-start fusion-content-layout-column\"><div class=\"fusion-text fusion-text-1\" style=\"--awb-font-size:var(--awb-typography5-font-size);--awb-line-height:var(--awb-typography5-line-height);--awb-letter-spacing:var(--awb-typography5-letter-spacing);--awb-text-transform:none;--awb-margin-top:30px;--awb-text-font-family:var(--awb-typography5-font-family);--awb-text-font-weight:var(--awb-typography5-font-weight);--awb-text-font-style:var(--awb-typography5-font-style);\"><h2>Poloca Surf Aviso Legal<\/h2>\n<p class=\"p1\"><b>\u00daltima actualizaci\u00f3n: 26 de abril de 2024<\/b><\/p>\n<p class=\"p1\">poloca surf<\/p>\n<p class=\"p1\">Dominio de Internet <a href=\"http:\/\/www.polocasurf.com\"><span class=\"s1\">www.polocasurf.com<\/span><\/a> es propiedad de Victoria Sadoska con<\/p>\n<p class=\"p1\">NIE (IGIC \/VAT): Y3927974W<\/p>\n<p class=\"p1\">Domicilio fiscal: c\/Tinajo, Laguna 6, Lanzarote , Espa\u00f1a<\/p>\n<p class=\"p1\">Actividad :Registrada TA-3-0026132.39<\/p>\n<p class=\"p3\"><span class=\"s2\">El correo electr\u00f3nico de qui\u00e9n es <a href=\"mailto:vicky@polocasurf.com\">vicky@polocasurf.com<\/a><\/span><\/p>\n<p class=\"p1\">Tel\u00e9fono +34 678224872<\/p>\n<p>Seguro de responsabilidad civil general :<\/p>\n<p>Para clientes de Poloca Surf<\/p>\n<p>Berkley Espa\u00f1a<br \/>\nPaseo de la Castellana, 149<br \/>\n28046 Madrid<\/p>\n<p>Tel: +34 91 449 26 46<\/p>\n<p><b>Derechos de autor y funcionamiento del sitio web<\/b><\/p>\n<p class=\"p1\">El contenido, el dise\u00f1o y la estructura de navegaci\u00f3n de <a href=\"http:\/\/www.polocasurf.com\"><br \/>\n  <span class=\"s1\">www.polocasurf.com<\/span><br \/>\n<\/a> est\u00e1n protegidos por derechos de autor.<\/p>\n<p class=\"p1\">Se hace todo lo posible para que el sitio web funcione correctamente. Sin embargo, Poloca Surf, no se hace responsable de que el sitio web no est\u00e9 disponible temporalmente debido a problemas t\u00e9cnicos ajenos a nuestro control.<\/p>\n<p class=\"p1\"><strong>Descargo de responsabilidad del sitio web:<\/strong><\/p>\n<p class=\"p1\">La informaci\u00f3n facilitada por Poloca Surf en <a href=\"http:\/\/www.polocasurf.com\"><br \/>\n  <span class=\"s1\">www.polocasurf.com<\/span><br \/>\n<\/a> es s\u00f3lo para fines de informaci\u00f3n general. Toda la informaci\u00f3n del sitio se proporciona de buena fe, sin embargo no nos aseguramos de ninguna representaci\u00f3n o garant\u00eda de ning\u00fan tipo, expresa o impl\u00edcita, con respecto a la exactitud, adecuaci\u00f3n, validez, fiabilidad o integridad de cualquier informaci\u00f3n del sitio.<\/p>\n<p class=\"p1\">Bajo ninguna circunstancia seremos responsables ante ti por cualquier p\u00e9rdida o da\u00f1o de cualquier tipo que se produzca como resultado del uso del sitio o de la confianza depositada en cualquier informaci\u00f3n proporcionada en el sitio. El uso que hagas del sitio y la confianza que deposites en cualquier informaci\u00f3n contenida en \u00e9l es exclusivamente por tu cuenta y riesgo.<\/p>\n<p class=\"p1\"><strong>Descargo de responsabilidad de los testimonios<\/strong><\/p>\n<p class=\"p1\">El sitio puede contener testimonios de usuarios de servicios. Estos testimonios reflejan las experiencias y opiniones reales de dichos usuarios. Sin embargo, las experiencias son personales de esos usuarios concretos, y no son necesariamente representativas de todos los usuarios de los servicios. No pretendemos, y no debes suponer, que todos los usuarios tendr\u00e1n las mismas experiencias. Tu resultado individual puede variar.<\/p>\n<p class=\"p1\">Los testimonios enviados como texto, son revisados por nosotros antes de ser publicados. No estamos afiliados con los usuarios que proporcionan testimonios, y los usuarios no son pagados ni compensados de otro modo por los testimonios. Los puntos de vista y opiniones contenidos en los testimonios pertenecen exclusivamente al usuario individual y no reflejan nuestros puntos de vista u opiniones.<\/p>\n<p class=\"p1\"><strong>Cl\u00e1usula de exenci\u00f3n de responsabilidad sobre enlaces externos<\/strong><\/p>\n<p class=\"p1\">El sitio puede contener enlaces a otros sitios web o contenidos que pertenezcan o procedan de terceros o enlaces a sitios web y funciones en banners u otro tipo de publicidad. No investigamos, supervisamos ni comprobamos la exactitud, adecuaci\u00f3n, validez, fiabilidad, disponibilidad o integridad de dichos enlaces externos. No aseguramos, respaldamos, garantizamos ni asumimos responsabilidad alguna por la exactitud o fiabilidad de cualquier informaci\u00f3n ofrecida por sitios web de terceros enlazados a trav\u00e9s del sitio o cualquier sitio web o funci\u00f3n enlazada en cualquier banner u otra publicidad, no formaremos parte ni seremos responsables en modo alguno de supervisar cualquier transacci\u00f3n entre t\u00fa y terceros proveedores de productos o servicios.<\/p>\n<p><b>Formularios de reclamaci\u00f3n<\/b><\/p>\n<p>Las hojas de reclamaciones est\u00e1n disponibles despu\u00e9s de la clase de surf y previa solicitud en la direcci\u00f3n especificada en los datos de identificaci\u00f3n<\/p>\n<p><b>INFORMACI\u00d3N SOBRE PROTECCI\u00d3N DE DATOS PARA USUARIOS DE LA WEB<\/b><\/p>\n<p>Te informamos de que tus datos personales se procesan de acuerdo con las disposiciones del REGLAMENTO (UE) 2016\/679 sobre protecci\u00f3n de datos personales. El responsable del tratamiento de tus datos es VICTORIA SADOWSKA, S.L. con CIF Y3927974W y domicilio social sito en calle Tinajo provincia de Las Palmas C.P.:35530, con la finalidad de FICHERO CREADO PARA EL CONTROL, EVOLUCI\u00d3N Y CONTACTO DE LOS DATOS DE NUESTROS USUARIOS A NUESTRA WEB. Tus datos pueden ser tratados por terceros (los destinatarios de tus datos ser\u00e1n tratados con una finalidad contractual l\u00edcita, por ejemplo nuestra empresa de mantenimiento inform\u00e1tico) exigiendo el mismo nivel de derechos, obligaciones y responsabilidades establecidos. Tus datos se conservar\u00e1n durante el periodo estrictamente necesario. Se borrar\u00e1n cuando haya transcurrido un periodo de tiempo sin utilizarlas. Te comprometes a notificarnos cualquier variaci\u00f3n en los datos. Puedes ejercer tus derechos de acceso, rectificaci\u00f3n, limitaci\u00f3n del tratamiento, supresi\u00f3n, portabilidad y oposici\u00f3n al tratamiento de tus datos personales dirigiendo tu solicitud a la direcci\u00f3n postal indicada anteriormente o a la direcci\u00f3n de correo electr\u00f3nico VICKY@POLOCASURF.COM. Puedes dirigirte a la Autoridad de Control Competente para presentar la reclamaci\u00f3n que considere oportuna.<\/p>\n<\/div><\/div><\/div><\/div><\/div>\n","protected":false},"excerpt":{"rendered":"","protected":false},"author":1,"featured_media":0,"parent":0,"menu_order":0,"comment_status":"closed","ping_status":"closed","template":"","meta":{"_monsterinsights_skip_tracking":false,"_monsterinsights_sitenote_active":false,"_monsterinsights_sitenote_note":"","_monsterinsights_sitenote_category":0,"footnotes":""},"class_list":["post-3000","page","type-page","status-publish","hentry"],"yoast_head":"<!-- This site is optimized with the Yoast SEO plugin v27.4 - https:\/\/yoast.com\/product\/yoast-seo-wordpress\/ -->\n<title>Nota legal - Poloca Surf<\/title>\n<meta name=\"description\" content=\"aviso legal de Poloca Surf School en Lanzarote\" \/>\n<meta name=\"robots\" content=\"index, follow, max-snippet:-1, max-image-preview:large, max-video-preview:-1\" \/>\n<link rel=\"canonical\" href=\"https:\/\/www.polocasurf.com\/es\/nota-legal\/\" \/>\n<meta property=\"og:locale\" content=\"es_ES\" \/>\n<meta property=\"og:type\" content=\"article\" \/>\n<meta property=\"og:title\" content=\"Nota legal - Poloca Surf\" \/>\n<meta property=\"og:description\" content=\"aviso legal de Poloca Surf School en Lanzarote\" \/>\n<meta property=\"og:url\" content=\"https:\/\/www.polocasurf.com\/es\/nota-legal\/\" \/>\n<meta property=\"og:site_name\" content=\"Poloca Surf\" \/>\n<meta property=\"article:modified_time\" content=\"2025-08-14T07:53:06+00:00\" \/>\n<meta name=\"twitter:card\" content=\"summary_large_image\" \/>\n<meta name=\"twitter:label1\" content=\"Tiempo de lectura\" \/>\n\t<meta name=\"twitter:data1\" content=\"7 minutos\" \/>\n<script type=\"application\/ld+json\" class=\"yoast-schema-graph\">{\"@context\":\"https:\\\/\\\/schema.org\",\"@graph\":[{\"@type\":\"WebPage\",\"@id\":\"https:\\\/\\\/www.polocasurf.com\\\/es\\\/nota-legal\\\/\",\"url\":\"https:\\\/\\\/www.polocasurf.com\\\/es\\\/nota-legal\\\/\",\"name\":\"Nota legal - Poloca Surf\",\"isPartOf\":{\"@id\":\"https:\\\/\\\/www.polocasurf.com\\\/#website\"},\"datePublished\":\"2022-03-28T21:45:19+00:00\",\"dateModified\":\"2025-08-14T07:53:06+00:00\",\"description\":\"aviso legal de Poloca Surf School en Lanzarote\",\"breadcrumb\":{\"@id\":\"https:\\\/\\\/www.polocasurf.com\\\/es\\\/nota-legal\\\/#breadcrumb\"},\"inLanguage\":\"es\",\"potentialAction\":[{\"@type\":\"ReadAction\",\"target\":[\"https:\\\/\\\/www.polocasurf.com\\\/es\\\/nota-legal\\\/\"]}]},{\"@type\":\"BreadcrumbList\",\"@id\":\"https:\\\/\\\/www.polocasurf.com\\\/es\\\/nota-legal\\\/#breadcrumb\",\"itemListElement\":[{\"@type\":\"ListItem\",\"position\":1,\"name\":\"Home\",\"item\":\"https:\\\/\\\/www.polocasurf.com\\\/es\\\/\"},{\"@type\":\"ListItem\",\"position\":2,\"name\":\"Nota legal\"}]},{\"@type\":\"WebSite\",\"@id\":\"https:\\\/\\\/www.polocasurf.com\\\/#website\",\"url\":\"https:\\\/\\\/www.polocasurf.com\\\/\",\"name\":\"Poloca Surf\",\"description\":\"Goal oriented surf coaching Lanzarote\",\"potentialAction\":[{\"@type\":\"SearchAction\",\"target\":{\"@type\":\"EntryPoint\",\"urlTemplate\":\"https:\\\/\\\/www.polocasurf.com\\\/?s={search_term_string}\"},\"query-input\":{\"@type\":\"PropertyValueSpecification\",\"valueRequired\":true,\"valueName\":\"search_term_string\"}}],\"inLanguage\":\"es\"}]}<\/script>\n<!-- \/ Yoast SEO plugin. -->","yoast_head_json":{"title":"Nota legal - Poloca Surf","description":"aviso legal de Poloca Surf School en Lanzarote","robots":{"index":"index","follow":"follow","max-snippet":"max-snippet:-1","max-image-preview":"max-image-preview:large","max-video-preview":"max-video-preview:-1"},"canonical":"https:\/\/www.polocasurf.com\/es\/nota-legal\/","og_locale":"es_ES","og_type":"article","og_title":"Nota legal - Poloca Surf","og_description":"aviso legal de Poloca Surf School en Lanzarote","og_url":"https:\/\/www.polocasurf.com\/es\/nota-legal\/","og_site_name":"Poloca Surf","article_modified_time":"2025-08-14T07:53:06+00:00","twitter_card":"summary_large_image","twitter_misc":{"Tiempo de lectura":"7 minutos"},"schema":{"@context":"https:\/\/schema.org","@graph":[{"@type":"WebPage","@id":"https:\/\/www.polocasurf.com\/es\/nota-legal\/","url":"https:\/\/www.polocasurf.com\/es\/nota-legal\/","name":"Nota legal - Poloca Surf","isPartOf":{"@id":"https:\/\/www.polocasurf.com\/#website"},"datePublished":"2022-03-28T21:45:19+00:00","dateModified":"2025-08-14T07:53:06+00:00","description":"aviso legal de Poloca Surf School en Lanzarote","breadcrumb":{"@id":"https:\/\/www.polocasurf.com\/es\/nota-legal\/#breadcrumb"},"inLanguage":"es","potentialAction":[{"@type":"ReadAction","target":["https:\/\/www.polocasurf.com\/es\/nota-legal\/"]}]},{"@type":"BreadcrumbList","@id":"https:\/\/www.polocasurf.com\/es\/nota-legal\/#breadcrumb","itemListElement":[{"@type":"ListItem","position":1,"name":"Home","item":"https:\/\/www.polocasurf.com\/es\/"},{"@type":"ListItem","position":2,"name":"Nota legal"}]},{"@type":"WebSite","@id":"https:\/\/www.polocasurf.com\/#website","url":"https:\/\/www.polocasurf.com\/","name":"Poloca Surf","description":"Goal oriented surf coaching Lanzarote","potentialAction":[{"@type":"SearchAction","target":{"@type":"EntryPoint","urlTemplate":"https:\/\/www.polocasurf.com\/?s={search_term_string}"},"query-input":{"@type":"PropertyValueSpecification","valueRequired":true,"valueName":"search_term_string"}}],"inLanguage":"es"}]}},"_links":{"self":[{"href":"https:\/\/www.polocasurf.com\/es\/wp-json\/wp\/v2\/pages\/3000","targetHints":{"allow":["GET"]}}],"collection":[{"href":"https:\/\/www.polocasurf.com\/es\/wp-json\/wp\/v2\/pages"}],"about":[{"href":"https:\/\/www.polocasurf.com\/es\/wp-json\/wp\/v2\/types\/page"}],"author":[{"embeddable":true,"href":"https:\/\/www.polocasurf.com\/es\/wp-json\/wp\/v2\/users\/1"}],"replies":[{"embeddable":true,"href":"https:\/\/www.polocasurf.com\/es\/wp-json\/wp\/v2\/comments?post=3000"}],"version-history":[{"count":16,"href":"https:\/\/www.polocasurf.com\/es\/wp-json\/wp\/v2\/pages\/3000\/revisions"}],"predecessor-version":[{"id":4878,"href":"https:\/\/www.polocasurf.com\/es\/wp-json\/wp\/v2\/pages\/3000\/revisions\/4878"}],"wp:attachment":[{"href":"https:\/\/www.polocasurf.com\/es\/wp-json\/wp\/v2\/media?parent=3000"}],"curies":[{"name":"wp","href":"https:\/\/api.w.org\/{rel}","templated":true}]}}