{"id":3010,"date":"2022-03-05T22:44:38","date_gmt":"2022-03-05T22:44:38","guid":{"rendered":"https:\/\/www.polocasurf.com\/clases-de-surf-en-grupos-reducidos-lanzarote\/"},"modified":"2022-04-18T17:01:42","modified_gmt":"2022-04-18T17:01:42","slug":"clases-de-surf-en-grupos-reducidos-lanzarote","status":"publish","type":"page","link":"https:\/\/www.polocasurf.com\/es\/clases-de-surf-en-grupos-reducidos-lanzarote\/","title":{"rendered":"Clases de surf en grupos reducidos Lanzarote"},"content":{"rendered":"<p><div class=\"fusion-fullwidth fullwidth-box fusion-builder-row-1 fusion-flex-container nonhundred-percent-fullwidth non-hundred-percent-height-scrolling\" style=\"--link_color: var(--awb-color3);--awb-border-radius-top-left:0px;--awb-border-radius-top-right:0px;--awb-border-radius-bottom-right:0px;--awb-border-radius-bottom-left:0px;--awb-padding-right:60px;--awb-padding-left:60px;--awb-padding-right-small:30px;--awb-padding-left-small:30px;--awb-margin-top:23%;--awb-margin-bottom:4%;--awb-background-color:rgba(255,255,255,0);--awb-flex-wrap:wrap;\" ><div class=\"fusion-builder-row fusion-row fusion-flex-align-items-center fusion-flex-content-wrap\" style=\"max-width:1393.6px;margin-left: calc(-4% \/ 2 );margin-right: calc(-4% \/ 2 );\"><div class=\"fusion-layout-column fusion_builder_column fusion-builder-column-0 fusion_builder_column_1_1 1_1 fusion-flex-column\" style=\"--awb-padding-right-small:0px;--awb-padding-left-small:0px;--awb-bg-size:cover;--awb-width-large:100%;--awb-margin-top-large:0px;--awb-spacing-right-large:1.92%;--awb-margin-bottom-large:20px;--awb-spacing-left-large:1.92%;--awb-width-medium:100%;--awb-order-medium:0;--awb-spacing-right-medium:1.92%;--awb-spacing-left-medium:1.92%;--awb-width-small:100%;--awb-order-small:0;--awb-spacing-right-small:0%;--awb-spacing-left-small:0%;\"><div class=\"fusion-column-wrapper fusion-column-has-shadow fusion-flex-justify-content-flex-start fusion-content-layout-column\"><div class=\"fusion-title title fusion-title-1 fusion-sep-none fusion-title-text fusion-title-size-one\" style=\"--awb-text-color:var(--awb-color1);--awb-margin-top:10%;--awb-margin-top-small:10px;--awb-margin-right-small:0px;--awb-margin-bottom-small:10px;--awb-margin-left-small:0px;--awb-font-size:80px;\"><h1 class=\"fusion-title-heading title-heading-left fusion-responsive-typography-calculated\" style=\"margin:0;text-transform:none;font-size:1em;--fontSize:80;line-height:1.4;\"><span data-fusion-font=\"true\" data-fusion-google-font=\"Anonymous Pro\" data-fusion-google-variant=\"400\" style=\"font-family: 'Anonymous Pro';\">Clases de surf Lanzarote<\/span><\/h1><\/div><div class=\"fusion-separator fusion-full-width-sep\" style=\"align-self: center;margin-left: auto;margin-right: auto;margin-bottom:4%;width:100%;\"><div class=\"fusion-separator-border sep-single\" style=\"--awb-height:20px;--awb-amount:20px;--awb-sep-color:var(--awb-color1);border-color:var(--awb-color1);border-top-width:1px;\"><\/div><\/div><div class=\"fusion-text fusion-text-1\" style=\"--awb-text-transform:none;--awb-text-color:#ffffff;\"><p><span style=\"font-size: 34px; line-height: 1.4;\" data-fusion-font=\"true\">Poloca Surf ofrece clases de surf en grupos peque\u00f1os para asegurar que aproveches al m\u00e1ximo la lecci\u00f3n. <\/span><\/p>\n<\/div><\/div><\/div><\/div><\/div><div class=\"fusion-fullwidth fullwidth-box fusion-builder-row-2 fusion-flex-container nonhundred-percent-fullwidth non-hundred-percent-height-scrolling\" style=\"--awb-border-radius-top-left:0px;--awb-border-radius-top-right:0px;--awb-border-radius-bottom-right:0px;--awb-border-radius-bottom-left:0px;--awb-padding-top:6%;--awb-padding-right:60px;--awb-padding-left:60px;--awb-padding-top-small:79.9141px;--awb-padding-right-small:40px;--awb-padding-left-small:40px;--awb-margin-top:50px;--awb-background-color:var(--awb-custom_color_8);--awb-flex-wrap:wrap;\" ><div class=\"fusion-builder-row fusion-row fusion-flex-align-items-flex-start fusion-flex-content-wrap\" style=\"max-width:1393.6px;margin-left: calc(-4% \/ 2 );margin-right: calc(-4% \/ 2 );\"><div class=\"fusion-layout-column fusion_builder_column fusion-builder-column-1 fusion_builder_column_3_4 3_4 fusion-flex-column\" style=\"--awb-padding-right-small:0px;--awb-padding-left-small:0px;--awb-bg-size:cover;--awb-width-large:75%;--awb-margin-top-large:0px;--awb-spacing-right-large:2.56%;--awb-margin-bottom-large:4%;--awb-spacing-left-large:2.56%;--awb-width-medium:75%;--awb-order-medium:0;--awb-spacing-right-medium:2.56%;--awb-spacing-left-medium:2.56%;--awb-width-small:100%;--awb-order-small:0;--awb-spacing-right-small:0%;--awb-spacing-left-small:1.92%;\"><div class=\"fusion-column-wrapper fusion-column-has-shadow fusion-flex-justify-content-flex-start fusion-content-layout-column\"><div class=\"fusion-title title fusion-title-2 fusion-sep-none fusion-title-text fusion-title-size-three\" style=\"--awb-margin-top-small:10px;--awb-margin-right-small:0px;--awb-margin-bottom-small:10px;--awb-margin-left-small:0px;\"><h3 class=\"fusion-title-heading title-heading-left fusion-responsive-typography-calculated\" style=\"margin:0;text-transform:none;--fontSize:32;line-height:var(--awb-typography1-line-height);\">Clases de surf en grupos reducidos<\/h3><\/div><div class=\"fusion-text fusion-text-2 fusion-text-no-margin\" style=\"--awb-text-transform:none;--awb-margin-right:0px;--awb-margin-bottom:4%;--awb-margin-left:0px;\"><p>Clases de surf de longboard y shortboard dise\u00f1adas para adaptarse a cualquier nivel de ambici\u00f3n para adultos o ni\u00f1os en un grupo reducido de m\u00e1ximo 4 personas.<\/p>\n<h6>INCLUYE:<\/h6>\n<ul>\n<li>Entrenamiento de surf personalizado y a medida<\/li>\n<li>Hace coincidir las condiciones de surf con el nivel de los estudiantes<\/li>\n<li>Todo el equipo necesario para la clase de surf.<\/li>\n<li>Cronometraje para asegurar la marea correcta<\/li>\n<li>Grupo m\u00e1ximo de cuatro<\/li>\n<\/ul>\n<\/div><div ><a class=\"fusion-button button-flat fusion-button-default-size button-custom fusion-button-default button-1 fusion-button-default-span \" style=\"--awb-padding-top:5px;--awb-padding-right:40px;--awb-padding-bottom:5px;--awb-padding-left:40px;--button_accent_color:var(--awb-color1);--button_border_color:var(--awb-custom_color_8);--button_accent_hover_color:var(--awb-color1);--button_border_hover_color:var(--awb-custom_color_1);--button_border_width-top:0;--button_border_width-right:0;--button_border_width-bottom:0;--button_border_width-left:0;--button-border-radius-top-left:0;--button-border-radius-top-right:0;--button-border-radius-bottom-right:0;--button-border-radius-bottom-left:0;--button_gradient_top_color:var(--awb-color4);--button_gradient_bottom_color:var(--awb-color4);--button_gradient_top_color_hover:var(--awb-custom_color_1);--button_gradient_bottom_color_hover:var(--awb-custom_color_1);--button_text_transform:uppercase;--button_font_size:14px;--button_line_height:var(--awb-typography5-line-height);--button_typography-letter-spacing:0.015em;--button_typography-font-family:var(--awb-typography5-font-family);--button_typography-font-weight:var(--awb-typography5-font-weight);--button_typography-font-style:var(--awb-typography5-font-style);\" target=\"_self\" href=\"https:\/\/polocasurf.com\/book-group-surf-classes\/\"><span class=\"fusion-button-text awb-button__text awb-button__text--default\">Reservar ahora<\/span><\/a><\/div><div class=\"fusion-separator fusion-full-width-sep\" style=\"align-self: center;margin-left: auto;margin-right: auto;margin-top:60px;margin-bottom:50px;width:100%;\"><div class=\"fusion-separator-border sep-single sep-solid\" style=\"--awb-height:20px;--awb-amount:20px;--awb-sep-color:var(--awb-color7);border-color:var(--awb-color7);border-top-width:1px;\"><\/div><\/div><\/div><\/div><div class=\"fusion-layout-column fusion_builder_column fusion-builder-column-2 fusion_builder_column_1_4 1_4 fusion-flex-column\" style=\"--awb-bg-size:cover;--awb-width-large:25%;--awb-margin-top-large:0px;--awb-spacing-right-large:7.68%;--awb-margin-bottom-large:20px;--awb-spacing-left-large:7.68%;--awb-width-medium:25%;--awb-order-medium:0;--awb-spacing-right-medium:7.68%;--awb-spacing-left-medium:7.68%;--awb-width-small:100%;--awb-order-small:0;--awb-spacing-right-small:1.92%;--awb-spacing-left-small:1.92%;\"><div class=\"fusion-column-wrapper fusion-column-has-shadow fusion-flex-justify-content-flex-start fusion-content-layout-column\"><div class=\"fusion-image-element \" style=\"--awb-margin-bottom-small:50px;--awb-caption-title-font-family:var(--h2_typography-font-family);--awb-caption-title-font-weight:var(--h2_typography-font-weight);--awb-caption-title-font-style:var(--h2_typography-font-style);--awb-caption-title-size:var(--h2_typography-font-size);--awb-caption-title-transform:var(--h2_typography-text-transform);--awb-caption-title-line-height:var(--h2_typography-line-height);--awb-caption-title-letter-spacing:var(--h2_typography-letter-spacing);\"><span class=\" fusion-imageframe imageframe-none imageframe-1 hover-type-none\" style=\"border-radius:10px;\"><img decoding=\"async\" width=\"600\" height=\"600\" alt=\"Clase de surf para mujeres en Famara Lanzarote\" title=\"Poloca Surf Private surf class Lanzarote_\" src=\"https:\/\/www.polocasurf.com\/wp-content\/uploads\/2022\/01\/Poloca-Surf-Private-surf-class-Lanzarote_.jpg\" data-orig-src=\"https:\/\/www.polocasurf.com\/wp-content\/uploads\/2022\/01\/Poloca-Surf-Private-surf-class-Lanzarote_.jpg\" class=\"lazyload img-responsive wp-image-2926\" srcset=\"data:image\/svg+xml,%3Csvg%20xmlns%3D%27http%3A%2F%2Fwww.w3.org%2F2000%2Fsvg%27%20width%3D%27600%27%20height%3D%27600%27%20viewBox%3D%270%200%20600%20600%27%3E%3Crect%20width%3D%27600%27%20height%3D%27600%27%20fill-opacity%3D%220%22%2F%3E%3C%2Fsvg%3E\" data-srcset=\"https:\/\/www.polocasurf.com\/wp-content\/uploads\/2022\/01\/Poloca-Surf-Private-surf-class-Lanzarote_-200x200.jpg 200w, https:\/\/www.polocasurf.com\/wp-content\/uploads\/2022\/01\/Poloca-Surf-Private-surf-class-Lanzarote_-400x400.jpg 400w, https:\/\/www.polocasurf.com\/wp-content\/uploads\/2022\/01\/Poloca-Surf-Private-surf-class-Lanzarote_.jpg 600w\" data-sizes=\"auto\" data-orig-sizes=\"(max-width: 720px) 100vw, 400px\" \/><\/span><\/div><\/div><\/div><\/div><\/div><\/p>\n","protected":false},"excerpt":{"rendered":"","protected":false},"author":1,"featured_media":0,"parent":0,"menu_order":0,"comment_status":"closed","ping_status":"closed","template":"100-width.php","meta":{"_monsterinsights_skip_tracking":false,"_monsterinsights_sitenote_active":false,"_monsterinsights_sitenote_note":"","_monsterinsights_sitenote_category":0,"footnotes":""},"class_list":["post-3010","page","type-page","status-publish","hentry"],"yoast_head":"<!-- This site is optimized with the Yoast SEO plugin v27.4 - https:\/\/yoast.com\/product\/yoast-seo-wordpress\/ -->\n<title>Clases de surf en grupos reducidos Lanzarote - Poloca Surf<\/title>\n<meta name=\"description\" content=\"Poloca Surf coaching Lanzarote, ofrece clases de surf orientadas a objetivos para surfistas que buscan mejorar su nivel, o para probar por primera vez.\" \/>\n<meta name=\"robots\" content=\"index, follow, max-snippet:-1, max-image-preview:large, max-video-preview:-1\" \/>\n<link rel=\"canonical\" href=\"https:\/\/www.polocasurf.com\/es\/clases-de-surf-en-grupos-reducidos-lanzarote\/\" \/>\n<meta property=\"og:locale\" content=\"es_ES\" \/>\n<meta property=\"og:type\" content=\"article\" \/>\n<meta property=\"og:title\" content=\"Clases de surf en grupos reducidos Lanzarote - Poloca Surf\" \/>\n<meta property=\"og:description\" content=\"Poloca Surf coaching Lanzarote, ofrece clases de surf orientadas a objetivos para surfistas que buscan mejorar su nivel, o para probar por primera vez.\" \/>\n<meta property=\"og:url\" content=\"https:\/\/www.polocasurf.com\/es\/clases-de-surf-en-grupos-reducidos-lanzarote\/\" \/>\n<meta property=\"og:site_name\" content=\"Poloca Surf\" \/>\n<meta property=\"article:modified_time\" content=\"2022-04-18T17:01:42+00:00\" \/>\n<meta name=\"twitter:card\" content=\"summary_large_image\" \/>\n<meta name=\"twitter:label1\" content=\"Tiempo de lectura\" \/>\n\t<meta name=\"twitter:data1\" content=\"7 minutos\" \/>\n<script type=\"application\/ld+json\" class=\"yoast-schema-graph\">{\"@context\":\"https:\\\/\\\/schema.org\",\"@graph\":[{\"@type\":\"WebPage\",\"@id\":\"https:\\\/\\\/www.polocasurf.com\\\/es\\\/clases-de-surf-en-grupos-reducidos-lanzarote\\\/\",\"url\":\"https:\\\/\\\/www.polocasurf.com\\\/es\\\/clases-de-surf-en-grupos-reducidos-lanzarote\\\/\",\"name\":\"Clases de surf en grupos reducidos Lanzarote - Poloca Surf\",\"isPartOf\":{\"@id\":\"https:\\\/\\\/www.polocasurf.com\\\/#website\"},\"datePublished\":\"2022-03-05T22:44:38+00:00\",\"dateModified\":\"2022-04-18T17:01:42+00:00\",\"description\":\"Poloca Surf coaching Lanzarote, ofrece clases de surf orientadas a objetivos para surfistas que buscan mejorar su nivel, o para probar por primera vez.\",\"breadcrumb\":{\"@id\":\"https:\\\/\\\/www.polocasurf.com\\\/es\\\/clases-de-surf-en-grupos-reducidos-lanzarote\\\/#breadcrumb\"},\"inLanguage\":\"es\",\"potentialAction\":[{\"@type\":\"ReadAction\",\"target\":[\"https:\\\/\\\/www.polocasurf.com\\\/es\\\/clases-de-surf-en-grupos-reducidos-lanzarote\\\/\"]}]},{\"@type\":\"BreadcrumbList\",\"@id\":\"https:\\\/\\\/www.polocasurf.com\\\/es\\\/clases-de-surf-en-grupos-reducidos-lanzarote\\\/#breadcrumb\",\"itemListElement\":[{\"@type\":\"ListItem\",\"position\":1,\"name\":\"Home\",\"item\":\"https:\\\/\\\/www.polocasurf.com\\\/es\\\/\"},{\"@type\":\"ListItem\",\"position\":2,\"name\":\"Clases de surf en grupos reducidos Lanzarote\"}]},{\"@type\":\"WebSite\",\"@id\":\"https:\\\/\\\/www.polocasurf.com\\\/#website\",\"url\":\"https:\\\/\\\/www.polocasurf.com\\\/\",\"name\":\"Poloca Surf\",\"description\":\"Goal oriented surf coaching Lanzarote\",\"potentialAction\":[{\"@type\":\"SearchAction\",\"target\":{\"@type\":\"EntryPoint\",\"urlTemplate\":\"https:\\\/\\\/www.polocasurf.com\\\/?s={search_term_string}\"},\"query-input\":{\"@type\":\"PropertyValueSpecification\",\"valueRequired\":true,\"valueName\":\"search_term_string\"}}],\"inLanguage\":\"es\"}]}<\/script>\n<!-- \/ Yoast SEO plugin. -->","yoast_head_json":{"title":"Clases de surf en grupos reducidos Lanzarote - Poloca Surf","description":"Poloca Surf coaching Lanzarote, ofrece clases de surf orientadas a objetivos para surfistas que buscan mejorar su nivel, o para probar por primera vez.","robots":{"index":"index","follow":"follow","max-snippet":"max-snippet:-1","max-image-preview":"max-image-preview:large","max-video-preview":"max-video-preview:-1"},"canonical":"https:\/\/www.polocasurf.com\/es\/clases-de-surf-en-grupos-reducidos-lanzarote\/","og_locale":"es_ES","og_type":"article","og_title":"Clases de surf en grupos reducidos Lanzarote - Poloca Surf","og_description":"Poloca Surf coaching Lanzarote, ofrece clases de surf orientadas a objetivos para surfistas que buscan mejorar su nivel, o para probar por primera vez.","og_url":"https:\/\/www.polocasurf.com\/es\/clases-de-surf-en-grupos-reducidos-lanzarote\/","og_site_name":"Poloca Surf","article_modified_time":"2022-04-18T17:01:42+00:00","twitter_card":"summary_large_image","twitter_misc":{"Tiempo de lectura":"7 minutos"},"schema":{"@context":"https:\/\/schema.org","@graph":[{"@type":"WebPage","@id":"https:\/\/www.polocasurf.com\/es\/clases-de-surf-en-grupos-reducidos-lanzarote\/","url":"https:\/\/www.polocasurf.com\/es\/clases-de-surf-en-grupos-reducidos-lanzarote\/","name":"Clases de surf en grupos reducidos Lanzarote - Poloca Surf","isPartOf":{"@id":"https:\/\/www.polocasurf.com\/#website"},"datePublished":"2022-03-05T22:44:38+00:00","dateModified":"2022-04-18T17:01:42+00:00","description":"Poloca Surf coaching Lanzarote, ofrece clases de surf orientadas a objetivos para surfistas que buscan mejorar su nivel, o para probar por primera vez.","breadcrumb":{"@id":"https:\/\/www.polocasurf.com\/es\/clases-de-surf-en-grupos-reducidos-lanzarote\/#breadcrumb"},"inLanguage":"es","potentialAction":[{"@type":"ReadAction","target":["https:\/\/www.polocasurf.com\/es\/clases-de-surf-en-grupos-reducidos-lanzarote\/"]}]},{"@type":"BreadcrumbList","@id":"https:\/\/www.polocasurf.com\/es\/clases-de-surf-en-grupos-reducidos-lanzarote\/#breadcrumb","itemListElement":[{"@type":"ListItem","position":1,"name":"Home","item":"https:\/\/www.polocasurf.com\/es\/"},{"@type":"ListItem","position":2,"name":"Clases de surf en grupos reducidos Lanzarote"}]},{"@type":"WebSite","@id":"https:\/\/www.polocasurf.com\/#website","url":"https:\/\/www.polocasurf.com\/","name":"Poloca Surf","description":"Goal oriented surf coaching Lanzarote","potentialAction":[{"@type":"SearchAction","target":{"@type":"EntryPoint","urlTemplate":"https:\/\/www.polocasurf.com\/?s={search_term_string}"},"query-input":{"@type":"PropertyValueSpecification","valueRequired":true,"valueName":"search_term_string"}}],"inLanguage":"es"}]}},"_links":{"self":[{"href":"https:\/\/www.polocasurf.com\/es\/wp-json\/wp\/v2\/pages\/3010","targetHints":{"allow":["GET"]}}],"collection":[{"href":"https:\/\/www.polocasurf.com\/es\/wp-json\/wp\/v2\/pages"}],"about":[{"href":"https:\/\/www.polocasurf.com\/es\/wp-json\/wp\/v2\/types\/page"}],"author":[{"embeddable":true,"href":"https:\/\/www.polocasurf.com\/es\/wp-json\/wp\/v2\/users\/1"}],"replies":[{"embeddable":true,"href":"https:\/\/www.polocasurf.com\/es\/wp-json\/wp\/v2\/comments?post=3010"}],"version-history":[{"count":3,"href":"https:\/\/www.polocasurf.com\/es\/wp-json\/wp\/v2\/pages\/3010\/revisions"}],"predecessor-version":[{"id":3014,"href":"https:\/\/www.polocasurf.com\/es\/wp-json\/wp\/v2\/pages\/3010\/revisions\/3014"}],"wp:attachment":[{"href":"https:\/\/www.polocasurf.com\/es\/wp-json\/wp\/v2\/media?parent=3010"}],"curies":[{"name":"wp","href":"https:\/\/api.w.org\/{rel}","templated":true}]}}