{"id":4170,"date":"2022-07-24T11:18:13","date_gmt":"2022-07-24T11:18:13","guid":{"rendered":"https:\/\/www.polocasurf.com\/que-debo-saber-antes-de-mi-primera-clase-de-surf\/"},"modified":"2023-06-19T19:41:32","modified_gmt":"2023-06-19T19:41:32","slug":"que-debo-saber-antes-de-mi-primera-clase-de-surf","status":"publish","type":"page","link":"https:\/\/www.polocasurf.com\/es\/que-debo-saber-antes-de-mi-primera-clase-de-surf\/","title":{"rendered":"\u00bfQu\u00e9 debo saber antes de mi primera clase de surf?"},"content":{"rendered":"<div class=\"fusion-fullwidth fullwidth-box fusion-builder-row-1 fusion-flex-container nonhundred-percent-fullwidth non-hundred-percent-height-scrolling\" style=\"--awb-border-radius-top-left:0px;--awb-border-radius-top-right:0px;--awb-border-radius-bottom-right:0px;--awb-border-radius-bottom-left:0px;--awb-padding-right:200px;--awb-padding-left:200px;--awb-padding-right-small:0px;--awb-padding-left-small:0px;--awb-margin-top:14%;--awb-margin-bottom:10%;--awb-margin-top-small:50%;--awb-flex-wrap:wrap;\" ><div class=\"fusion-builder-row fusion-row fusion-flex-align-items-center fusion-flex-justify-content-center fusion-flex-content-wrap\" style=\"max-width:1393.6px;margin-left: calc(-4% \/ 2 );margin-right: calc(-4% \/ 2 );\"><div class=\"fusion-layout-column fusion_builder_column fusion-builder-column-0 fusion_builder_column_1_1 1_1 fusion-flex-column\" style=\"--awb-bg-blend:overlay;--awb-bg-size:cover;--awb-width-large:100%;--awb-margin-top-large:0px;--awb-spacing-right-large:1.92%;--awb-margin-bottom-large:0px;--awb-spacing-left-large:1.92%;--awb-width-medium:100%;--awb-spacing-right-medium:1.92%;--awb-spacing-left-medium:1.92%;--awb-width-small:100%;--awb-spacing-right-small:1.92%;--awb-spacing-left-small:1.92%;\"><div class=\"fusion-column-wrapper fusion-flex-justify-content-flex-start fusion-content-layout-column\"><div class=\"fusion-title title fusion-title-1 fusion-sep-none fusion-title-text fusion-title-size-one\" style=\"--awb-text-color:var(--awb-color8);--awb-margin-bottom:6%;--awb-margin-top-small:10px;--awb-margin-right-small:0px;--awb-margin-bottom-small:10px;--awb-margin-left-small:0px;--awb-font-size:55px;\"><h1 class=\"fusion-title-heading title-heading-left fusion-responsive-typography-calculated\" style=\"font-family:var(--awb-typography1-font-family);font-weight:var(--awb-typography1-font-weight);font-style:var(--awb-typography1-font-style);margin:0;letter-spacing:var(--awb-typography1-letter-spacing);text-transform:none;font-size:1em;--fontSize:55;line-height:var(--awb-typography1-line-height);\"><b>\u00bfQu\u00e9 debo saber antes de mi primera clase de surf?<\/b><b><\/b><\/h1><\/div><div class=\"fusion-text fusion-text-1 fusion-text-no-margin\" style=\"--awb-margin-bottom:10%;--awb-text-font-family:var(--awb-typography5-font-family);--awb-text-font-weight:var(--awb-typography5-font-weight);--awb-text-font-style:var(--awb-typography5-font-style);\"><p class=\"p1\" style=\"font-family: Varta; font-weight: 500; font-size: 25px; color: var(--awb-color8);\" data-fusion-font=\"true\" data-fusion-google-font=\"Varta\" data-fusion-google-variant=\"500\">Antes de la primera clase de surf, es posible que sienta una combinaci\u00f3n de emoci\u00f3n y nerviosismo. Ac\u00e9rcate con una mentalidad abierta y una actitud positiva. En este post, quiero contarte lo que debes saber antes de tu primera clase de surf.<\/p>\n<p class=\"p1\" style=\"font-family: Varta; font-weight: 500; font-size: 25px; color: var(--awb-color7);\" data-fusion-font=\"true\" data-fusion-google-font=\"Varta\" data-fusion-google-variant=\"500\"><img decoding=\"async\" class=\"lazyload alignnone size-large wp-image-3443\" src=\"https:\/\/www.polocasurf.com\/wp-content\/uploads\/2022\/07\/IMG_3305-1024x768.jpg\" data-orig-src=\"https:\/\/www.polocasurf.com\/wp-content\/uploads\/2022\/07\/IMG_3305-1024x768.jpg\" alt=\"\" width=\"1024\" height=\"768\" srcset=\"data:image\/svg+xml,%3Csvg%20xmlns%3D%27http%3A%2F%2Fwww.w3.org%2F2000%2Fsvg%27%20width%3D%271024%27%20height%3D%27768%27%20viewBox%3D%270%200%201024%20768%27%3E%3Crect%20width%3D%271024%27%20height%3D%27768%27%20fill-opacity%3D%220%22%2F%3E%3C%2Fsvg%3E\" data-srcset=\"https:\/\/www.polocasurf.com\/wp-content\/uploads\/2022\/07\/IMG_3305-200x150.jpg 200w, https:\/\/www.polocasurf.com\/wp-content\/uploads\/2022\/07\/IMG_3305-300x225.jpg 300w, https:\/\/www.polocasurf.com\/wp-content\/uploads\/2022\/07\/IMG_3305-400x300.jpg 400w, https:\/\/www.polocasurf.com\/wp-content\/uploads\/2022\/07\/IMG_3305-600x450.jpg 600w, https:\/\/www.polocasurf.com\/wp-content\/uploads\/2022\/07\/IMG_3305-768x576.jpg 768w, https:\/\/www.polocasurf.com\/wp-content\/uploads\/2022\/07\/IMG_3305-800x600.jpg 800w, https:\/\/www.polocasurf.com\/wp-content\/uploads\/2022\/07\/IMG_3305-1024x768.jpg 1024w, https:\/\/www.polocasurf.com\/wp-content\/uploads\/2022\/07\/IMG_3305-1200x900.jpg 1200w, https:\/\/www.polocasurf.com\/wp-content\/uploads\/2022\/07\/IMG_3305.jpg 1280w\" data-sizes=\"auto\" data-orig-sizes=\"(max-width: 1024px) 100vw, 1024px\" \/><\/p>\n<\/div><div class=\"fusion-text fusion-text-2\" style=\"--awb-text-font-family:var(--awb-typography5-font-family);--awb-text-font-weight:var(--awb-typography5-font-weight);--awb-text-font-style:var(--awb-typography5-font-style);\"><p class=\"p3\"><b style=\"font-family: Varta; font-size: 30px; letter-spacing: normal; font-weight: 300;\" data-fusion-font=\"true\" data-fusion-google-font=\"Varta\" data-fusion-google-variant=\"300\">Protector solar<\/b><\/p>\n<p><img decoding=\"async\" class=\"lazyload alignright wp-image-3440 size-medium\" src=\"https:\/\/www.polocasurf.com\/wp-content\/uploads\/2022\/07\/krem-przeciwsloneczny-300x300.jpg\" data-orig-src=\"https:\/\/www.polocasurf.com\/wp-content\/uploads\/2022\/07\/krem-przeciwsloneczny-300x300.jpg\" alt=\"\" width=\"300\" height=\"300\" srcset=\"data:image\/svg+xml,%3Csvg%20xmlns%3D%27http%3A%2F%2Fwww.w3.org%2F2000%2Fsvg%27%20width%3D%27300%27%20height%3D%27300%27%20viewBox%3D%270%200%20300%20300%27%3E%3Crect%20width%3D%27300%27%20height%3D%27300%27%20fill-opacity%3D%220%22%2F%3E%3C%2Fsvg%3E\" data-srcset=\"https:\/\/www.polocasurf.com\/wp-content\/uploads\/2022\/07\/krem-przeciwsloneczny-66x66.jpg 66w, https:\/\/www.polocasurf.com\/wp-content\/uploads\/2022\/07\/krem-przeciwsloneczny-150x150.jpg 150w, https:\/\/www.polocasurf.com\/wp-content\/uploads\/2022\/07\/krem-przeciwsloneczny-200x200.jpg 200w, https:\/\/www.polocasurf.com\/wp-content\/uploads\/2022\/07\/krem-przeciwsloneczny-300x300.jpg 300w, https:\/\/www.polocasurf.com\/wp-content\/uploads\/2022\/07\/krem-przeciwsloneczny-400x400.jpg 400w, https:\/\/www.polocasurf.com\/wp-content\/uploads\/2022\/07\/krem-przeciwsloneczny-600x600.jpg 600w, https:\/\/www.polocasurf.com\/wp-content\/uploads\/2022\/07\/krem-przeciwsloneczny-768x768.jpg 768w, https:\/\/www.polocasurf.com\/wp-content\/uploads\/2022\/07\/krem-przeciwsloneczny-800x800.jpg 800w, https:\/\/www.polocasurf.com\/wp-content\/uploads\/2022\/07\/krem-przeciwsloneczny.jpg 850w\" data-sizes=\"auto\" data-orig-sizes=\"(max-width: 300px) 100vw, 300px\" \/><\/p>\n<p class=\"p1\">Invierte en una buena crema solar con un factor de protecci\u00f3n elevado y ll\u00e9vatela a la playa. Muy a menudo oigo decir a los estudiantes que quieren tomar el sol, por lo que no quieren usar crema, las quemaduras solares son inevitables.<\/p>\n<p class=\"p1\">Cuando practicamos surf, pasamos muchas horas en el agua y al sol durante mucho tiempo. No se deje enga\u00f1ar por un d\u00eda nublado, los rayos UV siguen ah\u00ed. Por eso siempre es conveniente aplicar una buena crema solar.<\/p>\n<p class=\"p1\">Recomiendo especialmente las cremas respetuosas con el oc\u00e9ano con un FPS alto de +50. Los surfistas suelen utilizar cremas en barra que permanecen en la piel durante horas (se pueden adquirir en tiendas de surf o en Internet).<\/p>\n<p class=\"p1\">Si vas a surfear en agua fr\u00eda y vas a hacer una clase de surf con traje largo, te lo advierto: es muy f\u00e1cil quemarse la parte superior de los pies (porque a\u00fan est\u00e1n mojados), la cara (sobre todo las orejas o los labios) y el cuello.<\/p>\n<p class=\"p1\">Si practicas surf en aguas c\u00e1lidas, te vendr\u00e1 bien usar una lycra, que protege de los rayos UV.<\/p>\n<p class=\"p3\"><b style=\"font-family: Varta; font-weight: 300; font-size: 30px; line-height: 40px;\" data-fusion-font=\"true\" data-fusion-google-font=\"Varta\" data-fusion-google-variant=\"300\">\u00bfQu\u00e9 llevan los surfistas debajo del traje de neopreno?<\/b><\/p>\n<p class=\"p1\">Definitivamente un bikini o ba\u00f1ador. Los hombres suelen llevar boardshorts, pero resultan poco pr\u00e1cticos cuando tienen que apretarlos bajo el traje de neopreno. Los pantalones cortos de nataci\u00f3n funcionar\u00e1n muy bien.<\/p>\n<p class=\"p1\">Ten en cuenta que un traje de neopreno te mantiene caliente atrapando una fina capa de agua entre el neopreno y la piel del usuario. As\u00ed, el usuario siempre est\u00e1 mojado. El calor corporal calienta la capa de agua atrapada y ayuda a mantener caliente al usuario. As\u00ed que acu\u00e9rdate de llevar algo seco para cambiarte despu\u00e9s. Aclara despu\u00e9s el ba\u00f1ador con agua dulce para eliminar la sal y d\u00e9jalo secar listo para el d\u00eda siguiente. La sal ralentiza el proceso de secado.<\/p>\n<p class=\"p3\"><b style=\"font-size: 30px; font-family: Varta; font-weight: 300; line-height: 40px;\" data-fusion-font=\"true\" data-fusion-google-font=\"Varta\" data-fusion-google-variant=\"300\">\u00bfPuedo surfear con gafas o lentillas?<\/b><\/p>\n<p class=\"p1\">Si tienes una discapacidad visual, eso no te excluye en absoluto del surf. Hay algunos trucos para ello.<\/p>\n<p class=\"p1\">S\u00ed, puedes llevar lentillas y cerrar los ojos cuando remas sobre las olas o buceas en pato. Si usas lentillas, ll\u00e9vate un par de repuesto por si se caen. No es f\u00e1cil nadar con gafas porque se caen, pero es posible comprar una cinta de neopreno que evitar\u00e1 que las gafas se caigan al agua. A las personas con deficiencias visuales graves les recomiendo que adquieran gafas de nataci\u00f3n graduadas y las lleven durante el curso.<\/p>\n<p class=\"p3\"><b style=\"font-size: 18px; font-family: 'Anonymous Pro'; font-weight: bold;\" data-fusion-font=\"true\" data-fusion-google-font=\"Anonymous Pro\" data-fusion-google-variant=\"700\"><span style=\"color: #000000; letter-spacing: normal; font-family: Varta; font-weight: 300; font-size: 30px; line-height: 41px;\" data-fusion-font=\"true\" data-fusion-google-font=\"Varta\" data-fusion-google-variant=\"300\">Cuidado con la deshidrataci\u00f3n durante las clases de surf<\/span><\/b><\/p>\n<p class=\"p1\">Bebe mucha agua a lo largo del d\u00eda y haz pausas en tu sesi\u00f3n de surf, aunque no tengas sed. Es muy f\u00e1cil deshidratarse durante una sesi\u00f3n de surf, ya que al estar en el agua no tenemos la sensaci\u00f3n de sudar mucho. La deshidrataci\u00f3n puede ser muy peligrosa y arruinar por completo tu d\u00eda de surf.<\/p>\n<p class=\"p3\"><b style=\"font-size: 30px; font-family: Varta; font-weight: 300; line-height: 40px;\" data-fusion-font=\"true\" data-fusion-google-font=\"Varta\" data-fusion-google-variant=\"300\">\u00bfEs obligatorio nadar para las clases de surf?<\/b><\/p>\n<p class=\"p1\">No es necesario ser un nadador o triatleta profesional para iniciarse en el surf, pero es importante saber nadar un m\u00ednimo de 50 metros. Un buen dominio de la nataci\u00f3n le permitir\u00e1 progresar r\u00e1pidamente en el aprendizaje del surf y le proporcionar\u00e1 una mayor resistencia en el agua. El entrenamiento de nataci\u00f3n es una forma segura de darte confianza en ti mismo.<\/p>\n<p class=\"p3\"><b style=\"font-size: 30px; font-family: Varta; font-weight: 300;\" data-fusion-font=\"true\" data-fusion-google-font=\"Varta\" data-fusion-google-variant=\"300\">El oc\u00e9ano es impredecible<\/b><\/p>\n<p class=\"p1\">El oc\u00e9ano es muy cambiante y la suerte influye en las condiciones del d\u00eda, no siempre son perfectas. Por lo tanto, merece la pena reservar unos d\u00edas de clases de surf para experimentar diferentes condiciones.<\/p>\n<p class=\"p3\"><b style=\"font-size: 30px; font-family: Varta; font-weight: 300; line-height: 40px;\" data-fusion-font=\"true\" data-fusion-google-font=\"Varta\" data-fusion-google-variant=\"300\">\u00a1Surfear es dif\u00edcil!<\/b><\/p>\n<p class=\"p1\">Subir a la tabla requiere muchas repeticiones, as\u00ed que no te desanimes tras una docena de intentos fallidos. Una clase de surf consiste en aprender a subirse a una tabla en la playa y luego practicarlo en el oc\u00e9ano. Sin duda habr\u00e1 muchas ca\u00eddas antes de sentirse seguro sobre la tabla. No s\u00f3lo es un deporte t\u00e9cnico, sino tambi\u00e9n f\u00edsicamente exigente. Las agujetas est\u00e1n garantizadas despu\u00e9s de la primera clase de surf.<\/p>\n<p class=\"p3\"><b style=\"font-size: 30px; font-family: Varta; font-weight: 300; line-height: 40px;\" data-fusion-font=\"true\" data-fusion-google-font=\"Varta\" data-fusion-google-variant=\"300\">Nunca es tarde para aprender a surfear.<\/b><\/p>\n<p class=\"p1\">El surf recreativo no es s\u00f3lo para ni\u00f1os o j\u00f3venes, sino que es para todos y se puede aprender este deporte incluso a una edad avanzada. Nunca se es demasiado mayor para probar algo nuevo. Adem\u00e1s, el surf le ayudar\u00e1 a mantener la juventud y la vitalidad durante muchos a\u00f1os.<\/p>\n<p class=\"p3\"><b style=\"font-size: 30px; font-family: Varta; font-weight: 300; line-height: 40px;\" data-fusion-font=\"true\" data-fusion-google-font=\"Varta\" data-fusion-google-variant=\"300\">En resumen<\/b><\/p>\n<p class=\"p1\">Recomiendo empezar con unas cuantas clases con un instructor o monitor cualificado. Advierto contra el surf en solitario o el alquiler de equipos y el intento de surfear sin saber lo suficiente sobre el oc\u00e9ano. Las clases en grupo aportan una gran dosis de energ\u00eda positiva y es agradable incluso cuando no se tiene una gran sesi\u00f3n. No olvides la protecci\u00f3n solar y bebe mucha agua a lo largo del d\u00eda. Si no sabes algo, \u00a1pregunta! Recuerda que el surf es para todos, independientemente de la edad, el sexo o el tipo de cuerpo. Hay un dicho que dice que \u00abla vida es mejor cuando surfeas\u00bb \u00a1compru\u00e9balo t\u00fa mismo!<\/p>\n<\/div><\/div><\/div><\/div><\/div>\n","protected":false},"excerpt":{"rendered":"","protected":false},"author":1,"featured_media":0,"parent":0,"menu_order":0,"comment_status":"closed","ping_status":"closed","template":"","meta":{"_monsterinsights_skip_tracking":false,"_monsterinsights_sitenote_active":false,"_monsterinsights_sitenote_note":"","_monsterinsights_sitenote_category":0,"footnotes":""},"class_list":["post-4170","page","type-page","status-publish","hentry"],"yoast_head":"<!-- This site is optimized with the Yoast SEO plugin v27.4 - https:\/\/yoast.com\/product\/yoast-seo-wordpress\/ -->\n<title>\u00bfQu\u00e9 debo saber antes de mi primera clase de surf? - Poloca Surf<\/title>\n<meta name=\"description\" content=\"C\u00f3mo prepararte para tu primera clase de surf. \u00bfQu\u00e9 debo saber para preparar mi primera clase de surf?\" \/>\n<meta name=\"robots\" content=\"index, follow, max-snippet:-1, max-image-preview:large, max-video-preview:-1\" \/>\n<link rel=\"canonical\" href=\"https:\/\/www.polocasurf.com\/es\/que-debo-saber-antes-de-mi-primera-clase-de-surf\/\" \/>\n<meta property=\"og:locale\" content=\"es_ES\" \/>\n<meta property=\"og:type\" content=\"article\" \/>\n<meta property=\"og:title\" content=\"\u00bfQu\u00e9 debo saber antes de mi primera clase de surf? - Poloca Surf\" \/>\n<meta property=\"og:description\" content=\"C\u00f3mo prepararte para tu primera clase de surf. \u00bfQu\u00e9 debo saber para preparar mi primera clase de surf?\" \/>\n<meta property=\"og:url\" content=\"https:\/\/www.polocasurf.com\/es\/que-debo-saber-antes-de-mi-primera-clase-de-surf\/\" \/>\n<meta property=\"og:site_name\" content=\"Poloca Surf\" \/>\n<meta property=\"article:modified_time\" content=\"2023-06-19T19:41:32+00:00\" \/>\n<meta property=\"og:image\" content=\"https:\/\/www.polocasurf.com\/wp-content\/uploads\/2022\/07\/IMG_3305-1024x768.jpg\" \/>\n<meta name=\"twitter:card\" content=\"summary_large_image\" \/>\n<meta name=\"twitter:label1\" content=\"Tiempo de lectura\" \/>\n\t<meta name=\"twitter:data1\" content=\"6 minutos\" \/>\n<script type=\"application\/ld+json\" class=\"yoast-schema-graph\">{\"@context\":\"https:\\\/\\\/schema.org\",\"@graph\":[{\"@type\":\"WebPage\",\"@id\":\"https:\\\/\\\/www.polocasurf.com\\\/es\\\/que-debo-saber-antes-de-mi-primera-clase-de-surf\\\/\",\"url\":\"https:\\\/\\\/www.polocasurf.com\\\/es\\\/que-debo-saber-antes-de-mi-primera-clase-de-surf\\\/\",\"name\":\"\u00bfQu\u00e9 debo saber antes de mi primera clase de surf? - Poloca Surf\",\"isPartOf\":{\"@id\":\"https:\\\/\\\/www.polocasurf.com\\\/#website\"},\"primaryImageOfPage\":{\"@id\":\"https:\\\/\\\/www.polocasurf.com\\\/es\\\/que-debo-saber-antes-de-mi-primera-clase-de-surf\\\/#primaryimage\"},\"image\":{\"@id\":\"https:\\\/\\\/www.polocasurf.com\\\/es\\\/que-debo-saber-antes-de-mi-primera-clase-de-surf\\\/#primaryimage\"},\"thumbnailUrl\":\"https:\\\/\\\/www.polocasurf.com\\\/wp-content\\\/uploads\\\/2022\\\/07\\\/IMG_3305-1024x768.jpg\",\"datePublished\":\"2022-07-24T11:18:13+00:00\",\"dateModified\":\"2023-06-19T19:41:32+00:00\",\"description\":\"C\u00f3mo prepararte para tu primera clase de surf. \u00bfQu\u00e9 debo saber para preparar mi primera clase de surf?\",\"breadcrumb\":{\"@id\":\"https:\\\/\\\/www.polocasurf.com\\\/es\\\/que-debo-saber-antes-de-mi-primera-clase-de-surf\\\/#breadcrumb\"},\"inLanguage\":\"es\",\"potentialAction\":[{\"@type\":\"ReadAction\",\"target\":[\"https:\\\/\\\/www.polocasurf.com\\\/es\\\/que-debo-saber-antes-de-mi-primera-clase-de-surf\\\/\"]}]},{\"@type\":\"ImageObject\",\"inLanguage\":\"es\",\"@id\":\"https:\\\/\\\/www.polocasurf.com\\\/es\\\/que-debo-saber-antes-de-mi-primera-clase-de-surf\\\/#primaryimage\",\"url\":\"https:\\\/\\\/www.polocasurf.com\\\/wp-content\\\/uploads\\\/2022\\\/07\\\/IMG_3305-1024x768.jpg\",\"contentUrl\":\"https:\\\/\\\/www.polocasurf.com\\\/wp-content\\\/uploads\\\/2022\\\/07\\\/IMG_3305-1024x768.jpg\"},{\"@type\":\"BreadcrumbList\",\"@id\":\"https:\\\/\\\/www.polocasurf.com\\\/es\\\/que-debo-saber-antes-de-mi-primera-clase-de-surf\\\/#breadcrumb\",\"itemListElement\":[{\"@type\":\"ListItem\",\"position\":1,\"name\":\"Home\",\"item\":\"https:\\\/\\\/www.polocasurf.com\\\/es\\\/\"},{\"@type\":\"ListItem\",\"position\":2,\"name\":\"\u00bfQu\u00e9 debo saber antes de mi primera clase de surf?\"}]},{\"@type\":\"WebSite\",\"@id\":\"https:\\\/\\\/www.polocasurf.com\\\/#website\",\"url\":\"https:\\\/\\\/www.polocasurf.com\\\/\",\"name\":\"Poloca Surf\",\"description\":\"Goal oriented surf coaching Lanzarote\",\"potentialAction\":[{\"@type\":\"SearchAction\",\"target\":{\"@type\":\"EntryPoint\",\"urlTemplate\":\"https:\\\/\\\/www.polocasurf.com\\\/?s={search_term_string}\"},\"query-input\":{\"@type\":\"PropertyValueSpecification\",\"valueRequired\":true,\"valueName\":\"search_term_string\"}}],\"inLanguage\":\"es\"}]}<\/script>\n<!-- \/ Yoast SEO plugin. -->","yoast_head_json":{"title":"\u00bfQu\u00e9 debo saber antes de mi primera clase de surf? - Poloca Surf","description":"C\u00f3mo prepararte para tu primera clase de surf. \u00bfQu\u00e9 debo saber para preparar mi primera clase de surf?","robots":{"index":"index","follow":"follow","max-snippet":"max-snippet:-1","max-image-preview":"max-image-preview:large","max-video-preview":"max-video-preview:-1"},"canonical":"https:\/\/www.polocasurf.com\/es\/que-debo-saber-antes-de-mi-primera-clase-de-surf\/","og_locale":"es_ES","og_type":"article","og_title":"\u00bfQu\u00e9 debo saber antes de mi primera clase de surf? - Poloca Surf","og_description":"C\u00f3mo prepararte para tu primera clase de surf. \u00bfQu\u00e9 debo saber para preparar mi primera clase de surf?","og_url":"https:\/\/www.polocasurf.com\/es\/que-debo-saber-antes-de-mi-primera-clase-de-surf\/","og_site_name":"Poloca Surf","article_modified_time":"2023-06-19T19:41:32+00:00","og_image":[{"url":"https:\/\/www.polocasurf.com\/wp-content\/uploads\/2022\/07\/IMG_3305-1024x768.jpg","type":"","width":"","height":""}],"twitter_card":"summary_large_image","twitter_misc":{"Tiempo de lectura":"6 minutos"},"schema":{"@context":"https:\/\/schema.org","@graph":[{"@type":"WebPage","@id":"https:\/\/www.polocasurf.com\/es\/que-debo-saber-antes-de-mi-primera-clase-de-surf\/","url":"https:\/\/www.polocasurf.com\/es\/que-debo-saber-antes-de-mi-primera-clase-de-surf\/","name":"\u00bfQu\u00e9 debo saber antes de mi primera clase de surf? - Poloca Surf","isPartOf":{"@id":"https:\/\/www.polocasurf.com\/#website"},"primaryImageOfPage":{"@id":"https:\/\/www.polocasurf.com\/es\/que-debo-saber-antes-de-mi-primera-clase-de-surf\/#primaryimage"},"image":{"@id":"https:\/\/www.polocasurf.com\/es\/que-debo-saber-antes-de-mi-primera-clase-de-surf\/#primaryimage"},"thumbnailUrl":"https:\/\/www.polocasurf.com\/wp-content\/uploads\/2022\/07\/IMG_3305-1024x768.jpg","datePublished":"2022-07-24T11:18:13+00:00","dateModified":"2023-06-19T19:41:32+00:00","description":"C\u00f3mo prepararte para tu primera clase de surf. \u00bfQu\u00e9 debo saber para preparar mi primera clase de surf?","breadcrumb":{"@id":"https:\/\/www.polocasurf.com\/es\/que-debo-saber-antes-de-mi-primera-clase-de-surf\/#breadcrumb"},"inLanguage":"es","potentialAction":[{"@type":"ReadAction","target":["https:\/\/www.polocasurf.com\/es\/que-debo-saber-antes-de-mi-primera-clase-de-surf\/"]}]},{"@type":"ImageObject","inLanguage":"es","@id":"https:\/\/www.polocasurf.com\/es\/que-debo-saber-antes-de-mi-primera-clase-de-surf\/#primaryimage","url":"https:\/\/www.polocasurf.com\/wp-content\/uploads\/2022\/07\/IMG_3305-1024x768.jpg","contentUrl":"https:\/\/www.polocasurf.com\/wp-content\/uploads\/2022\/07\/IMG_3305-1024x768.jpg"},{"@type":"BreadcrumbList","@id":"https:\/\/www.polocasurf.com\/es\/que-debo-saber-antes-de-mi-primera-clase-de-surf\/#breadcrumb","itemListElement":[{"@type":"ListItem","position":1,"name":"Home","item":"https:\/\/www.polocasurf.com\/es\/"},{"@type":"ListItem","position":2,"name":"\u00bfQu\u00e9 debo saber antes de mi primera clase de surf?"}]},{"@type":"WebSite","@id":"https:\/\/www.polocasurf.com\/#website","url":"https:\/\/www.polocasurf.com\/","name":"Poloca Surf","description":"Goal oriented surf coaching Lanzarote","potentialAction":[{"@type":"SearchAction","target":{"@type":"EntryPoint","urlTemplate":"https:\/\/www.polocasurf.com\/?s={search_term_string}"},"query-input":{"@type":"PropertyValueSpecification","valueRequired":true,"valueName":"search_term_string"}}],"inLanguage":"es"}]}},"_links":{"self":[{"href":"https:\/\/www.polocasurf.com\/es\/wp-json\/wp\/v2\/pages\/4170","targetHints":{"allow":["GET"]}}],"collection":[{"href":"https:\/\/www.polocasurf.com\/es\/wp-json\/wp\/v2\/pages"}],"about":[{"href":"https:\/\/www.polocasurf.com\/es\/wp-json\/wp\/v2\/types\/page"}],"author":[{"embeddable":true,"href":"https:\/\/www.polocasurf.com\/es\/wp-json\/wp\/v2\/users\/1"}],"replies":[{"embeddable":true,"href":"https:\/\/www.polocasurf.com\/es\/wp-json\/wp\/v2\/comments?post=4170"}],"version-history":[{"count":1,"href":"https:\/\/www.polocasurf.com\/es\/wp-json\/wp\/v2\/pages\/4170\/revisions"}],"predecessor-version":[{"id":4174,"href":"https:\/\/www.polocasurf.com\/es\/wp-json\/wp\/v2\/pages\/4170\/revisions\/4174"}],"wp:attachment":[{"href":"https:\/\/www.polocasurf.com\/es\/wp-json\/wp\/v2\/media?parent=4170"}],"curies":[{"name":"wp","href":"https:\/\/api.w.org\/{rel}","templated":true}]}}