{"id":3174,"date":"2023-03-25T22:08:35","date_gmt":"2023-03-25T22:08:35","guid":{"rendered":"https:\/\/www.polocasurf.com\/zarezerwuj-prywatne-lekcje-surfingu\/"},"modified":"2025-04-28T12:58:54","modified_gmt":"2025-04-28T12:58:54","slug":"zarezerwuj-prywatne-lekcje-surfingu","status":"publish","type":"page","link":"https:\/\/www.polocasurf.com\/pl\/zarezerwuj-prywatne-lekcje-surfingu\/","title":{"rendered":"Zarezerwuj prywatne lekcje surfingu"},"content":{"rendered":"<p><div class=\"fusion-fullwidth fullwidth-box fusion-builder-row-1 fusion-flex-container nonhundred-percent-fullwidth non-hundred-percent-height-scrolling\" style=\"--link_color: var(--awb-color3);--awb-border-radius-top-left:0px;--awb-border-radius-top-right:0px;--awb-border-radius-bottom-right:0px;--awb-border-radius-bottom-left:0px;--awb-padding-right:60px;--awb-padding-left:60px;--awb-padding-right-small:20px;--awb-padding-left-small:20px;--awb-margin-top:4%;--awb-margin-top-small:23%;--awb-background-color:var(--awb-color3);--awb-flex-wrap:wrap;\" ><div class=\"fusion-builder-row fusion-row fusion-flex-align-items-center fusion-flex-content-wrap\" style=\"max-width:1393.6px;margin-left: calc(-4% \/ 2 );margin-right: calc(-4% \/ 2 );\"><div class=\"fusion-layout-column fusion_builder_column fusion-builder-column-0 fusion_builder_column_1_1 1_1 fusion-flex-column\" style=\"--awb-bg-size:cover;--awb-width-large:100%;--awb-margin-top-large:8%;--awb-spacing-right-large:1.92%;--awb-margin-bottom-large:20px;--awb-spacing-left-large:1.92%;--awb-width-medium:100%;--awb-order-medium:0;--awb-spacing-right-medium:1.92%;--awb-spacing-left-medium:1.92%;--awb-width-small:100%;--awb-order-small:0;--awb-spacing-right-small:1.92%;--awb-spacing-left-small:1.92%;\"><div class=\"fusion-column-wrapper fusion-column-has-shadow fusion-flex-justify-content-flex-start fusion-content-layout-column\"><div class=\"fusion-title title fusion-title-1 fusion-sep-none fusion-title-text fusion-title-size-one\" style=\"--awb-text-color:var(--awb-color1);--awb-margin-top:10%;--awb-margin-top-small:10px;--awb-margin-right-small:0px;--awb-margin-bottom-small:10px;--awb-margin-left-small:0px;--awb-font-size:var(--awb-typography1-font-size);\"><h1 class=\"fusion-title-heading title-heading-left fusion-responsive-typography-calculated\" style=\"font-family:var(--awb-typography1-font-family);font-weight:var(--awb-typography1-font-weight);font-style:var(--awb-typography1-font-style);margin:0;letter-spacing:var(--awb-typography1-letter-spacing);text-transform:var(--awb-typography1-text-transform);font-size:1em;--fontSize:102;line-height:var(--awb-typography1-line-height);\">Zarezerwuj prywatn\u0105 lekcj\u0119 surfingu<\/h1><\/div><div class=\"fusion-separator fusion-full-width-sep\" style=\"align-self: center;margin-left: auto;margin-right: auto;width:100%;\"><div class=\"fusion-separator-border sep-single\" style=\"--awb-height:20px;--awb-amount:20px;--awb-sep-color:var(--awb-color1);border-color:var(--awb-color1);border-top-width:2px;\"><\/div><\/div><\/div><\/div><\/div><\/div><div class=\"fusion-fullwidth fullwidth-box fusion-builder-row-2 fusion-flex-container nonhundred-percent-fullwidth non-hundred-percent-height-scrolling\" style=\"--link_color: var(--awb-color3);--awb-border-radius-top-left:0px;--awb-border-radius-top-right:0px;--awb-border-radius-bottom-right:0px;--awb-border-radius-bottom-left:0px;--awb-padding-top:8%;--awb-padding-right:60px;--awb-padding-left:60px;--awb-padding-top-medium:40px;--awb-padding-top-small:40px;--awb-padding-right-small:20px;--awb-padding-left-small:20px;--awb-margin-top:4%;--awb-margin-top-small:48px;--awb-margin-bottom-small:0px;--awb-background-color:var(--awb-custom_color_8);--awb-flex-wrap:wrap;\" ><div class=\"fusion-builder-row fusion-row fusion-flex-align-items-flex-start fusion-flex-content-wrap\" style=\"max-width:1393.6px;margin-left: calc(-4% \/ 2 );margin-right: calc(-4% \/ 2 );\"><div class=\"fusion-layout-column fusion_builder_column fusion-builder-column-1 fusion_builder_column_2_3 2_3 fusion-flex-column fusion-animated\" style=\"--awb-bg-size:cover;--awb-width-large:66.666666666667%;--awb-margin-top-large:0px;--awb-spacing-right-large:2.88%;--awb-margin-bottom-large:20px;--awb-spacing-left-large:2.88%;--awb-width-medium:66.666666666667%;--awb-order-medium:0;--awb-spacing-right-medium:2.88%;--awb-spacing-left-medium:2.88%;--awb-width-small:100%;--awb-order-small:0;--awb-spacing-right-small:1.92%;--awb-spacing-left-small:1.92%;\" data-animationType=\"fadeInUp\" data-animationDuration=\"1.3\" data-animationOffset=\"top-into-view\"><div class=\"fusion-column-wrapper fusion-column-has-shadow fusion-flex-justify-content-flex-start fusion-content-layout-column\"><div class=\"fusion-title title fusion-title-2 fusion-sep-none fusion-title-text fusion-title-size-two\" style=\"--awb-text-color:var(--awb-color8);--awb-margin-top:4%;--awb-margin-bottom:30px;--awb-margin-top-small:10px;--awb-margin-right-small:0px;--awb-margin-bottom-small:10px;--awb-margin-left-small:0px;--awb-font-size:var(--awb-typography3-font-size);\"><h2 class=\"fusion-title-heading title-heading-left fusion-responsive-typography-calculated\" style=\"font-family:var(--awb-typography3-font-family);font-weight:var(--awb-typography3-font-weight);font-style:var(--awb-typography3-font-style);margin:0;letter-spacing:var(--awb-typography3-letter-spacing);text-transform:uppercase;font-size:1em;--fontSize:16;--minFontSize:16;line-height:var(--awb-typography3-line-height);\">Zarezerwuj prywatn\u0105 lekcj\u0119 surfingu na Lanzarote<\/h2><\/div><div class=\"fusion-text fusion-text-1\" style=\"--awb-font-size:16px;--awb-line-height:1.4;--awb-letter-spacing:var(--awb-typography4-letter-spacing);--awb-text-transform:var(--awb-typography4-text-transform);--awb-text-color:var(--awb-color8);--awb-text-font-family:var(--awb-typography4-font-family);--awb-text-font-weight:var(--awb-typography4-font-weight);--awb-text-font-style:var(--awb-typography4-font-style);\"><p><span class=\"-b-fake-parent\" data-original-text=\"Please  \">Prosz\u0119 wype\u0142ni\u0107 poni\u017cszy formularz. <\/span><span class=\"-b-fake-parent\" data-original-text=\"  a date, time, and location for your booking. After you complete the process, we will either confirm the details and send out a confirmation email with all of the lesson information that you need, or reach out to you about choosing a more ideal date, time, or location based on the surf conditions.  \">Potwierdz\u0119 szczeg\u00f3\u0142y i wy\u015bl\u0119 e-mail z potwierdzeniem, zawieraj\u0105cy wszystkie potrzebne informacje dotycz\u0105ce lekcji i p\u0142atno\u015bci. <\/span><\/p>\n<p>Staram si\u0119 jak najszybciej odpowiada\u0107 na Pa\u0144stwa zg\u0142oszenia, uprzejmie informuj\u0119, \u017ce mog\u0119 przebywa\u0107 na zaj\u0119ciach w ocenaie, co mo\u017ce skutkowa\u0107 niewielkim op\u00f3\u017anieniem w czasie udzielania odpowiedzi. <span class=\"-b-fake-parent\" data-original-text=\"  a date, time, and location for your booking. After you complete the process, we will either confirm the details and send out a confirmation email with all of the lesson information that you need, or reach out to you about choosing a more ideal date, time, or location based on the surf conditions.  \">W przypadku zam\u00f3wie\u0144 lekcji w ostatniej chwili skontaktuj si\u0119 ze mn\u0105 za po\u015brednictwem Whatsapp lub telefonicznie +678224872. <\/span><\/p>\n<p>Do zobaczenia wkr\u00f3tce!<\/p>\n<p>Vicky<\/p>\n<\/div><\/div><\/div><div class=\"fusion-layout-column fusion_builder_column fusion-builder-column-2 fusion_builder_column_1_1 1_1 fusion-flex-column\" style=\"--awb-bg-size:cover;--awb-width-large:100%;--awb-margin-top-large:0px;--awb-spacing-right-large:1.92%;--awb-margin-bottom-large:20px;--awb-spacing-left-large:1.92%;--awb-width-medium:100%;--awb-order-medium:0;--awb-spacing-right-medium:1.92%;--awb-spacing-left-medium:1.92%;--awb-width-small:100%;--awb-order-small:0;--awb-spacing-right-small:1.92%;--awb-spacing-left-small:1.92%;\"><div class=\"fusion-column-wrapper fusion-column-has-shadow fusion-flex-justify-content-flex-start fusion-content-layout-column\"><div class=\"fusion-form fusion-form-builder fusion-form-form-wrapper fusion-form-4226\" style=\"--awb-tooltip-text-color:#ffffff;--awb-tooltip-background-color:#333333;--awb-form-bg-color:#f8f9fa;--awb-form-placeholder-color:rgba(109,109,109,0.5);--awb-form-text-color:#6d6d6d;--awb-form-label-color:#0b0c11;--awb-form-border-color:var(--awb-custom_color_6);\" data-form-id=\"4226\" data-config=\"{&quot;form_id&quot;:4226,&quot;form_post_id&quot;:4226,&quot;post_id&quot;:3174,&quot;form_type&quot;:&quot;ajax&quot;,&quot;confirmation_type&quot;:&quot;message&quot;,&quot;redirect_url&quot;:&quot;&quot;,&quot;redirect_timeout&quot;:&quot;0&quot;,&quot;field_labels&quot;:{&quot;first_name&quot;:&quot;Imie&quot;,&quot;email_address&quot;:&quot;Adres e-mail&quot;,&quot;experience&quot;:&quot;Do\\u015bwiadczenie w surfingu&quot;,&quot;which_daydates&quot;:&quot;Kt\\u00f3ry dzie\\u0144\\\/data?&quot;,&quot;phone_number&quot;:&quot;Numer telefonu&quot;,&quot;country&quot;:&quot;Z jakiego kraju pochodzisz? &quot;,&quot;message&quot;:&quot;Wiadomosc&quot;},&quot;field_logics&quot;:{&quot;first_name&quot;:&quot;&quot;,&quot;email_address&quot;:&quot;&quot;,&quot;experience&quot;:&quot;&quot;,&quot;which_daydates&quot;:&quot;&quot;,&quot;phone_number&quot;:&quot;&quot;,&quot;country&quot;:&quot;&quot;,&quot;message&quot;:&quot;&quot;,&quot;notice_1&quot;:&quot;&quot;,&quot;submit_1&quot;:&quot;&quot;},&quot;field_types&quot;:{&quot;first_name&quot;:&quot;text&quot;,&quot;email_address&quot;:&quot;email&quot;,&quot;experience&quot;:&quot;select&quot;,&quot;which_daydates&quot;:&quot;text&quot;,&quot;phone_number&quot;:&quot;phone_number&quot;,&quot;country&quot;:&quot;text&quot;,&quot;message&quot;:&quot;textarea&quot;,&quot;notice_1&quot;:&quot;notice&quot;,&quot;submit_1&quot;:&quot;submit&quot;},&quot;nonce_method&quot;:&quot;none&quot;,&quot;form_views&quot;:&quot;ajax&quot;,&quot;form_views_counting&quot;:&quot;all&quot;}\"><form action=\"https:\/\/www.polocasurf.com\/pl\/zarezerwuj-prywatne-lekcje-surfingu\/\" method=\"post\" class=\"fusion-form fusion-form-4226\"><div class=\"fusion-fullwidth fullwidth-box fusion-builder-row-2-1 fusion-flex-container nonhundred-percent-fullwidth non-hundred-percent-height-scrolling\" style=\"--link_hover_color: #65bc7b;--link_color: #212934;--awb-border-sizes-top:0px;--awb-border-sizes-bottom:0px;--awb-border-sizes-left:0px;--awb-border-sizes-right:0px;--awb-border-color:#e2e2e2;--awb-border-radius-top-left:0px;--awb-border-radius-top-right:0px;--awb-border-radius-bottom-right:0px;--awb-border-radius-bottom-left:0px;--awb-padding-top:0px;--awb-padding-right:0px;--awb-padding-bottom:0px;--awb-padding-left:0px;--awb-margin-top:0px;--awb-margin-bottom:0px;--awb-background-color:rgba(255,255,255,0);--awb-flex-wrap:wrap;\" ><div class=\"fusion-builder-row fusion-row fusion-flex-align-items-flex-start fusion-flex-content-wrap\" style=\"width:104% !important;max-width:104% !important;margin-left: calc(-4% \/ 2 );margin-right: calc(-4% \/ 2 );\"><div class=\"fusion-layout-column fusion_builder_column fusion-builder-column-3 fusion_builder_column_1_2 1_2 fusion-flex-column\" style=\"--awb-bg-size:cover;--awb-width-large:50%;--awb-flex-grow:0;--awb-flex-shrink:0;--awb-margin-top-large:0px;--awb-spacing-right-large:3.84%;--awb-margin-bottom-large:0px;--awb-spacing-left-large:3.84%;--awb-width-medium:50%;--awb-order-medium:0;--awb-flex-grow-medium:0;--awb-flex-shrink-medium:0;--awb-spacing-right-medium:3.84%;--awb-spacing-left-medium:3.84%;--awb-width-small:100%;--awb-order-small:0;--awb-flex-grow-small:0;--awb-flex-shrink-small:0;--awb-spacing-right-small:1.92%;--awb-spacing-left-small:1.92%;\"><div class=\"fusion-column-wrapper fusion-column-has-shadow fusion-flex-justify-content-flex-start fusion-content-layout-column\"><div class=\"fusion-form-field fusion-form-text-field fusion-form-label-above\" style=\"\" data-form-id=\"4226\"><div class=\"fusion-form-label-wrapper\"><label for=\"first_name\">Imie <abbr class=\"fusion-form-element-required\" title=\"required\">*<\/abbr><\/label><\/div><input type=\"text\" autocomplete=\"off\" name=\"first_name\" id=\"first_name\" value=\"\"  class=\"fusion-form-input\" required=\"true\" aria-required=\"true\" data-holds-private-data=\"false\" minlength=\"0\"\/><\/div><div class=\"fusion-form-field fusion-form-email-field fusion-form-label-above\" style=\"\" data-form-id=\"4226\"><div class=\"fusion-form-label-wrapper\"><label for=\"email_address\">Adres e-mail <abbr class=\"fusion-form-element-required\" title=\"required\">*<\/abbr><\/label><\/div><div class=\"fusion-form-input-with-icon\"><i class=\"awb-form-icon retail-envelope\"><\/i><input type=\"email\" autocomplete=\"off\" name=\"email_address\" id=\"email_address\" value=\"\"  class=\"fusion-form-input\" required=\"true\" aria-required=\"true\" data-holds-private-data=\"false\"\/><\/div><\/div><div class=\"fusion-form-field fusion-form-select-field fusion-form-label-above\" style=\"\" data-form-id=\"4226\"><label for=\"experience\">Do\u015bwiadczenie w surfingu <abbr class=\"fusion-form-element-required\" title=\"required\">*<\/abbr><\/label><div class=\"fusion-select-wrapper\"><select autocomplete=\"off\" tabindex=\"\" id=\"experience\" name=\"experience\" class=\"fusion-form-input\" required=\"true\" aria-required=\"true\" data-holds-private-data=\"false\"><option value=\"Nigdy wcze\u015bniej nie surfowa\u0142em\" >Nigdy wcze\u015bniej nie surfowa\u0142em<\/option><option value=\"Pr\u00f3bowa\u0142em surfowa\u0107\" >Pr\u00f3bowa\u0142em surfowa\u0107<\/option><option value=\"Regularnie surfuj\u0119\" >Regularnie surfuj\u0119<\/option><option value=\"Surfuj\u0119 na wakacjach\" >Surfuj\u0119 na wakacjach<\/option><\/select><div class=\"select-arrow\"><svg width=\"12\" height=\"8\" viewBox=\"0 0 12 8\" fill=\"none\" xmlns=\"http:\/\/www.w3.org\/2000\/svg\"> <path d=\"M1.5 1.75L6 6.25L10.5 1.75\" stroke=\"#6D6D6D\" stroke-width=\"2\" stroke-linecap=\"round\" stroke-linejoin=\"round\"\/> <\/svg><\/div><\/div><\/div><div class=\"fusion-form-field fusion-form-text-field fusion-form-label-above\" style=\"\" data-form-id=\"4226\"><div class=\"fusion-form-label-wrapper\"><label for=\"which_daydates\">Kt\u00f3ry dzie\u0144\/data? <abbr class=\"fusion-form-element-required\" title=\"required\">*<\/abbr><\/label><\/div><input type=\"text\" autocomplete=\"off\" name=\"which_daydates\" id=\"which_daydates\" value=\"\"  class=\"fusion-form-input\" required=\"true\" aria-required=\"true\" placeholder=\"d\/m\/r - d\/m\/r *\" data-holds-private-data=\"false\" minlength=\"0\"\/><\/div><\/div><\/div><div class=\"fusion-layout-column fusion_builder_column fusion-builder-column-4 fusion_builder_column_1_2 1_2 fusion-flex-column\" style=\"--awb-bg-size:cover;--awb-width-large:50%;--awb-flex-grow:0;--awb-flex-shrink:0;--awb-margin-top-large:0px;--awb-spacing-right-large:3.84%;--awb-margin-bottom-large:0px;--awb-spacing-left-large:3.84%;--awb-width-medium:50%;--awb-order-medium:0;--awb-flex-grow-medium:0;--awb-flex-shrink-medium:0;--awb-spacing-right-medium:3.84%;--awb-spacing-left-medium:3.84%;--awb-width-small:100%;--awb-order-small:0;--awb-flex-grow-small:0;--awb-flex-shrink-small:0;--awb-spacing-right-small:1.92%;--awb-spacing-left-small:1.92%;\"><div class=\"fusion-column-wrapper fusion-column-has-shadow fusion-flex-justify-content-flex-start fusion-content-layout-column\"><div class=\"fusion-form-field fusion-form-phone-number-field fusion-form-label-above\" style=\"\" data-form-id=\"4226\"><div class=\"fusion-form-label-wrapper\"><label for=\"phone_number\">Numer telefonu<\/label><\/div><div class=\"fusion-form-input-with-icon\"><i class=\"awb-form-icon retail-phone\"><\/i><input type=\"tel\" autocomplete=\"off\" name=\"phone_number\" id=\"phone_number\" value=\"\"  class=\"fusion-form-input\" data-holds-private-data=\"false\"\/><\/div><\/div><div class=\"fusion-form-field fusion-form-text-field fusion-form-label-above\" style=\"\" data-form-id=\"4226\"><div class=\"fusion-form-label-wrapper\"><label for=\"country\">Z jakiego kraju pochodzisz?   <abbr class=\"fusion-form-element-required\" title=\"required\">*<\/abbr><\/label><\/div><div class=\"fusion-form-input-with-icon\"><i class=\"awb-form-icon fa-globe-europe fas\"><\/i><input type=\"text\" autocomplete=\"off\" name=\"country\" id=\"country\" value=\"\"  class=\"fusion-form-input\" required=\"true\" aria-required=\"true\" data-holds-private-data=\"false\" minlength=\"0\"\/><\/div><\/div><div class=\"fusion-form-field fusion-form-textarea-field fusion-form-label-above\" style=\"\" data-form-id=\"4226\"><label for=\"message\">Wiadomosc<\/label><textarea cols=\"40\" autocomplete=\"off\"  minlength=\"0\"  rows=\"4\" tabindex=\"\" id=\"message\" name=\"message\" class=\"fusion-form-input\" placeholder=\"Prosimy o podanie podstawowych informacji na temat tego, jak cz\u0119sto surfujesz (je\u015bli w og\u00f3le), czy uprawiasz inne sporty lub czy jest co\u015b, co chcia\u0142by\u015b doda\u0107. \" data-holds-private-data=\"false\"><\/textarea><\/div><\/div><\/div><div class=\"fusion-layout-column fusion_builder_column fusion-builder-column-5 fusion_builder_column_1_1 1_1 fusion-flex-column\" style=\"--awb-bg-size:cover;--awb-width-large:100%;--awb-flex-grow:0;--awb-flex-shrink:0;--awb-margin-top-large:0px;--awb-spacing-right-large:1.92%;--awb-margin-bottom-large:0px;--awb-spacing-left-large:1.92%;--awb-width-medium:100%;--awb-order-medium:0;--awb-flex-grow-medium:0;--awb-flex-shrink-medium:0;--awb-spacing-right-medium:1.92%;--awb-spacing-left-medium:1.92%;--awb-width-small:100%;--awb-order-small:0;--awb-flex-grow-small:0;--awb-flex-shrink-small:0;--awb-spacing-right-small:1.92%;--awb-spacing-left-small:1.92%;\"><div class=\"fusion-column-wrapper fusion-column-has-shadow fusion-flex-justify-content-flex-start fusion-content-layout-column\"><div class=\"form-submission-notices data-notice_1\" id=\"fusion-notices-1\" data-instance=\"1\"><div class=\"fusion-form-response fusion-form-response-success\">Thank you for your message. It has been sent.<\/div><div class=\"fusion-form-response fusion-form-response-error\">There was an error trying to send your message. Please try again later.<\/div><\/div><div class=\"fusion-form-field fusion-form-submit-field fusion-form-label-above\" style=\"\" data-form-id=\"4226\"><div ><button type=\"submit\" class=\"fusion-button button-flat fusion-button-default-size button-custom fusion-button-default button-1 fusion-button-default-span  button-default form-form-submit\" style=\"--awb-padding-right:32px;--awb-padding-left:32px;--button_bevel_color:#5db072;--button_accent_color:#fcfcfc;--button_border_color:#ffffff;--button_accent_hover_color:#fcfcfc;--button_border_hover_color:#ffffff;--button_border_width-top:0px;--button_border_width-right:0px;--button_border_width-bottom:0px;--button_border_width-left:0px;--button-border-radius-top-left:6px;--button-border-radius-top-right:6px;--button-border-radius-bottom-right:6px;--button-border-radius-bottom-left:6px;--button_gradient_top_color:var(--awb-color7);--button_gradient_bottom_color:var(--awb-color7);--button_gradient_top_color_hover:var(--awb-custom_color_6);--button_gradient_bottom_color_hover:var(--awb-custom_color_6);--button_text_transform:var(--awb-typography5-text-transform);--button_font_size:var(--awb-typography5-font-size);--button_line_height:var(--awb-typography5-line-height);--button_typography-letter-spacing:var(--awb-typography5-letter-spacing);--button_typography-font-family:var(--awb-typography5-font-family);--button_typography-font-weight:var(--awb-typography5-font-weight);--button_typography-font-style:var(--awb-typography5-font-style);\" data-form-number=\"4226\" tabindex=\"\"><span class=\"fusion-button-text awb-button__text awb-button__text--default\">Send Message<\/span><\/button><\/div><\/div><\/div><\/div><\/div><\/div><input type=\"hidden\" name=\"fusion_privacy_expiration_interval\" value=\"36\"><input type=\"hidden\" name=\"privacy_expiration_action\" value=\"anonymize\"><\/form><\/div><\/div><\/div><\/div><\/div><\/p>\n","protected":false},"excerpt":{"rendered":"","protected":false},"author":1,"featured_media":0,"parent":0,"menu_order":0,"comment_status":"closed","ping_status":"closed","template":"100-width.php","meta":{"_monsterinsights_skip_tracking":false,"_monsterinsights_sitenote_active":false,"_monsterinsights_sitenote_note":"","_monsterinsights_sitenote_category":0,"footnotes":""},"class_list":["post-3174","page","type-page","status-publish","hentry"],"yoast_head":"<!-- This site is optimized with the Yoast SEO plugin v27.5 - https:\/\/yoast.com\/product\/yoast-seo-wordpress\/ -->\n<title>Zarezerwuj prywatne lekcje surfingu - Poloca Surf<\/title>\n<meta name=\"description\" content=\"Zarezerwuj lekcj\u0119 surfingu z Poloca Surf Coaching Lanzarote i ju\u017c dzi\u015b rozpocznij sw\u00f3j post\u0119p w surfingu.\" \/>\n<meta name=\"robots\" content=\"index, follow, max-snippet:-1, max-image-preview:large, max-video-preview:-1\" \/>\n<link rel=\"canonical\" href=\"https:\/\/www.polocasurf.com\/pl\/zarezerwuj-prywatne-lekcje-surfingu\/\" \/>\n<meta property=\"og:locale\" content=\"pl_PL\" \/>\n<meta property=\"og:type\" content=\"article\" \/>\n<meta property=\"og:title\" content=\"Zarezerwuj prywatne lekcje surfingu - Poloca Surf\" \/>\n<meta property=\"og:description\" content=\"Zarezerwuj lekcj\u0119 surfingu z Poloca Surf Coaching Lanzarote i ju\u017c dzi\u015b rozpocznij sw\u00f3j post\u0119p w surfingu.\" \/>\n<meta property=\"og:url\" content=\"https:\/\/www.polocasurf.com\/pl\/zarezerwuj-prywatne-lekcje-surfingu\/\" \/>\n<meta property=\"og:site_name\" content=\"Poloca Surf\" \/>\n<meta property=\"article:modified_time\" content=\"2025-04-28T12:58:54+00:00\" \/>\n<meta name=\"twitter:card\" content=\"summary_large_image\" \/>\n<meta name=\"twitter:label1\" content=\"Szacowany czas czytania\" \/>\n\t<meta name=\"twitter:data1\" content=\"7 minut\" \/>\n<script type=\"application\/ld+json\" class=\"yoast-schema-graph\">{\"@context\":\"https:\\\/\\\/schema.org\",\"@graph\":[{\"@type\":\"WebPage\",\"@id\":\"https:\\\/\\\/www.polocasurf.com\\\/pl\\\/zarezerwuj-prywatne-lekcje-surfingu\\\/\",\"url\":\"https:\\\/\\\/www.polocasurf.com\\\/pl\\\/zarezerwuj-prywatne-lekcje-surfingu\\\/\",\"name\":\"Zarezerwuj prywatne lekcje surfingu - Poloca Surf\",\"isPartOf\":{\"@id\":\"https:\\\/\\\/www.polocasurf.com\\\/#website\"},\"datePublished\":\"2023-03-25T22:08:35+00:00\",\"dateModified\":\"2025-04-28T12:58:54+00:00\",\"description\":\"Zarezerwuj lekcj\u0119 surfingu z Poloca Surf Coaching Lanzarote i ju\u017c dzi\u015b rozpocznij sw\u00f3j post\u0119p w surfingu.\",\"breadcrumb\":{\"@id\":\"https:\\\/\\\/www.polocasurf.com\\\/pl\\\/zarezerwuj-prywatne-lekcje-surfingu\\\/#breadcrumb\"},\"inLanguage\":\"pl-PL\",\"potentialAction\":[{\"@type\":\"ReadAction\",\"target\":[\"https:\\\/\\\/www.polocasurf.com\\\/pl\\\/zarezerwuj-prywatne-lekcje-surfingu\\\/\"]}]},{\"@type\":\"BreadcrumbList\",\"@id\":\"https:\\\/\\\/www.polocasurf.com\\\/pl\\\/zarezerwuj-prywatne-lekcje-surfingu\\\/#breadcrumb\",\"itemListElement\":[{\"@type\":\"ListItem\",\"position\":1,\"name\":\"Home\",\"item\":\"https:\\\/\\\/www.polocasurf.com\\\/pl\\\/\"},{\"@type\":\"ListItem\",\"position\":2,\"name\":\"Zarezerwuj prywatne lekcje surfingu\"}]},{\"@type\":\"WebSite\",\"@id\":\"https:\\\/\\\/www.polocasurf.com\\\/#website\",\"url\":\"https:\\\/\\\/www.polocasurf.com\\\/\",\"name\":\"Poloca Surf\",\"description\":\"Goal oriented surf coaching Lanzarote\",\"potentialAction\":[{\"@type\":\"SearchAction\",\"target\":{\"@type\":\"EntryPoint\",\"urlTemplate\":\"https:\\\/\\\/www.polocasurf.com\\\/?s={search_term_string}\"},\"query-input\":{\"@type\":\"PropertyValueSpecification\",\"valueRequired\":true,\"valueName\":\"search_term_string\"}}],\"inLanguage\":\"pl-PL\"}]}<\/script>\n<!-- \/ Yoast SEO plugin. -->","yoast_head_json":{"title":"Zarezerwuj prywatne lekcje surfingu - Poloca Surf","description":"Zarezerwuj lekcj\u0119 surfingu z Poloca Surf Coaching Lanzarote i ju\u017c dzi\u015b rozpocznij sw\u00f3j post\u0119p w surfingu.","robots":{"index":"index","follow":"follow","max-snippet":"max-snippet:-1","max-image-preview":"max-image-preview:large","max-video-preview":"max-video-preview:-1"},"canonical":"https:\/\/www.polocasurf.com\/pl\/zarezerwuj-prywatne-lekcje-surfingu\/","og_locale":"pl_PL","og_type":"article","og_title":"Zarezerwuj prywatne lekcje surfingu - Poloca Surf","og_description":"Zarezerwuj lekcj\u0119 surfingu z Poloca Surf Coaching Lanzarote i ju\u017c dzi\u015b rozpocznij sw\u00f3j post\u0119p w surfingu.","og_url":"https:\/\/www.polocasurf.com\/pl\/zarezerwuj-prywatne-lekcje-surfingu\/","og_site_name":"Poloca Surf","article_modified_time":"2025-04-28T12:58:54+00:00","twitter_card":"summary_large_image","twitter_misc":{"Szacowany czas czytania":"7 minut"},"schema":{"@context":"https:\/\/schema.org","@graph":[{"@type":"WebPage","@id":"https:\/\/www.polocasurf.com\/pl\/zarezerwuj-prywatne-lekcje-surfingu\/","url":"https:\/\/www.polocasurf.com\/pl\/zarezerwuj-prywatne-lekcje-surfingu\/","name":"Zarezerwuj prywatne lekcje surfingu - Poloca Surf","isPartOf":{"@id":"https:\/\/www.polocasurf.com\/#website"},"datePublished":"2023-03-25T22:08:35+00:00","dateModified":"2025-04-28T12:58:54+00:00","description":"Zarezerwuj lekcj\u0119 surfingu z Poloca Surf Coaching Lanzarote i ju\u017c dzi\u015b rozpocznij sw\u00f3j post\u0119p w surfingu.","breadcrumb":{"@id":"https:\/\/www.polocasurf.com\/pl\/zarezerwuj-prywatne-lekcje-surfingu\/#breadcrumb"},"inLanguage":"pl-PL","potentialAction":[{"@type":"ReadAction","target":["https:\/\/www.polocasurf.com\/pl\/zarezerwuj-prywatne-lekcje-surfingu\/"]}]},{"@type":"BreadcrumbList","@id":"https:\/\/www.polocasurf.com\/pl\/zarezerwuj-prywatne-lekcje-surfingu\/#breadcrumb","itemListElement":[{"@type":"ListItem","position":1,"name":"Home","item":"https:\/\/www.polocasurf.com\/pl\/"},{"@type":"ListItem","position":2,"name":"Zarezerwuj prywatne lekcje surfingu"}]},{"@type":"WebSite","@id":"https:\/\/www.polocasurf.com\/#website","url":"https:\/\/www.polocasurf.com\/","name":"Poloca Surf","description":"Goal oriented surf coaching Lanzarote","potentialAction":[{"@type":"SearchAction","target":{"@type":"EntryPoint","urlTemplate":"https:\/\/www.polocasurf.com\/?s={search_term_string}"},"query-input":{"@type":"PropertyValueSpecification","valueRequired":true,"valueName":"search_term_string"}}],"inLanguage":"pl-PL"}]}},"_links":{"self":[{"href":"https:\/\/www.polocasurf.com\/pl\/wp-json\/wp\/v2\/pages\/3174","targetHints":{"allow":["GET"]}}],"collection":[{"href":"https:\/\/www.polocasurf.com\/pl\/wp-json\/wp\/v2\/pages"}],"about":[{"href":"https:\/\/www.polocasurf.com\/pl\/wp-json\/wp\/v2\/types\/page"}],"author":[{"embeddable":true,"href":"https:\/\/www.polocasurf.com\/pl\/wp-json\/wp\/v2\/users\/1"}],"replies":[{"embeddable":true,"href":"https:\/\/www.polocasurf.com\/pl\/wp-json\/wp\/v2\/comments?post=3174"}],"version-history":[{"count":9,"href":"https:\/\/www.polocasurf.com\/pl\/wp-json\/wp\/v2\/pages\/3174\/revisions"}],"predecessor-version":[{"id":4745,"href":"https:\/\/www.polocasurf.com\/pl\/wp-json\/wp\/v2\/pages\/3174\/revisions\/4745"}],"wp:attachment":[{"href":"https:\/\/www.polocasurf.com\/pl\/wp-json\/wp\/v2\/media?parent=3174"}],"curies":[{"name":"wp","href":"https:\/\/api.w.org\/{rel}","templated":true}]}}