{"id":3180,"date":"2022-03-30T19:01:24","date_gmt":"2022-03-30T19:01:24","guid":{"rendered":"https:\/\/www.polocasurf.com\/lekcje-surfingu-dla-dzieci\/"},"modified":"2022-05-16T09:21:42","modified_gmt":"2022-05-16T09:21:42","slug":"lekcje-surfingu-dla-dzieci","status":"publish","type":"page","link":"https:\/\/www.polocasurf.com\/pl\/lekcje-surfingu-dla-dzieci\/","title":{"rendered":"Lekcje surfingu dla dzieci"},"content":{"rendered":"<p><div class=\"fusion-fullwidth fullwidth-box fusion-builder-row-1 fusion-flex-container nonhundred-percent-fullwidth non-hundred-percent-height-scrolling\" style=\"--link_color: var(--awb-color3);--awb-border-radius-top-left:0px;--awb-border-radius-top-right:0px;--awb-border-radius-bottom-right:0px;--awb-border-radius-bottom-left:0px;--awb-padding-right:60px;--awb-padding-left:60px;--awb-padding-top-small:0px;--awb-padding-right-small:40px;--awb-padding-bottom-small:0px;--awb-padding-left-small:40px;--awb-margin-top:10%;--awb-margin-bottom:4%;--awb-margin-top-small:0px;--awb-margin-bottom-small:0px;--awb-background-color:rgba(255,255,255,0);--awb-flex-wrap:wrap;\" ><div class=\"fusion-builder-row fusion-row fusion-flex-align-items-center fusion-flex-content-wrap\" style=\"max-width:1393.6px;margin-left: calc(-4% \/ 2 );margin-right: calc(-4% \/ 2 );\"><div class=\"fusion-layout-column fusion_builder_column fusion-builder-column-0 fusion_builder_column_1_1 1_1 fusion-flex-column fusion-flex-align-self-flex-start\" style=\"--awb-padding-right-small:0px;--awb-padding-left-small:0px;--awb-bg-size:cover;--awb-width-large:100%;--awb-margin-top-large:8%;--awb-spacing-right-large:1.92%;--awb-margin-bottom-large:20px;--awb-spacing-left-large:1.92%;--awb-width-medium:100%;--awb-order-medium:0;--awb-spacing-right-medium:1.92%;--awb-spacing-left-medium:1.92%;--awb-width-small:100%;--awb-order-small:0;--awb-margin-top-small:0px;--awb-spacing-right-small:0%;--awb-spacing-left-small:0%;\"><div class=\"fusion-column-wrapper fusion-column-has-shadow fusion-flex-justify-content-flex-start fusion-content-layout-column\"><div class=\"fusion-title title fusion-title-1 fusion-sep-none fusion-title-text fusion-title-size-one\" style=\"--awb-text-color:var(--awb-color1);--awb-margin-top:70px;--awb-margin-top-small:10px;--awb-margin-right-small:0px;--awb-margin-bottom-small:10px;--awb-margin-left-small:0px;--awb-font-size:80px;\"><h1 class=\"fusion-title-heading title-heading-left fusion-responsive-typography-calculated\" style=\"margin:0;text-transform:none;font-size:1em;--fontSize:80;line-height:0.98;\"><strong>Zaj\u0119cia surfingowe dla dzieci<\/strong><\/h1><\/div><div class=\"fusion-separator fusion-full-width-sep\" style=\"align-self: center;margin-left: auto;margin-right: auto;margin-bottom:4%;width:100%;\"><div class=\"fusion-separator-border sep-single\" style=\"--awb-height:20px;--awb-amount:20px;--awb-sep-color:var(--awb-color1);border-color:var(--awb-color1);border-top-width:1px;\"><\/div><\/div><div class=\"fusion-text fusion-text-1\" style=\"--awb-text-transform:none;\"><h2 class=\"fusion-responsive-typography-calculated\" style=\"--fontsize: 42.6667; line-height: 1.2;\" data-fontsize=\"42.6667\" data-lineheight=\"51.2px\"><span style=\"color: var(--awb-color1); font-size: 37px;\" data-fusion-font=\"true\">Wprowad\u017a swoje dzieci do oceanu w zabawnym, bezpiecznym \u015brodowisku<\/span><\/h2>\n<\/div><\/div><\/div><\/div><\/div><div class=\"fusion-fullwidth fullwidth-box fusion-builder-row-2 fusion-flex-container nonhundred-percent-fullwidth non-hundred-percent-height-scrolling\" style=\"--awb-border-radius-top-left:0px;--awb-border-radius-top-right:0px;--awb-border-radius-bottom-right:0px;--awb-border-radius-bottom-left:0px;--awb-padding-top:6%;--awb-padding-right:60px;--awb-padding-bottom:8%;--awb-padding-left:60px;--awb-padding-right-small:40px;--awb-padding-left-small:40px;--awb-margin-top:50px;--awb-margin-bottom:0px;--awb-background-color:var(--awb-custom_color_8);--awb-flex-wrap:wrap;\" ><div class=\"fusion-builder-row fusion-row fusion-flex-align-items-flex-start fusion-flex-content-wrap\" style=\"max-width:1393.6px;margin-left: calc(-4% \/ 2 );margin-right: calc(-4% \/ 2 );\"><div class=\"fusion-layout-column fusion_builder_column fusion-builder-column-1 fusion_builder_column_3_4 3_4 fusion-flex-column\" style=\"--awb-padding-right:60px;--awb-padding-right-small:0px;--awb-padding-left-small:0px;--awb-bg-size:cover;--awb-width-large:75%;--awb-margin-top-large:0px;--awb-spacing-right-large:2.56%;--awb-margin-bottom-large:0px;--awb-spacing-left-large:2.56%;--awb-width-medium:75%;--awb-order-medium:0;--awb-spacing-right-medium:2.56%;--awb-spacing-left-medium:2.56%;--awb-width-small:100%;--awb-order-small:0;--awb-spacing-right-small:0%;--awb-spacing-left-small:0%;\"><div class=\"fusion-column-wrapper fusion-column-has-shadow fusion-flex-justify-content-flex-start fusion-content-layout-column\"><div class=\"fusion-title title fusion-title-2 fusion-sep-none fusion-title-text fusion-title-size-three\" style=\"--awb-text-color:var(--awb-custom_color_7);--awb-margin-top-small:10px;--awb-margin-right-small:0px;--awb-margin-bottom-small:10px;--awb-margin-left-small:0px;\"><h3 class=\"fusion-title-heading title-heading-left fusion-responsive-typography-calculated\" style=\"margin:0;text-transform:none;--fontSize:32;line-height:var(--awb-typography1-line-height);\"><h3 class=\"title-heading-left fusion-responsive-typography-calculated\">Lekcje surfingu dla dzieci<\/h3><\/h3><\/div><div class=\"fusion-text fusion-text-2 fusion-text-no-margin\" style=\"--awb-text-transform:none;--awb-text-color:var(--awb-custom_color_7);--awb-margin-bottom:4%;\"><p>Pracuj\u0119 indywidualnie z dzie\u0107mi, aby pom\u00f3c im zbudowa\u0107 bezpieczn\u0105 i pe\u0142n\u0105 szacunku relacj\u0119 z oceanem. Obcowanie z morzem od najm\u0142odszych lat mo\u017ce prowadzi\u0107 do mi\u0142o\u015bci do wody na ca\u0142e \u017cycie, czerpania rado\u015bci ze sprawno\u015bci fizycznej i dobrego samopoczucia psychicznego, kt\u00f3re s\u0105 synonimem \u017cycia w oceanie.<\/p>\n<p>Trening surfingu dla dzieci to co\u015b wi\u0119cej ni\u017c tylko nauka surfingu. Pomaga budowa\u0107 pewno\u015b\u0107 siebie, zdolno\u015bci motoryczne i mo\u017ce by\u0107 dobrym wprowadzeniem do bezpiecze\u0144stwa oceanicznego w spokojnym i chronionym \u015brodowisku \u2014 zawsze jestem blisko ucznia przez ca\u0142y czas przebywania w wodzie. Twoje bezpiecze\u0144stwo jest zawsze moim priorytetem.<\/p>\n<\/div><div class=\"fusion-text fusion-text-3\" style=\"--awb-text-transform:none;\"><h6 class=\"fusion-responsive-typography-calculated\" style=\"--fontsize: 16; line-height: 1.6; --minfontsize: 16;\" data-fontsize=\"16\" data-lineheight=\"25.6px\">ZAWIERA:<\/h6>\n<ul>\n<li>Spersonalizowana lekcja surfingu w j\u0119zyku polskim<\/li>\n<li>Dopasowuje warunki do surfowania do poziomu uczni\u00f3w<\/li>\n<li>Ca\u0142y sprz\u0119t wymagany na lekcjach surfingu, w tym deska, pianka i kask<\/li>\n<li>Lekcja w czasie odp\u0142ywu, aby zapewni\u0107 najlepsze warunki do nauki<\/li>\n<li>Maksymalna grupa dw\u00f3ch uczni\u00f3w<\/li>\n<li>Trzydzie\u015bci minut teorii na pla\u017cy<\/li>\n<li>Jedna godzina w wodzie<\/li>\n<\/ul>\n<p><b><u><span style=\"font-size: 20px;\" data-fusion-font=\"true\">50\u20ac<\/span><\/u><\/b><\/p>\n<\/div><div ><a class=\"fusion-button button-flat fusion-button-default-size button-custom fusion-button-default button-1 fusion-button-default-span \" style=\"--awb-margin-top:20px;--awb-margin-bottom:10px;--awb-padding-top:5px;--awb-padding-right:40px;--awb-padding-bottom:5px;--awb-padding-left:40px;--button_accent_color:var(--awb-color1);--button_border_color:var(--awb-custom_color_8);--button_accent_hover_color:var(--awb-color1);--button_border_hover_color:var(--awb-custom_color_1);--button_border_width-top:0;--button_border_width-right:0;--button_border_width-bottom:0;--button_border_width-left:0;--button-border-radius-top-left:0;--button-border-radius-top-right:0;--button-border-radius-bottom-right:0;--button-border-radius-bottom-left:0;--button_gradient_top_color:var(--awb-color4);--button_gradient_bottom_color:var(--awb-color4);--button_gradient_top_color_hover:var(--awb-custom_color_1);--button_gradient_bottom_color_hover:var(--awb-custom_color_1);--button_text_transform:uppercase;--button_font_size:14px;--button_line_height:var(--awb-typography5-line-height);--button_typography-letter-spacing:0.015em;--button_typography-font-family:var(--awb-typography5-font-family);--button_typography-font-weight:var(--awb-typography5-font-weight);--button_typography-font-style:var(--awb-typography5-font-style);\" target=\"_self\" href=\"https:\/\/polocasurf.com\/book-childrens-surf-classes\/\"><span class=\"fusion-button-text awb-button__text awb-button__text--default\">Rezerwuj teraz<\/span><\/a><\/div><\/div><\/div><div class=\"fusion-layout-column fusion_builder_column fusion-builder-column-2 fusion_builder_column_1_4 1_4 fusion-flex-column\" style=\"--awb-bg-color:rgba(255,255,255,0);--awb-bg-color-hover:rgba(255,255,255,0);--awb-bg-size:cover;--awb-width-large:25%;--awb-margin-top-large:0px;--awb-spacing-right-large:7.68%;--awb-margin-bottom-large:20px;--awb-spacing-left-large:7.68%;--awb-width-medium:25%;--awb-order-medium:0;--awb-spacing-right-medium:7.68%;--awb-spacing-left-medium:7.68%;--awb-width-small:100%;--awb-order-small:0;--awb-spacing-right-small:1.92%;--awb-spacing-left-small:1.92%;\"><div class=\"fusion-column-wrapper fusion-column-has-shadow fusion-flex-justify-content-flex-start fusion-content-layout-column\"><\/div><\/div><\/div><\/div><\/p>\n","protected":false},"excerpt":{"rendered":"","protected":false},"author":1,"featured_media":0,"parent":0,"menu_order":0,"comment_status":"closed","ping_status":"closed","template":"100-width.php","meta":{"_monsterinsights_skip_tracking":false,"_monsterinsights_sitenote_active":false,"_monsterinsights_sitenote_note":"","_monsterinsights_sitenote_category":0,"footnotes":""},"class_list":["post-3180","page","type-page","status-publish","hentry"],"yoast_head":"<!-- This site is optimized with the Yoast SEO plugin v27.4 - https:\/\/yoast.com\/product\/yoast-seo-wordpress\/ -->\n<title>Lekcje surfingu dla dzieci - Poloca Surf<\/title>\n<meta name=\"description\" content=\"Wprowad\u017a swoje dziecko do oceanu w zabawnym, bezpiecznym \u015brodowisku! Obcowanie z morzem od najm\u0142odszych lat mo\u017ce prowadzi\u0107 do mi\u0142o\u015bci do wody na ca\u0142e \u017cycie, czerpania rado\u015bci ze sprawno\u015bci fizycznej i dobrego samopoczucia psychicznego, kt\u00f3re s\u0105 synonimem \u017cycia w oceanie.\" \/>\n<meta name=\"robots\" content=\"index, follow, max-snippet:-1, max-image-preview:large, max-video-preview:-1\" \/>\n<link rel=\"canonical\" href=\"https:\/\/www.polocasurf.com\/pl\/lekcje-surfingu-dla-dzieci\/\" \/>\n<meta property=\"og:locale\" content=\"pl_PL\" \/>\n<meta property=\"og:type\" content=\"article\" \/>\n<meta property=\"og:title\" content=\"Lekcje surfingu dla dzieci - Poloca Surf\" \/>\n<meta property=\"og:description\" content=\"Wprowad\u017a swoje dziecko do oceanu w zabawnym, bezpiecznym \u015brodowisku! Obcowanie z morzem od najm\u0142odszych lat mo\u017ce prowadzi\u0107 do mi\u0142o\u015bci do wody na ca\u0142e \u017cycie, czerpania rado\u015bci ze sprawno\u015bci fizycznej i dobrego samopoczucia psychicznego, kt\u00f3re s\u0105 synonimem \u017cycia w oceanie.\" \/>\n<meta property=\"og:url\" content=\"https:\/\/www.polocasurf.com\/pl\/lekcje-surfingu-dla-dzieci\/\" \/>\n<meta property=\"og:site_name\" content=\"Poloca Surf\" \/>\n<meta property=\"article:modified_time\" content=\"2022-05-16T09:21:42+00:00\" \/>\n<meta name=\"twitter:card\" content=\"summary_large_image\" \/>\n<meta name=\"twitter:label1\" content=\"Szacowany czas czytania\" \/>\n\t<meta name=\"twitter:data1\" content=\"7 minut\" \/>\n<script type=\"application\/ld+json\" class=\"yoast-schema-graph\">{\"@context\":\"https:\\\/\\\/schema.org\",\"@graph\":[{\"@type\":\"WebPage\",\"@id\":\"https:\\\/\\\/www.polocasurf.com\\\/pl\\\/lekcje-surfingu-dla-dzieci\\\/\",\"url\":\"https:\\\/\\\/www.polocasurf.com\\\/pl\\\/lekcje-surfingu-dla-dzieci\\\/\",\"name\":\"Lekcje surfingu dla dzieci - Poloca Surf\",\"isPartOf\":{\"@id\":\"https:\\\/\\\/www.polocasurf.com\\\/#website\"},\"datePublished\":\"2022-03-30T19:01:24+00:00\",\"dateModified\":\"2022-05-16T09:21:42+00:00\",\"description\":\"Wprowad\u017a swoje dziecko do oceanu w zabawnym, bezpiecznym \u015brodowisku! Obcowanie z morzem od najm\u0142odszych lat mo\u017ce prowadzi\u0107 do mi\u0142o\u015bci do wody na ca\u0142e \u017cycie, czerpania rado\u015bci ze sprawno\u015bci fizycznej i dobrego samopoczucia psychicznego, kt\u00f3re s\u0105 synonimem \u017cycia w oceanie.\",\"breadcrumb\":{\"@id\":\"https:\\\/\\\/www.polocasurf.com\\\/pl\\\/lekcje-surfingu-dla-dzieci\\\/#breadcrumb\"},\"inLanguage\":\"pl-PL\",\"potentialAction\":[{\"@type\":\"ReadAction\",\"target\":[\"https:\\\/\\\/www.polocasurf.com\\\/pl\\\/lekcje-surfingu-dla-dzieci\\\/\"]}]},{\"@type\":\"BreadcrumbList\",\"@id\":\"https:\\\/\\\/www.polocasurf.com\\\/pl\\\/lekcje-surfingu-dla-dzieci\\\/#breadcrumb\",\"itemListElement\":[{\"@type\":\"ListItem\",\"position\":1,\"name\":\"Home\",\"item\":\"https:\\\/\\\/www.polocasurf.com\\\/pl\\\/\"},{\"@type\":\"ListItem\",\"position\":2,\"name\":\"Lekcje surfingu dla dzieci\"}]},{\"@type\":\"WebSite\",\"@id\":\"https:\\\/\\\/www.polocasurf.com\\\/#website\",\"url\":\"https:\\\/\\\/www.polocasurf.com\\\/\",\"name\":\"Poloca Surf\",\"description\":\"Goal oriented surf coaching Lanzarote\",\"potentialAction\":[{\"@type\":\"SearchAction\",\"target\":{\"@type\":\"EntryPoint\",\"urlTemplate\":\"https:\\\/\\\/www.polocasurf.com\\\/?s={search_term_string}\"},\"query-input\":{\"@type\":\"PropertyValueSpecification\",\"valueRequired\":true,\"valueName\":\"search_term_string\"}}],\"inLanguage\":\"pl-PL\"}]}<\/script>\n<!-- \/ Yoast SEO plugin. -->","yoast_head_json":{"title":"Lekcje surfingu dla dzieci - Poloca Surf","description":"Wprowad\u017a swoje dziecko do oceanu w zabawnym, bezpiecznym \u015brodowisku! Obcowanie z morzem od najm\u0142odszych lat mo\u017ce prowadzi\u0107 do mi\u0142o\u015bci do wody na ca\u0142e \u017cycie, czerpania rado\u015bci ze sprawno\u015bci fizycznej i dobrego samopoczucia psychicznego, kt\u00f3re s\u0105 synonimem \u017cycia w oceanie.","robots":{"index":"index","follow":"follow","max-snippet":"max-snippet:-1","max-image-preview":"max-image-preview:large","max-video-preview":"max-video-preview:-1"},"canonical":"https:\/\/www.polocasurf.com\/pl\/lekcje-surfingu-dla-dzieci\/","og_locale":"pl_PL","og_type":"article","og_title":"Lekcje surfingu dla dzieci - Poloca Surf","og_description":"Wprowad\u017a swoje dziecko do oceanu w zabawnym, bezpiecznym \u015brodowisku! Obcowanie z morzem od najm\u0142odszych lat mo\u017ce prowadzi\u0107 do mi\u0142o\u015bci do wody na ca\u0142e \u017cycie, czerpania rado\u015bci ze sprawno\u015bci fizycznej i dobrego samopoczucia psychicznego, kt\u00f3re s\u0105 synonimem \u017cycia w oceanie.","og_url":"https:\/\/www.polocasurf.com\/pl\/lekcje-surfingu-dla-dzieci\/","og_site_name":"Poloca Surf","article_modified_time":"2022-05-16T09:21:42+00:00","twitter_card":"summary_large_image","twitter_misc":{"Szacowany czas czytania":"7 minut"},"schema":{"@context":"https:\/\/schema.org","@graph":[{"@type":"WebPage","@id":"https:\/\/www.polocasurf.com\/pl\/lekcje-surfingu-dla-dzieci\/","url":"https:\/\/www.polocasurf.com\/pl\/lekcje-surfingu-dla-dzieci\/","name":"Lekcje surfingu dla dzieci - Poloca Surf","isPartOf":{"@id":"https:\/\/www.polocasurf.com\/#website"},"datePublished":"2022-03-30T19:01:24+00:00","dateModified":"2022-05-16T09:21:42+00:00","description":"Wprowad\u017a swoje dziecko do oceanu w zabawnym, bezpiecznym \u015brodowisku! Obcowanie z morzem od najm\u0142odszych lat mo\u017ce prowadzi\u0107 do mi\u0142o\u015bci do wody na ca\u0142e \u017cycie, czerpania rado\u015bci ze sprawno\u015bci fizycznej i dobrego samopoczucia psychicznego, kt\u00f3re s\u0105 synonimem \u017cycia w oceanie.","breadcrumb":{"@id":"https:\/\/www.polocasurf.com\/pl\/lekcje-surfingu-dla-dzieci\/#breadcrumb"},"inLanguage":"pl-PL","potentialAction":[{"@type":"ReadAction","target":["https:\/\/www.polocasurf.com\/pl\/lekcje-surfingu-dla-dzieci\/"]}]},{"@type":"BreadcrumbList","@id":"https:\/\/www.polocasurf.com\/pl\/lekcje-surfingu-dla-dzieci\/#breadcrumb","itemListElement":[{"@type":"ListItem","position":1,"name":"Home","item":"https:\/\/www.polocasurf.com\/pl\/"},{"@type":"ListItem","position":2,"name":"Lekcje surfingu dla dzieci"}]},{"@type":"WebSite","@id":"https:\/\/www.polocasurf.com\/#website","url":"https:\/\/www.polocasurf.com\/","name":"Poloca Surf","description":"Goal oriented surf coaching Lanzarote","potentialAction":[{"@type":"SearchAction","target":{"@type":"EntryPoint","urlTemplate":"https:\/\/www.polocasurf.com\/?s={search_term_string}"},"query-input":{"@type":"PropertyValueSpecification","valueRequired":true,"valueName":"search_term_string"}}],"inLanguage":"pl-PL"}]}},"_links":{"self":[{"href":"https:\/\/www.polocasurf.com\/pl\/wp-json\/wp\/v2\/pages\/3180","targetHints":{"allow":["GET"]}}],"collection":[{"href":"https:\/\/www.polocasurf.com\/pl\/wp-json\/wp\/v2\/pages"}],"about":[{"href":"https:\/\/www.polocasurf.com\/pl\/wp-json\/wp\/v2\/types\/page"}],"author":[{"embeddable":true,"href":"https:\/\/www.polocasurf.com\/pl\/wp-json\/wp\/v2\/users\/1"}],"replies":[{"embeddable":true,"href":"https:\/\/www.polocasurf.com\/pl\/wp-json\/wp\/v2\/comments?post=3180"}],"version-history":[{"count":2,"href":"https:\/\/www.polocasurf.com\/pl\/wp-json\/wp\/v2\/pages\/3180\/revisions"}],"predecessor-version":[{"id":3183,"href":"https:\/\/www.polocasurf.com\/pl\/wp-json\/wp\/v2\/pages\/3180\/revisions\/3183"}],"wp:attachment":[{"href":"https:\/\/www.polocasurf.com\/pl\/wp-json\/wp\/v2\/media?parent=3180"}],"curies":[{"name":"wp","href":"https:\/\/api.w.org\/{rel}","templated":true}]}}