{"id":3184,"date":"2022-03-28T21:45:19","date_gmt":"2022-03-28T21:45:19","guid":{"rendered":"https:\/\/www.polocasurf.com\/zastrzezenia-prawne\/"},"modified":"2025-08-14T07:51:49","modified_gmt":"2025-08-14T07:51:49","slug":"zastrzezenia-prawne","status":"publish","type":"page","link":"https:\/\/www.polocasurf.com\/pl\/zastrzezenia-prawne\/","title":{"rendered":"Zastrze\u017cenia prawne"},"content":{"rendered":"<div class=\"fusion-fullwidth fullwidth-box fusion-builder-row-1 fusion-flex-container nonhundred-percent-fullwidth non-hundred-percent-height-scrolling\" style=\"--awb-border-radius-top-left:0px;--awb-border-radius-top-right:0px;--awb-border-radius-bottom-right:0px;--awb-border-radius-bottom-left:0px;--awb-padding-top:30px;--awb-padding-right:60px;--awb-padding-left:60px;--awb-margin-top:10%;--awb-flex-wrap:wrap;\" ><div class=\"fusion-builder-row fusion-row fusion-flex-align-items-flex-start fusion-flex-content-wrap\" style=\"max-width:1393.6px;margin-left: calc(-4% \/ 2 );margin-right: calc(-4% \/ 2 );\"><div class=\"fusion-layout-column fusion_builder_column fusion-builder-column-0 fusion_builder_column_1_1 1_1 fusion-flex-column\" style=\"--awb-bg-size:cover;--awb-width-large:100%;--awb-margin-top-large:0px;--awb-spacing-right-large:1.92%;--awb-margin-bottom-large:20px;--awb-spacing-left-large:1.92%;--awb-width-medium:100%;--awb-order-medium:0;--awb-spacing-right-medium:1.92%;--awb-spacing-left-medium:1.92%;--awb-width-small:100%;--awb-order-small:0;--awb-spacing-right-small:1.92%;--awb-spacing-left-small:1.92%;\"><div class=\"fusion-column-wrapper fusion-column-has-shadow fusion-flex-justify-content-flex-start fusion-content-layout-column\"><div class=\"fusion-text fusion-text-1\" style=\"--awb-font-size:var(--awb-typography5-font-size);--awb-line-height:var(--awb-typography5-line-height);--awb-letter-spacing:var(--awb-typography5-letter-spacing);--awb-text-transform:none;--awb-margin-top:30px;--awb-text-font-family:var(--awb-typography5-font-family);--awb-text-font-weight:var(--awb-typography5-font-weight);--awb-text-font-style:var(--awb-typography5-font-style);\"><h2>Poloca Surf Informacje prawne<\/h2>\n<p class=\"p1\"><b>Ostatnia aktualizacja 26 kwietnia 2024 r.<\/b><\/p>\n<p class=\"p1\">Poloca Surf<\/p>\n<p class=\"p1\">Domena internetowa <a href=\"http:\/\/www.polocasurf.com\"><span class=\"s1\">www.polocasurf.com<\/span><\/a> jest w\u0142asno\u015bci\u0105 Wiktorii Sadoskiej z<\/p>\n<p class=\"p1\">NIE (IGIC \/VAT): Y3927974W<\/p>\n<p class=\"p1\">Rezydencja podatkowa: c\/Tinajo, Laguna 6, Lanzarote , Hiszpania<\/p>\n<p class=\"p1\">Dzia\u0142alno\u015b\u0107 :Zarejestrowany TA-3-0026132.39<\/p>\n<p class=\"p3\"><span class=\"s2\">Adres e-mail to <a href=\"mailto:vicky@polocasurf.com\">vicky@polocasurf.com<\/a><\/span><\/p>\n<p class=\"p1\">Telefon +34 678224872<\/p>\n<p>Og\u00f3lne ubezpieczenie od odpowiedzialno\u015bci cywilnej :<\/p>\n<p>Dla klient\u00f3w Poloca Surf<\/p>\n<p>Berkley Espa\u00f1a<br \/>\nPaseo de la Castellana, 149<br \/>\n28046 Madryt<\/p>\n<p>Telefon: +34 91 449 26 46<\/p>\n<p><b>Prawa autorskie i funkcjonowanie strony internetowej<\/b><\/p>\n<p class=\"p1\">Tre\u015b\u0107, projekt, struktura nawigacji strony <a href=\"http:\/\/www.polocasurf.com\"><span class=\"s1\">www.polocasurf.com<\/span><\/a> s\u0105 chronione prawami autorskimi.<\/p>\n<p class=\"p1\">Dok\u0142adamy wszelkich stara\u0144, aby strona dzia\u0142a\u0142a sprawnie. Jednak Poloca Surf nie ponosi odpowiedzialno\u015bci i nie b\u0119dzie ponosi\u0107 odpowiedzialno\u015bci za czasow\u0105 niedost\u0119pno\u015b\u0107 strony internetowej z powodu problem\u00f3w technicznych pozostaj\u0105cych poza nasz\u0105 kontrol\u0105.<\/p>\n<p class=\"p1\"><strong>Zastrze\u017cenie dotycz\u0105ce strony internetowej:<\/strong><\/p>\n<p class=\"p1\">Informacje udost\u0119pniane przez Poloca Surf na stronie <a href=\"http:\/\/www.polocasurf.com\"><span class=\"s1\">www.polocasurf.com<\/span><\/a> s\u0142u\u017c\u0105 wy\u0142\u0105cznie do cel\u00f3w og\u00f3lnych. Wszystkie informacje na stronie s\u0105 podawane w dobrej wierze, jednak nie gwarantujemy \u017cadnego rodzaju o\u015bwiadcze\u0144 ani gwarancji, wyra\u017anych lub dorozumianych, dotycz\u0105cych dok\u0142adno\u015bci, adekwatno\u015bci, wa\u017cno\u015bci, rzetelno\u015bci lub kompletno\u015bci jakichkolwiek informacji na stronie.<\/p>\n<p class=\"p1\">W \u017cadnym wypadku nie ponosimy \u017cadnej odpowiedzialno\u015bci wobec u\u017cytkownika za jakiekolwiek straty lub szkody poniesione w wyniku korzystania z witryny lub polegania na jakichkolwiek informacjach podanych w witrynie. Korzystanie z witryny i poleganie na wszelkich informacjach w witrynie odbywa si\u0119 wy\u0142\u0105cznie na w\u0142asne ryzyko.<\/p>\n<p class=\"p1\"><strong>Referencje zrzeczenie si\u0119<\/strong><\/p>\n<p class=\"p1\">Strona mo\u017ce zawiera\u0107 referencje u\u017cytkownik\u00f3w us\u0142ug. Te referencje odzwierciedlaj\u0105 rzeczywiste do\u015bwiadczenia i opinie takich u\u017cytkownik\u00f3w. Jednak do\u015bwiadczenia s\u0105 osobiste dla tych konkretnych u\u017cytkownik\u00f3w i niekoniecznie musz\u0105 by\u0107 reprezentatywne dla wszystkich u\u017cytkownik\u00f3w us\u0142ug. Nie twierdzimy i nie nale\u017cy zak\u0142ada\u0107, \u017ce wszyscy u\u017cytkownicy b\u0119d\u0105 mieli takie same do\u015bwiadczenia. Tw\u00f3j indywidualny wynik mo\u017ce si\u0119 r\u00f3\u017cni\u0107.<\/p>\n<p class=\"p1\">Opinie przes\u0142ane jako tekst s\u0105 przez nas sprawdzane przed opublikowaniem. Nie jeste\u015bmy powi\u0105zani z u\u017cytkownikami, kt\u00f3rzy dostarczaj\u0105 referencje, a u\u017cytkownicy nie otrzymuj\u0105 wynagrodzenia ani innej rekompensaty za referencje. Pogl\u0105dy i opinie zawarte w referencjach nale\u017c\u0105 wy\u0142\u0105cznie do indywidualnego u\u017cytkownika i nie odzwierciedlaj\u0105 naszych pogl\u0105d\u00f3w ani opinii.<\/p>\n<p class=\"p1\"><strong>Zastrze\u017cenie dotycz\u0105ce link\u00f3w zewn\u0119trznych<\/strong><\/p>\n<p class=\"p1\">Witryna mo\u017ce zawiera\u0107 linki do innych stron internetowych lub tre\u015bci nale\u017c\u0105cych lub pochodz\u0105cych od stron trzecich lub linki do stron internetowych i funkcji w banerach lub innych reklamach. Takie linki zewn\u0119trzne nie s\u0105 przez nas badane, monitorowane ani sprawdzane pod k\u0105tem dok\u0142adno\u015bci, adekwatno\u015bci, wa\u017cno\u015bci, niezawodno\u015bci, dost\u0119pno\u015bci lub kompletno\u015bci. Nie gwarantujemy, nie popieramy, nie gwarantujemy ani nie ponosimy odpowiedzialno\u015bci za dok\u0142adno\u015b\u0107 lub wiarygodno\u015b\u0107 jakichkolwiek informacji oferowanych przez strony internetowe os\u00f3b trzecich, do kt\u00f3rych \u0142\u0105cza znajduj\u0105 si\u0119 w witrynie, ani za jak\u0105kolwiek stron\u0119 internetow\u0105 lub funkcj\u0119, do kt\u00f3rej \u0142\u0105cza znajduj\u0105 si\u0119 w banerach lub innych reklamach, nie b\u0119dziemy cz\u0119\u015bci\u0105 ani w \u017caden spos\u00f3b nie b\u0119dziemy odpowiedzialni za monitorowanie jakichkolwiek transakcji mi\u0119dzy u\u017cytkownikiem a zewn\u0119trznymi dostawcami produkt\u00f3w lub us\u0142ug.<\/p>\n<p><b>Formularze skarg i za\u017cale\u0144<\/b><\/p>\n<p>Formularze reklamacyjne dost\u0119pne s\u0105 po zaj\u0119ciach surfingu oraz na \u017c\u0105danie pod adresem wskazanym w danych identyfikacyjnych<\/p>\n<p><b>INFORMACJE O OCHRONIE DANYCH DLA U\u017bYTKOWNIK\u00d3W SIECI<\/b><\/p>\n<p>Informujemy, \u017ce dane osobowe s\u0105 przetwarzane zgodnie z przepisami ROZPORZ\u0104DZENIA (UE) 2016\/679 o ochronie danych osobowych. Osob\u0105 odpowiedzialn\u0105 za przetwarzanie Twoich danych jest VICTORIA SADOWSKA, S.L. z CIF Y3927974W i siedzib\u0105 przy calle Tinajo w prowincji Las Palmas C.P.:35530, w celu TWORZENIA PLIKU DO KONTROLI, EWOLUCJI I DANYCH KONTAKTOWYCH U\u017bYTKOWNIK\u00d3W NASZEJ STRONY INTERNETOWEJ. Dane u\u017cytkownika mog\u0105 by\u0107 przetwarzane przez osoby trzecie (odbiorcy danych u\u017cytkownika b\u0119d\u0105 przetwarzani w zgodnym z prawem celu umownym, na przyk\u0142ad przez nasz\u0105 firm\u0119 zajmuj\u0105c\u0105 si\u0119 konserwacj\u0105 komputer\u00f3w) wymagaj\u0105ce takiego samego poziomu ustalonych praw, obowi\u0105zk\u00f3w i odpowiedzialno\u015bci. Dane u\u017cytkownika b\u0119d\u0105 przechowywane przez okres bezwzgl\u0119dnie konieczny. Zostan\u0105 one usuni\u0119te po up\u0142ywie okre\u015blonego czasu bez korzystania z nich. U\u017cytkownik zgadza si\u0119 powiadomi\u0107 nas o wszelkich zmianach danych. U\u017cytkownik mo\u017ce skorzysta\u0107 ze swoich praw dost\u0119pu, sprostowania, ograniczenia przetwarzania, usuni\u0119cia, przenoszenia i sprzeciwu wobec przetwarzania jego danych osobowych, kieruj\u0105c swoje \u017c\u0105danie na adres pocztowy wskazany powy\u017cej lub na adres e-mail VICKY@POLOCASURF.COM. U\u017cytkownik mo\u017ce skontaktowa\u0107 si\u0119 z organem w\u0142a\u015bciwej kontroli w celu przedstawienia roszczenia, kt\u00f3re uzna za stosowne.<\/p>\n<\/div><\/div><\/div><\/div><\/div>\n","protected":false},"excerpt":{"rendered":"","protected":false},"author":1,"featured_media":0,"parent":0,"menu_order":0,"comment_status":"closed","ping_status":"closed","template":"","meta":{"_monsterinsights_skip_tracking":false,"_monsterinsights_sitenote_active":false,"_monsterinsights_sitenote_note":"","_monsterinsights_sitenote_category":0,"footnotes":""},"class_list":["post-3184","page","type-page","status-publish","hentry"],"yoast_head":"<!-- This site is optimized with the Yoast SEO plugin v27.4 - https:\/\/yoast.com\/product\/yoast-seo-wordpress\/ -->\n<title>Zastrze\u017cenia prawne - Poloca Surf<\/title>\n<meta name=\"description\" content=\"Zastrze\u017cenia prawne Poloca Surf School na Lanzarote\" \/>\n<meta name=\"robots\" content=\"index, follow, max-snippet:-1, max-image-preview:large, max-video-preview:-1\" \/>\n<link rel=\"canonical\" href=\"https:\/\/www.polocasurf.com\/pl\/zastrzezenia-prawne\/\" \/>\n<meta property=\"og:locale\" content=\"pl_PL\" \/>\n<meta property=\"og:type\" content=\"article\" \/>\n<meta property=\"og:title\" content=\"Zastrze\u017cenia prawne - Poloca Surf\" \/>\n<meta property=\"og:description\" content=\"Zastrze\u017cenia prawne Poloca Surf School na Lanzarote\" \/>\n<meta property=\"og:url\" content=\"https:\/\/www.polocasurf.com\/pl\/zastrzezenia-prawne\/\" \/>\n<meta property=\"og:site_name\" content=\"Poloca Surf\" \/>\n<meta property=\"article:modified_time\" content=\"2025-08-14T07:51:49+00:00\" \/>\n<meta name=\"twitter:card\" content=\"summary_large_image\" \/>\n<meta name=\"twitter:label1\" content=\"Szacowany czas czytania\" \/>\n\t<meta name=\"twitter:data1\" content=\"7 minut\" \/>\n<script type=\"application\/ld+json\" class=\"yoast-schema-graph\">{\"@context\":\"https:\\\/\\\/schema.org\",\"@graph\":[{\"@type\":\"WebPage\",\"@id\":\"https:\\\/\\\/www.polocasurf.com\\\/pl\\\/zastrzezenia-prawne\\\/\",\"url\":\"https:\\\/\\\/www.polocasurf.com\\\/pl\\\/zastrzezenia-prawne\\\/\",\"name\":\"Zastrze\u017cenia prawne - Poloca Surf\",\"isPartOf\":{\"@id\":\"https:\\\/\\\/www.polocasurf.com\\\/#website\"},\"datePublished\":\"2022-03-28T21:45:19+00:00\",\"dateModified\":\"2025-08-14T07:51:49+00:00\",\"description\":\"Zastrze\u017cenia prawne Poloca Surf School na Lanzarote\",\"breadcrumb\":{\"@id\":\"https:\\\/\\\/www.polocasurf.com\\\/pl\\\/zastrzezenia-prawne\\\/#breadcrumb\"},\"inLanguage\":\"pl-PL\",\"potentialAction\":[{\"@type\":\"ReadAction\",\"target\":[\"https:\\\/\\\/www.polocasurf.com\\\/pl\\\/zastrzezenia-prawne\\\/\"]}]},{\"@type\":\"BreadcrumbList\",\"@id\":\"https:\\\/\\\/www.polocasurf.com\\\/pl\\\/zastrzezenia-prawne\\\/#breadcrumb\",\"itemListElement\":[{\"@type\":\"ListItem\",\"position\":1,\"name\":\"Home\",\"item\":\"https:\\\/\\\/www.polocasurf.com\\\/pl\\\/\"},{\"@type\":\"ListItem\",\"position\":2,\"name\":\"Zastrze\u017cenia prawne\"}]},{\"@type\":\"WebSite\",\"@id\":\"https:\\\/\\\/www.polocasurf.com\\\/#website\",\"url\":\"https:\\\/\\\/www.polocasurf.com\\\/\",\"name\":\"Poloca Surf\",\"description\":\"Goal oriented surf coaching Lanzarote\",\"potentialAction\":[{\"@type\":\"SearchAction\",\"target\":{\"@type\":\"EntryPoint\",\"urlTemplate\":\"https:\\\/\\\/www.polocasurf.com\\\/?s={search_term_string}\"},\"query-input\":{\"@type\":\"PropertyValueSpecification\",\"valueRequired\":true,\"valueName\":\"search_term_string\"}}],\"inLanguage\":\"pl-PL\"}]}<\/script>\n<!-- \/ Yoast SEO plugin. -->","yoast_head_json":{"title":"Zastrze\u017cenia prawne - Poloca Surf","description":"Zastrze\u017cenia prawne Poloca Surf School na Lanzarote","robots":{"index":"index","follow":"follow","max-snippet":"max-snippet:-1","max-image-preview":"max-image-preview:large","max-video-preview":"max-video-preview:-1"},"canonical":"https:\/\/www.polocasurf.com\/pl\/zastrzezenia-prawne\/","og_locale":"pl_PL","og_type":"article","og_title":"Zastrze\u017cenia prawne - Poloca Surf","og_description":"Zastrze\u017cenia prawne Poloca Surf School na Lanzarote","og_url":"https:\/\/www.polocasurf.com\/pl\/zastrzezenia-prawne\/","og_site_name":"Poloca Surf","article_modified_time":"2025-08-14T07:51:49+00:00","twitter_card":"summary_large_image","twitter_misc":{"Szacowany czas czytania":"7 minut"},"schema":{"@context":"https:\/\/schema.org","@graph":[{"@type":"WebPage","@id":"https:\/\/www.polocasurf.com\/pl\/zastrzezenia-prawne\/","url":"https:\/\/www.polocasurf.com\/pl\/zastrzezenia-prawne\/","name":"Zastrze\u017cenia prawne - Poloca Surf","isPartOf":{"@id":"https:\/\/www.polocasurf.com\/#website"},"datePublished":"2022-03-28T21:45:19+00:00","dateModified":"2025-08-14T07:51:49+00:00","description":"Zastrze\u017cenia prawne Poloca Surf School na Lanzarote","breadcrumb":{"@id":"https:\/\/www.polocasurf.com\/pl\/zastrzezenia-prawne\/#breadcrumb"},"inLanguage":"pl-PL","potentialAction":[{"@type":"ReadAction","target":["https:\/\/www.polocasurf.com\/pl\/zastrzezenia-prawne\/"]}]},{"@type":"BreadcrumbList","@id":"https:\/\/www.polocasurf.com\/pl\/zastrzezenia-prawne\/#breadcrumb","itemListElement":[{"@type":"ListItem","position":1,"name":"Home","item":"https:\/\/www.polocasurf.com\/pl\/"},{"@type":"ListItem","position":2,"name":"Zastrze\u017cenia prawne"}]},{"@type":"WebSite","@id":"https:\/\/www.polocasurf.com\/#website","url":"https:\/\/www.polocasurf.com\/","name":"Poloca Surf","description":"Goal oriented surf coaching Lanzarote","potentialAction":[{"@type":"SearchAction","target":{"@type":"EntryPoint","urlTemplate":"https:\/\/www.polocasurf.com\/?s={search_term_string}"},"query-input":{"@type":"PropertyValueSpecification","valueRequired":true,"valueName":"search_term_string"}}],"inLanguage":"pl-PL"}]}},"_links":{"self":[{"href":"https:\/\/www.polocasurf.com\/pl\/wp-json\/wp\/v2\/pages\/3184","targetHints":{"allow":["GET"]}}],"collection":[{"href":"https:\/\/www.polocasurf.com\/pl\/wp-json\/wp\/v2\/pages"}],"about":[{"href":"https:\/\/www.polocasurf.com\/pl\/wp-json\/wp\/v2\/types\/page"}],"author":[{"embeddable":true,"href":"https:\/\/www.polocasurf.com\/pl\/wp-json\/wp\/v2\/users\/1"}],"replies":[{"embeddable":true,"href":"https:\/\/www.polocasurf.com\/pl\/wp-json\/wp\/v2\/comments?post=3184"}],"version-history":[{"count":18,"href":"https:\/\/www.polocasurf.com\/pl\/wp-json\/wp\/v2\/pages\/3184\/revisions"}],"predecessor-version":[{"id":4876,"href":"https:\/\/www.polocasurf.com\/pl\/wp-json\/wp\/v2\/pages\/3184\/revisions\/4876"}],"wp:attachment":[{"href":"https:\/\/www.polocasurf.com\/pl\/wp-json\/wp\/v2\/media?parent=3184"}],"curies":[{"name":"wp","href":"https:\/\/api.w.org\/{rel}","templated":true}]}}