{"id":3192,"date":"2022-03-28T22:20:04","date_gmt":"2022-03-28T22:20:04","guid":{"rendered":"https:\/\/www.polocasurf.com\/regulamin\/"},"modified":"2025-07-23T19:11:53","modified_gmt":"2025-07-23T19:11:53","slug":"regulamin","status":"publish","type":"page","link":"https:\/\/www.polocasurf.com\/pl\/regulamin\/","title":{"rendered":"Regulamin"},"content":{"rendered":"<div class=\"fusion-fullwidth fullwidth-box fusion-builder-row-1 fusion-flex-container nonhundred-percent-fullwidth non-hundred-percent-height-scrolling\" style=\"--awb-border-radius-top-left:0px;--awb-border-radius-top-right:0px;--awb-border-radius-bottom-right:0px;--awb-border-radius-bottom-left:0px;--awb-padding-top:8%;--awb-padding-right:60px;--awb-padding-left:60px;--awb-flex-wrap:wrap;\" ><div class=\"fusion-builder-row fusion-row fusion-flex-align-items-flex-start fusion-flex-content-wrap\" style=\"max-width:1393.6px;margin-left: calc(-4% \/ 2 );margin-right: calc(-4% \/ 2 );\"><div class=\"fusion-layout-column fusion_builder_column fusion-builder-column-0 fusion_builder_column_1_1 1_1 fusion-flex-column\" style=\"--awb-padding-top:4%;--awb-bg-size:cover;--awb-width-large:100%;--awb-margin-top-large:8%;--awb-spacing-right-large:1.92%;--awb-margin-bottom-large:4%;--awb-spacing-left-large:1.92%;--awb-width-medium:100%;--awb-order-medium:0;--awb-spacing-right-medium:1.92%;--awb-spacing-left-medium:1.92%;--awb-width-small:100%;--awb-order-small:0;--awb-spacing-right-small:1.92%;--awb-spacing-left-small:1.92%;\"><div class=\"fusion-column-wrapper fusion-column-has-shadow fusion-flex-justify-content-flex-start fusion-content-layout-column\"><div class=\"fusion-text fusion-text-1\" style=\"--awb-text-transform:none;\"><h2><strong>Regulamin <\/strong><\/h2>\n<p><span style=\"text-decoration: underline;\"><strong>REZERWACJA REZERWACJI<\/strong><\/span><\/p>\n<ol>\n<li>O dost\u0119pno\u015b\u0107 kursu wraz z datami i liczb\u0105 os\u00f3b klient zg\u0142asza e-mailem lub wype\u0142niaj\u0105c formularz rezerwacji.<\/li>\n<li>Po potwierdzeniu terminu nale\u017cy dokona\u0107 p\u0142atno\u015bci przelewem bankowym w ci\u0105gu 48 godzin, aby zarezerwowa\u0107 miejsce.<\/li>\n<li>Po otrzymaniu p\u0142atno\u015bci otrzymasz potwierdzenie rezerwacji e-mailem.<\/li>\n<li>W przypadku nieotrzymania p\u0142atno\u015bci w ci\u0105gu 48 godzin rezerwacja zostanie anulowana. Nast\u0119pnie musisz skontaktowa\u0107 si\u0119 z Poloca Surf, aby ponownie potwierdzi\u0107 swoje miejsce. Poloca Surf nie ponosi odpowiedzialno\u015bci za overbooking.<\/li>\n<\/ol>\n<p><span style=\"text-decoration: underline;\"><strong>ZMIANA REZERWACJI<\/strong><\/span><\/p>\n<p>Poloca Surf zrobi wszystko, co w jego mocy, aby zmieni\u0107 terminy potwierdzonej rezerwacji. Zmiany b\u0119d\u0105 uzale\u017cnione od dost\u0119pno\u015bci dat i godzin.<\/p>\n<p><span style=\"text-decoration: underline;\"><strong>HARMONOGRAM ZAJ\u0118\u0106 Z POLOCA SURF <\/strong><\/span><\/p>\n<p>Zaj\u0119cia Poloca Surf \u2013 prywatne, dla dzieci lub grupowe b\u0119d\u0105 odbywa\u0107 si\u0119 w r\u00f3\u017cnych godzinach, na pla\u017cy Famara w zale\u017cno\u015bci od przyp\u0142ywu i fal. Ma to zagwarantowa\u0107 Ci najlepsze i najbezpieczniejsze warunki.<\/p>\n<p><span style=\"text-decoration: underline;\"><strong>FORMULARZE REKLAMACJI<\/strong><\/span><\/p>\n<p>Formularze reklamacyjne s\u0105 dost\u0119pne od 10:00 do 18:00 Calle Arenales 24, Tinajo 35560<\/p>\n<p><span style=\"text-decoration: underline;\"><strong>ANULOWANIE REZERWACJI PRZED ROZPOCZ\u0118CIEM KURSU<\/strong><\/span><\/p>\n<p>Je\u015bli zdecydujesz si\u0119 anulowa\u0107 kurs surfingu, kt\u00f3ry zosta\u0142 ju\u017c op\u0142acony, powiniene\u015b skontaktowa\u0107 si\u0119 z Poloca Surf mailowo w ci\u0105gu jednego miesi\u0105ca (30 dni) przed rozpocz\u0119ciem kursu. B\u0119dziesz uprawniony do zwrotu wp\u0142aconej kwoty, z wy\u0142\u0105czeniem koszt\u00f3w administracyjnych 20 \u20ac.<\/p>\n<p>Je\u015bli rezygnacja zostanie dokonana w terminie kr\u00f3tszym ni\u017c miesi\u0105c (29 dni) przed rozpocz\u0119ciem kursu, masz prawo dokona\u0107 nowej rezerwacji w ci\u0105gu dw\u00f3ch lat od daty wp\u0142aty za odwo\u0142any kurs.<\/p>\n<p>Je\u015bli rezygnacja zostanie dokonana w ci\u0105gu tygodnia (7 dni) przed rozpocz\u0119ciem kursu, nie b\u0119dziesz mie\u0107 prawa do zwrotu kwoty zap\u0142aconej za kurs surfingu.<\/p>\n<p><span style=\"text-decoration: underline;\"><strong>ANULOWANIE CZYNNO\u015aCI ZE WZGL\u0118DU NA OKOLICZNO\u015aCI METEOROLOGICZNE<\/strong><\/span><\/p>\n<p>Poloca Surf zastrzega sobie prawo do odwo\u0142ania zaj\u0119\u0107 ze wzgl\u0119d\u00f3w meteorologicznych oraz w celu zapewnienia bezpiecze\u0144stwa naszych klient\u00f3w.<\/p>\n<p>Wp\u0142acona za t\u0119 czynno\u015b\u0107 op\u0142ata zostanie zwr\u00f3cona w formie bonu w celu uko\u0144czenia kursu w p\u00f3\u017aniejszym terminie, po wcze\u015bniejszym uzgodnieniu z firm\u0105.<\/p>\n<p><span style=\"text-decoration: underline;\"><strong>UBEZPIECZENIE<\/strong><\/span><\/p>\n<p>Poloca Surf posiada dla klient\u00f3w ubezpieczenie OC, NNW i ratownicze, kt\u00f3re obejmuje wszystkie szkody obj\u0119te ww. polis\u0105.<\/p>\n<p><strong>Wymagania do uko\u0144czenia kursu gwarantuj\u0105cego<\/strong> <strong>bezpiecze\u0144stwo:<\/strong><\/p>\n<ul>\n<li>Podstawowy poziom p\u0142ywania, czyli umiej\u0119tno\u015b\u0107 przep\u0142yni\u0119cia co najmniej 50 metr\u00f3w w basenie.<\/li>\n<li>Musisz podpisa\u0107 formularz Poloca Surf przed wzi\u0119ciem udzia\u0142u w jakiejkolwiek zaj\u0119ciach.<\/li>\n<\/ul>\n<p><strong>WA\u017bNE<\/strong> : Nie mo\u017cesz mie\u0107 \u017cadnych problem\u00f3w sprawno\u015bciowych, medycznych lub fizycznych, kt\u00f3re mog\u0142yby negatywnie wp\u0142yn\u0105\u0107 na Tw\u00f3j udzia\u0142 w aktywno\u015bci. Nie mo\u017cesz by\u0107 pod wp\u0142ywem alkoholu lub narkotyk\u00f3w.<\/p>\n<p><em><strong>Musisz przestrzega\u0107 instrukcji i szanowa\u0107 decyzje podejmowane przez instruktor\u00f3w surfingu, aby zagwarantowa\u0107 wszystkim bezpiecze\u0144stwo.<\/strong><\/em><\/p>\n<p><strong> <\/strong><\/p>\n<\/div><\/div><\/div><\/div><\/div>\n","protected":false},"excerpt":{"rendered":"","protected":false},"author":1,"featured_media":0,"parent":0,"menu_order":0,"comment_status":"closed","ping_status":"closed","template":"","meta":{"_monsterinsights_skip_tracking":false,"_monsterinsights_sitenote_active":false,"_monsterinsights_sitenote_note":"","_monsterinsights_sitenote_category":0,"footnotes":""},"class_list":["post-3192","page","type-page","status-publish","hentry"],"yoast_head":"<!-- This site is optimized with the Yoast SEO plugin v27.4 - https:\/\/yoast.com\/product\/yoast-seo-wordpress\/ -->\n<title>Regulamin - Poloca Surf<\/title>\n<meta name=\"robots\" content=\"index, follow, max-snippet:-1, max-image-preview:large, max-video-preview:-1\" \/>\n<link rel=\"canonical\" href=\"https:\/\/www.polocasurf.com\/pl\/regulamin\/\" \/>\n<meta property=\"og:locale\" content=\"pl_PL\" \/>\n<meta property=\"og:type\" content=\"article\" \/>\n<meta property=\"og:title\" content=\"Regulamin - Poloca Surf\" \/>\n<meta property=\"og:url\" content=\"https:\/\/www.polocasurf.com\/pl\/regulamin\/\" \/>\n<meta property=\"og:site_name\" content=\"Poloca Surf\" \/>\n<meta property=\"article:modified_time\" content=\"2025-07-23T19:11:53+00:00\" \/>\n<meta name=\"twitter:card\" content=\"summary_large_image\" \/>\n<meta name=\"twitter:label1\" content=\"Szacowany czas czytania\" \/>\n\t<meta name=\"twitter:data1\" content=\"6 minut\" \/>\n<script type=\"application\/ld+json\" class=\"yoast-schema-graph\">{\"@context\":\"https:\\\/\\\/schema.org\",\"@graph\":[{\"@type\":\"WebPage\",\"@id\":\"https:\\\/\\\/www.polocasurf.com\\\/pl\\\/regulamin\\\/\",\"url\":\"https:\\\/\\\/www.polocasurf.com\\\/pl\\\/regulamin\\\/\",\"name\":\"Regulamin - Poloca Surf\",\"isPartOf\":{\"@id\":\"https:\\\/\\\/www.polocasurf.com\\\/#website\"},\"datePublished\":\"2022-03-28T22:20:04+00:00\",\"dateModified\":\"2025-07-23T19:11:53+00:00\",\"breadcrumb\":{\"@id\":\"https:\\\/\\\/www.polocasurf.com\\\/pl\\\/regulamin\\\/#breadcrumb\"},\"inLanguage\":\"pl-PL\",\"potentialAction\":[{\"@type\":\"ReadAction\",\"target\":[\"https:\\\/\\\/www.polocasurf.com\\\/pl\\\/regulamin\\\/\"]}]},{\"@type\":\"BreadcrumbList\",\"@id\":\"https:\\\/\\\/www.polocasurf.com\\\/pl\\\/regulamin\\\/#breadcrumb\",\"itemListElement\":[{\"@type\":\"ListItem\",\"position\":1,\"name\":\"Home\",\"item\":\"https:\\\/\\\/www.polocasurf.com\\\/pl\\\/\"},{\"@type\":\"ListItem\",\"position\":2,\"name\":\"Regulamin\"}]},{\"@type\":\"WebSite\",\"@id\":\"https:\\\/\\\/www.polocasurf.com\\\/#website\",\"url\":\"https:\\\/\\\/www.polocasurf.com\\\/\",\"name\":\"Poloca Surf\",\"description\":\"Goal oriented surf coaching Lanzarote\",\"potentialAction\":[{\"@type\":\"SearchAction\",\"target\":{\"@type\":\"EntryPoint\",\"urlTemplate\":\"https:\\\/\\\/www.polocasurf.com\\\/?s={search_term_string}\"},\"query-input\":{\"@type\":\"PropertyValueSpecification\",\"valueRequired\":true,\"valueName\":\"search_term_string\"}}],\"inLanguage\":\"pl-PL\"}]}<\/script>\n<!-- \/ Yoast SEO plugin. -->","yoast_head_json":{"title":"Regulamin - Poloca Surf","robots":{"index":"index","follow":"follow","max-snippet":"max-snippet:-1","max-image-preview":"max-image-preview:large","max-video-preview":"max-video-preview:-1"},"canonical":"https:\/\/www.polocasurf.com\/pl\/regulamin\/","og_locale":"pl_PL","og_type":"article","og_title":"Regulamin - Poloca Surf","og_url":"https:\/\/www.polocasurf.com\/pl\/regulamin\/","og_site_name":"Poloca Surf","article_modified_time":"2025-07-23T19:11:53+00:00","twitter_card":"summary_large_image","twitter_misc":{"Szacowany czas czytania":"6 minut"},"schema":{"@context":"https:\/\/schema.org","@graph":[{"@type":"WebPage","@id":"https:\/\/www.polocasurf.com\/pl\/regulamin\/","url":"https:\/\/www.polocasurf.com\/pl\/regulamin\/","name":"Regulamin - Poloca Surf","isPartOf":{"@id":"https:\/\/www.polocasurf.com\/#website"},"datePublished":"2022-03-28T22:20:04+00:00","dateModified":"2025-07-23T19:11:53+00:00","breadcrumb":{"@id":"https:\/\/www.polocasurf.com\/pl\/regulamin\/#breadcrumb"},"inLanguage":"pl-PL","potentialAction":[{"@type":"ReadAction","target":["https:\/\/www.polocasurf.com\/pl\/regulamin\/"]}]},{"@type":"BreadcrumbList","@id":"https:\/\/www.polocasurf.com\/pl\/regulamin\/#breadcrumb","itemListElement":[{"@type":"ListItem","position":1,"name":"Home","item":"https:\/\/www.polocasurf.com\/pl\/"},{"@type":"ListItem","position":2,"name":"Regulamin"}]},{"@type":"WebSite","@id":"https:\/\/www.polocasurf.com\/#website","url":"https:\/\/www.polocasurf.com\/","name":"Poloca Surf","description":"Goal oriented surf coaching Lanzarote","potentialAction":[{"@type":"SearchAction","target":{"@type":"EntryPoint","urlTemplate":"https:\/\/www.polocasurf.com\/?s={search_term_string}"},"query-input":{"@type":"PropertyValueSpecification","valueRequired":true,"valueName":"search_term_string"}}],"inLanguage":"pl-PL"}]}},"_links":{"self":[{"href":"https:\/\/www.polocasurf.com\/pl\/wp-json\/wp\/v2\/pages\/3192","targetHints":{"allow":["GET"]}}],"collection":[{"href":"https:\/\/www.polocasurf.com\/pl\/wp-json\/wp\/v2\/pages"}],"about":[{"href":"https:\/\/www.polocasurf.com\/pl\/wp-json\/wp\/v2\/types\/page"}],"author":[{"embeddable":true,"href":"https:\/\/www.polocasurf.com\/pl\/wp-json\/wp\/v2\/users\/1"}],"replies":[{"embeddable":true,"href":"https:\/\/www.polocasurf.com\/pl\/wp-json\/wp\/v2\/comments?post=3192"}],"version-history":[{"count":4,"href":"https:\/\/www.polocasurf.com\/pl\/wp-json\/wp\/v2\/pages\/3192\/revisions"}],"predecessor-version":[{"id":4843,"href":"https:\/\/www.polocasurf.com\/pl\/wp-json\/wp\/v2\/pages\/3192\/revisions\/4843"}],"wp:attachment":[{"href":"https:\/\/www.polocasurf.com\/pl\/wp-json\/wp\/v2\/media?parent=3192"}],"curies":[{"name":"wp","href":"https:\/\/api.w.org\/{rel}","templated":true}]}}