{"id":4262,"date":"2022-05-15T20:55:23","date_gmt":"2022-05-15T20:55:23","guid":{"rendered":"https:\/\/www.polocasurf.com\/zarezerwuj-lekcje\/"},"modified":"2026-04-14T10:21:43","modified_gmt":"2026-04-14T10:21:43","slug":"zarezerwuj-lekcje","status":"publish","type":"page","link":"https:\/\/www.polocasurf.com\/pl\/zarezerwuj-lekcje\/","title":{"rendered":"Zarezerwuj zaj\u0119cia w Poloca Surf School"},"content":{"rendered":"<div class=\"fusion-fullwidth fullwidth-box fusion-builder-row-1 fusion-flex-container nonhundred-percent-fullwidth non-hundred-percent-height-scrolling\" style=\"--link_color: var(--awb-color3);--awb-border-radius-top-left:0px;--awb-border-radius-top-right:0px;--awb-border-radius-bottom-right:0px;--awb-border-radius-bottom-left:0px;--awb-padding-left:60px;--awb-padding-top-small:15%;--awb-padding-right-small:0px;--awb-padding-left-small:0px;--awb-margin-top:10%;--awb-margin-bottom:4%;--awb-background-color:rgba(42,91,204,0);--awb-flex-wrap:wrap;\" ><div class=\"fusion-builder-row fusion-row fusion-flex-align-items-center fusion-flex-content-wrap\" style=\"max-width:1393.6px;margin-left: calc(-4% \/ 2 );margin-right: calc(-4% \/ 2 );\"><div class=\"fusion-layout-column fusion_builder_column fusion-builder-column-0 fusion_builder_column_1_1 1_1 fusion-flex-column\" style=\"--awb-padding-right-small:5%;--awb-padding-left-small:5%;--awb-bg-size:cover;--awb-width-large:100%;--awb-margin-top-large:0px;--awb-spacing-right-large:1.92%;--awb-margin-bottom-large:20px;--awb-spacing-left-large:1.92%;--awb-width-medium:100%;--awb-order-medium:0;--awb-spacing-right-medium:1.92%;--awb-spacing-left-medium:1.92%;--awb-width-small:100%;--awb-order-small:0;--awb-spacing-right-small:0%;--awb-spacing-left-small:0%;\"><div class=\"fusion-column-wrapper fusion-column-has-shadow fusion-flex-justify-content-flex-start fusion-content-layout-column\"><div class=\"fusion-title title fusion-title-1 fusion-sep-none fusion-title-text fusion-title-size-one\" style=\"--awb-text-color:var(--awb-color1);--awb-margin-top:10%;--awb-margin-top-small:10px;--awb-margin-right-small:0px;--awb-margin-bottom-small:10px;--awb-margin-left-small:0px;--awb-font-size:85px;\"><h1 class=\"fusion-title-heading title-heading-left fusion-responsive-typography-calculated\" style=\"margin:0;text-transform:none;font-size:1em;--fontSize:85;line-height:var(--awb-typography1-line-height);\">Surf coaching Lanzarote<\/h1><\/div><div class=\"fusion-text fusion-text-1\" style=\"--awb-text-transform:none;--awb-text-color:var(--awb-color1);\"><p data-start=\"1120\" data-end=\"1218\"><strong><span style=\"color: #000080;\">Witam<\/span><\/strong><\/p>\n<p data-start=\"1120\" data-end=\"1218\"><span style=\"color: #000080;\">Osobi\u015bcie potwierdz\u0119 rezerwacj\u0119 i prze\u015bl\u0119 wszystkie szczeg\u00f3\u0142y dotycz\u0105ce lekcji i p\u0142atno\u015bci.<\/span><\/p>\n<p data-start=\"1225\" data-end=\"1349\"><span style=\"color: #000080;\">Zawsze staram si\u0119 odpowiada\u0107 tak szybko, jak to mo\u017cliwe, ale mog\u0119 by\u0107 na oceanie i uczy\u0107, wi\u0119c czasami mo\u017ce wyst\u0105pi\u0107 kr\u00f3tkie op\u00f3\u017anienie.<\/span><\/p>\n<p data-start=\"1356\" data-end=\"1451\"><span style=\"color: #000080;\">W przypadku rezerwacji w ostatniej chwili (mniej ni\u017c 48 godzin), prosz\u0119 o kontakt przez WhatsApp: +34 678 224 872 lub vicky@polocasurf.com<\/span><\/p>\n<p data-start=\"1458\" data-end=\"1463\"><span style=\"color: #000080;\">Vicky<\/span><\/p>\n<\/div><div class=\"fusion-image-element \" style=\"--awb-caption-title-font-family:var(--h2_typography-font-family);--awb-caption-title-font-weight:var(--h2_typography-font-weight);--awb-caption-title-font-style:var(--h2_typography-font-style);--awb-caption-title-size:var(--h2_typography-font-size);--awb-caption-title-transform:var(--h2_typography-text-transform);--awb-caption-title-line-height:var(--h2_typography-line-height);--awb-caption-title-letter-spacing:var(--h2_typography-letter-spacing);\"><span class=\" fusion-imageframe imageframe-none imageframe-1 hover-type-none\"><img decoding=\"async\" width=\"2560\" height=\"1707\" alt=\"coach going surfing with surf student ocean Famara Lanzarote\" title=\"nauka-surfingu-famara-lanzarote\" src=\"https:\/\/www.polocasurf.com\/wp-content\/uploads\/2026\/04\/nauka-surfingu-famara-lanzarote-scaled.jpg\" data-orig-src=\"https:\/\/www.polocasurf.com\/wp-content\/uploads\/2026\/04\/nauka-surfingu-famara-lanzarote-scaled.jpg\" class=\"lazyload img-responsive wp-image-4989\" srcset=\"data:image\/svg+xml,%3Csvg%20xmlns%3D%27http%3A%2F%2Fwww.w3.org%2F2000%2Fsvg%27%20width%3D%272560%27%20height%3D%271707%27%20viewBox%3D%270%200%202560%201707%27%3E%3Crect%20width%3D%272560%27%20height%3D%271707%27%20fill-opacity%3D%220%22%2F%3E%3C%2Fsvg%3E\" data-srcset=\"https:\/\/www.polocasurf.com\/wp-content\/uploads\/2026\/04\/nauka-surfingu-famara-lanzarote-200x133.jpg 200w, https:\/\/www.polocasurf.com\/wp-content\/uploads\/2026\/04\/nauka-surfingu-famara-lanzarote-400x267.jpg 400w, https:\/\/www.polocasurf.com\/wp-content\/uploads\/2026\/04\/nauka-surfingu-famara-lanzarote-600x400.jpg 600w, https:\/\/www.polocasurf.com\/wp-content\/uploads\/2026\/04\/nauka-surfingu-famara-lanzarote-800x533.jpg 800w, https:\/\/www.polocasurf.com\/wp-content\/uploads\/2026\/04\/nauka-surfingu-famara-lanzarote-1200x800.jpg 1200w, https:\/\/www.polocasurf.com\/wp-content\/uploads\/2026\/04\/nauka-surfingu-famara-lanzarote-scaled.jpg 2560w\" data-sizes=\"auto\" data-orig-sizes=\"(max-width: 720px) 100vw, 2560px\" \/><\/span><\/div><style id=\"wpforms-css-vars-4997\">\n\t\t\t\t#wpforms-4997 {\n\t\t\t\t--wpforms-container-padding: 0px;\n--wpforms-container-border-width: 1px;\n--wpforms-container-border-radius: 3px;\n--wpforms-background-color: rgba(0, 0, 0, 0);\n--wpforms-field-size-input-height: 43px;\n--wpforms-field-size-input-spacing: 15px;\n--wpforms-field-size-font-size: 16px;\n--wpforms-field-size-line-height: 19px;\n--wpforms-field-size-padding-h: 14px;\n--wpforms-field-size-checkbox-size: 16px;\n--wpforms-field-size-sublabel-spacing: 5px;\n--wpforms-field-size-icon-size: 1;\n--wpforms-label-size-font-size: 16px;\n--wpforms-label-size-line-height: 19px;\n--wpforms-label-size-sublabel-font-size: 14px;\n--wpforms-label-size-sublabel-line-height: 17px;\n--wpforms-button-size-font-size: 17px;\n--wpforms-button-size-height: 41px;\n--wpforms-button-size-padding-h: 15px;\n--wpforms-button-size-margin-top: 10px;\n--wpforms-container-shadow-size-box-shadow: none;\n\t\t\t}\n\t\t\t<\/style><div class=\"wpforms-container wpforms-container-full wpforms-render-modern\" id=\"wpforms-4997\"><form id=\"wpforms-form-4997\" class=\"wpforms-validate wpforms-form wpforms-ajax-form\" data-formid=\"4997\" method=\"post\" enctype=\"multipart\/form-data\" action=\"\/pl\/wp-json\/wp\/v2\/pages\/4262\" data-token=\"a2618f7a48b1b429e37f8b10ea29134d\" data-token-time=\"1777828948\"><noscript class=\"wpforms-error-noscript\">Aby wype\u0142ni\u0107 ten formularz, w\u0142\u0105cz obs\u0142ug\u0119 JavaScript w przegl\u0105darce.<\/noscript><div id=\"wpforms-error-noscript\" style=\"display: none;\">Aby wype\u0142ni\u0107 ten formularz, w\u0142\u0105cz obs\u0142ug\u0119 JavaScript w przegl\u0105darce.<\/div><div class=\"wpforms-field-container\">\t\t<div id=\"wpforms-4997-field_5-container\"\n\t\t\tclass=\"wpforms-field wpforms-field-text\"\n\t\t\tdata-field-type=\"text\"\n\t\t\tdata-field-id=\"5\"\n\t\t\t>\n\t\t\t<label class=\"wpforms-field-label\" for=\"wpforms-4997-field_5\" >Email Interested are<\/label>\n\t\t\t<input type=\"text\" id=\"wpforms-4997-field_5\" class=\"wpforms-field-medium\" name=\"wpforms[fields][5]\" >\n\t\t<\/div>\n\t\t<div id=\"wpforms-4997-field_1-container\" class=\"wpforms-field wpforms-field-name\" data-field-id=\"1\"><fieldset><legend class=\"wpforms-field-label\">Name <span class=\"wpforms-required-label\" aria-hidden=\"true\">*<\/span><\/legend><div class=\"wpforms-field-row wpforms-field-medium\"><div class=\"wpforms-field-row-block wpforms-first wpforms-one-half\"><input type=\"text\" id=\"wpforms-4997-field_1\" class=\"wpforms-field-name-first wpforms-field-required\" name=\"wpforms[fields][1][first]\" aria-errormessage=\"wpforms-4997-field_1-error\" required><label for=\"wpforms-4997-field_1\" class=\"wpforms-field-sublabel after\">Pierwszy<\/label><\/div><div class=\"wpforms-field-row-block wpforms-one-half\"><input type=\"text\" id=\"wpforms-4997-field_1-last\" class=\"wpforms-field-name-last wpforms-field-required\" name=\"wpforms[fields][1][last]\" aria-errormessage=\"wpforms-4997-field_1-last-error\" required><label for=\"wpforms-4997-field_1-last\" class=\"wpforms-field-sublabel after\">Ostatni<\/label><\/div><\/div><\/fieldset><\/div><div id=\"wpforms-4997-field_2-container\" class=\"wpforms-field wpforms-field-email\" data-field-id=\"2\"><label class=\"wpforms-field-label\" for=\"wpforms-4997-field_2\">Email <span class=\"wpforms-required-label\" aria-hidden=\"true\">*<\/span><\/label><input type=\"email\" id=\"wpforms-4997-field_2\" class=\"wpforms-field-medium wpforms-field-required\" name=\"wpforms[fields][2]\" spellcheck=\"false\" aria-errormessage=\"wpforms-4997-field_2-error\" required><\/div><div id=\"wpforms-4997-field_4-container\" class=\"wpforms-field wpforms-field-select wpforms-field-select-style-classic\" data-field-id=\"4\"><label class=\"wpforms-field-label\" for=\"wpforms-4997-field_4\">Interested in: <span class=\"wpforms-required-label\" aria-hidden=\"true\">*<\/span><\/label><select id=\"wpforms-4997-field_4\" class=\"wpforms-field-medium wpforms-field-required\" name=\"wpforms[fields][4]\" required=\"required\"><option value=\"\" class=\"placeholder\" disabled  selected='selected'>--- Select Choice ---<\/option><option value=\"small surf group class\"  class=\"choice-1 depth-1\"  >small surf group class<\/option><option value=\"private surf class\"  class=\"choice-2 depth-1\"  >private surf class<\/option><option value=\"surfskate\"  class=\"choice-3 depth-1\"  >surfskate<\/option><option value=\"video analisys\"  class=\"choice-4 depth-1\"  >video analisys<\/option><option value=\"combination surf and surf skate\"  class=\"choice-5 depth-1\"  >combination surf and surf skate<\/option><\/select><\/div><div id=\"wpforms-4997-field_6-container\" class=\"wpforms-field wpforms-field-text\" data-field-id=\"6\"><label class=\"wpforms-field-label\" for=\"wpforms-4997-field_6\">Day or dates you are interested in<\/label><input type=\"text\" id=\"wpforms-4997-field_6\" class=\"wpforms-field-medium\" name=\"wpforms[fields][6]\" aria-errormessage=\"wpforms-4997-field_6-error\" ><\/div><div id=\"wpforms-4997-field_3-container\" class=\"wpforms-field wpforms-field-textarea\" data-field-id=\"3\"><label class=\"wpforms-field-label\" for=\"wpforms-4997-field_3\">Message <span class=\"wpforms-required-label\" aria-hidden=\"true\">*<\/span><\/label><textarea id=\"wpforms-4997-field_3\" class=\"wpforms-field-medium wpforms-field-required\" name=\"wpforms[fields][3]\" aria-errormessage=\"wpforms-4997-field_3-error\" aria-describedby=\"wpforms-4997-field_3-description\" required><\/textarea><div id=\"wpforms-4997-field_3-description\" class=\"wpforms-field-description\">Tell me about your surf or skate level, your goals, and anything you\u2019d like to work on :)<\/div><\/div><script>\n\t\t\t\t( function() {\n\t\t\t\t\tconst style = document.createElement( 'style' );\n\t\t\t\t\tstyle.appendChild( document.createTextNode( '#wpforms-4997-field_5-container { position: absolute !important; overflow: hidden !important; display: inline !important; height: 1px !important; width: 1px !important; z-index: -1000 !important; padding: 0 !important; } #wpforms-4997-field_5-container input { visibility: hidden; } #wpforms-conversational-form-page #wpforms-4997-field_5-container label { counter-increment: none; }' ) );\n\t\t\t\t\tdocument.head.appendChild( style );\n\t\t\t\t\tdocument.currentScript?.remove();\n\t\t\t\t} )();\n\t\t\t<\/script><\/div><!-- .wpforms-field-container --><div class=\"wpforms-submit-container\" ><input type=\"hidden\" name=\"wpforms[id]\" value=\"4997\"><input type=\"hidden\" name=\"page_title\" value=\"\"><input type=\"hidden\" name=\"page_url\" value=\"https:\/\/www.polocasurf.com\/pl\/wp-json\/wp\/v2\/pages\/4262\"><input type=\"hidden\" name=\"url_referer\" value=\"\"><button type=\"submit\" name=\"wpforms[submit]\" id=\"wpforms-submit-4997\" class=\"wpforms-submit\" data-alt-text=\"Sending...\" data-submit-text=\"Submit\" aria-live=\"assertive\" value=\"wpforms-submit\">Submit<\/button><img decoding=\"async\" src=\"data:image\/svg+xml,%3Csvg%20xmlns%3D%27http%3A%2F%2Fwww.w3.org%2F2000%2Fsvg%27%20width%3D%2726%27%20height%3D%2726%27%20viewBox%3D%270%200%2026%2026%27%3E%3Crect%20width%3D%2726%27%20height%3D%2726%27%20fill-opacity%3D%220%22%2F%3E%3C%2Fsvg%3E\" data-orig-src=\"https:\/\/www.polocasurf.com\/wp-content\/plugins\/wpforms-lite\/assets\/images\/submit-spin.svg\" class=\"lazyload wpforms-submit-spinner\" style=\"display: none;\" width=\"26\" height=\"26\" alt=\"Wczytywanie\"><\/div><\/form><\/div>  <!-- .wpforms-container --><\/div><\/div><\/div><\/div>\n","protected":false},"excerpt":{"rendered":"","protected":false},"author":1,"featured_media":0,"parent":0,"menu_order":0,"comment_status":"closed","ping_status":"closed","template":"100-width.php","meta":{"_monsterinsights_skip_tracking":false,"_monsterinsights_sitenote_active":false,"_monsterinsights_sitenote_note":"","_monsterinsights_sitenote_category":0,"footnotes":""},"class_list":["post-4262","page","type-page","status-publish","hentry"],"yoast_head":"<!-- This site is optimized with the Yoast SEO plugin v27.5 - https:\/\/yoast.com\/product\/yoast-seo-wordpress\/ -->\n<title>Zarezerwuj zaj\u0119cia w Poloca Surf School - Poloca Surf<\/title>\n<meta name=\"description\" content=\"Zarezerwuj ma\u0142\u0105 grup\u0119, prywatn\u0105 lekcj\u0119 surfingu lub lekcj\u0119 surfingu na \u0142y\u017cwach ju\u017c teraz w Poloca Surf School Lanzarote. Coaching w j\u0119zyku polskim, hiszpa\u0144skim i angielskim\" \/>\n<meta name=\"robots\" content=\"index, follow, max-snippet:-1, max-image-preview:large, max-video-preview:-1\" \/>\n<link rel=\"canonical\" href=\"https:\/\/www.polocasurf.com\/pl\/zarezerwuj-lekcje\/\" \/>\n<meta property=\"og:locale\" content=\"pl_PL\" \/>\n<meta property=\"og:type\" content=\"article\" \/>\n<meta property=\"og:title\" content=\"Zarezerwuj zaj\u0119cia w Poloca Surf School - Poloca Surf\" \/>\n<meta property=\"og:description\" content=\"Zarezerwuj ma\u0142\u0105 grup\u0119, prywatn\u0105 lekcj\u0119 surfingu lub lekcj\u0119 surfingu na \u0142y\u017cwach ju\u017c teraz w Poloca Surf School Lanzarote. Coaching w j\u0119zyku polskim, hiszpa\u0144skim i angielskim\" \/>\n<meta property=\"og:url\" content=\"https:\/\/www.polocasurf.com\/pl\/zarezerwuj-lekcje\/\" \/>\n<meta property=\"og:site_name\" content=\"Poloca Surf\" \/>\n<meta property=\"article:modified_time\" content=\"2026-04-14T10:21:43+00:00\" \/>\n<meta name=\"twitter:card\" content=\"summary_large_image\" \/>\n<meta name=\"twitter:label1\" content=\"Szacowany czas czytania\" \/>\n\t<meta name=\"twitter:data1\" content=\"5 minut\" \/>\n<script type=\"application\/ld+json\" class=\"yoast-schema-graph\">{\"@context\":\"https:\\\/\\\/schema.org\",\"@graph\":[{\"@type\":\"WebPage\",\"@id\":\"https:\\\/\\\/www.polocasurf.com\\\/pl\\\/zarezerwuj-lekcje\\\/\",\"url\":\"https:\\\/\\\/www.polocasurf.com\\\/pl\\\/zarezerwuj-lekcje\\\/\",\"name\":\"Zarezerwuj zaj\u0119cia w Poloca Surf School - Poloca Surf\",\"isPartOf\":{\"@id\":\"https:\\\/\\\/www.polocasurf.com\\\/#website\"},\"datePublished\":\"2022-05-15T20:55:23+00:00\",\"dateModified\":\"2026-04-14T10:21:43+00:00\",\"description\":\"Zarezerwuj ma\u0142\u0105 grup\u0119, prywatn\u0105 lekcj\u0119 surfingu lub lekcj\u0119 surfingu na \u0142y\u017cwach ju\u017c teraz w Poloca Surf School Lanzarote. Coaching w j\u0119zyku polskim, hiszpa\u0144skim i angielskim\",\"breadcrumb\":{\"@id\":\"https:\\\/\\\/www.polocasurf.com\\\/pl\\\/zarezerwuj-lekcje\\\/#breadcrumb\"},\"inLanguage\":\"pl-PL\",\"potentialAction\":[{\"@type\":\"ReadAction\",\"target\":[\"https:\\\/\\\/www.polocasurf.com\\\/pl\\\/zarezerwuj-lekcje\\\/\"]}]},{\"@type\":\"BreadcrumbList\",\"@id\":\"https:\\\/\\\/www.polocasurf.com\\\/pl\\\/zarezerwuj-lekcje\\\/#breadcrumb\",\"itemListElement\":[{\"@type\":\"ListItem\",\"position\":1,\"name\":\"Home\",\"item\":\"https:\\\/\\\/www.polocasurf.com\\\/pl\\\/\"},{\"@type\":\"ListItem\",\"position\":2,\"name\":\"Zarezerwuj zaj\u0119cia w Poloca Surf School\"}]},{\"@type\":\"WebSite\",\"@id\":\"https:\\\/\\\/www.polocasurf.com\\\/#website\",\"url\":\"https:\\\/\\\/www.polocasurf.com\\\/\",\"name\":\"Poloca Surf\",\"description\":\"Goal oriented surf coaching Lanzarote\",\"potentialAction\":[{\"@type\":\"SearchAction\",\"target\":{\"@type\":\"EntryPoint\",\"urlTemplate\":\"https:\\\/\\\/www.polocasurf.com\\\/?s={search_term_string}\"},\"query-input\":{\"@type\":\"PropertyValueSpecification\",\"valueRequired\":true,\"valueName\":\"search_term_string\"}}],\"inLanguage\":\"pl-PL\"}]}<\/script>\n<!-- \/ Yoast SEO plugin. -->","yoast_head_json":{"title":"Zarezerwuj zaj\u0119cia w Poloca Surf School - Poloca Surf","description":"Zarezerwuj ma\u0142\u0105 grup\u0119, prywatn\u0105 lekcj\u0119 surfingu lub lekcj\u0119 surfingu na \u0142y\u017cwach ju\u017c teraz w Poloca Surf School Lanzarote. Coaching w j\u0119zyku polskim, hiszpa\u0144skim i angielskim","robots":{"index":"index","follow":"follow","max-snippet":"max-snippet:-1","max-image-preview":"max-image-preview:large","max-video-preview":"max-video-preview:-1"},"canonical":"https:\/\/www.polocasurf.com\/pl\/zarezerwuj-lekcje\/","og_locale":"pl_PL","og_type":"article","og_title":"Zarezerwuj zaj\u0119cia w Poloca Surf School - Poloca Surf","og_description":"Zarezerwuj ma\u0142\u0105 grup\u0119, prywatn\u0105 lekcj\u0119 surfingu lub lekcj\u0119 surfingu na \u0142y\u017cwach ju\u017c teraz w Poloca Surf School Lanzarote. Coaching w j\u0119zyku polskim, hiszpa\u0144skim i angielskim","og_url":"https:\/\/www.polocasurf.com\/pl\/zarezerwuj-lekcje\/","og_site_name":"Poloca Surf","article_modified_time":"2026-04-14T10:21:43+00:00","twitter_card":"summary_large_image","twitter_misc":{"Szacowany czas czytania":"5 minut"},"schema":{"@context":"https:\/\/schema.org","@graph":[{"@type":"WebPage","@id":"https:\/\/www.polocasurf.com\/pl\/zarezerwuj-lekcje\/","url":"https:\/\/www.polocasurf.com\/pl\/zarezerwuj-lekcje\/","name":"Zarezerwuj zaj\u0119cia w Poloca Surf School - Poloca Surf","isPartOf":{"@id":"https:\/\/www.polocasurf.com\/#website"},"datePublished":"2022-05-15T20:55:23+00:00","dateModified":"2026-04-14T10:21:43+00:00","description":"Zarezerwuj ma\u0142\u0105 grup\u0119, prywatn\u0105 lekcj\u0119 surfingu lub lekcj\u0119 surfingu na \u0142y\u017cwach ju\u017c teraz w Poloca Surf School Lanzarote. Coaching w j\u0119zyku polskim, hiszpa\u0144skim i angielskim","breadcrumb":{"@id":"https:\/\/www.polocasurf.com\/pl\/zarezerwuj-lekcje\/#breadcrumb"},"inLanguage":"pl-PL","potentialAction":[{"@type":"ReadAction","target":["https:\/\/www.polocasurf.com\/pl\/zarezerwuj-lekcje\/"]}]},{"@type":"BreadcrumbList","@id":"https:\/\/www.polocasurf.com\/pl\/zarezerwuj-lekcje\/#breadcrumb","itemListElement":[{"@type":"ListItem","position":1,"name":"Home","item":"https:\/\/www.polocasurf.com\/pl\/"},{"@type":"ListItem","position":2,"name":"Zarezerwuj zaj\u0119cia w Poloca Surf School"}]},{"@type":"WebSite","@id":"https:\/\/www.polocasurf.com\/#website","url":"https:\/\/www.polocasurf.com\/","name":"Poloca Surf","description":"Goal oriented surf coaching Lanzarote","potentialAction":[{"@type":"SearchAction","target":{"@type":"EntryPoint","urlTemplate":"https:\/\/www.polocasurf.com\/?s={search_term_string}"},"query-input":{"@type":"PropertyValueSpecification","valueRequired":true,"valueName":"search_term_string"}}],"inLanguage":"pl-PL"}]}},"_links":{"self":[{"href":"https:\/\/www.polocasurf.com\/pl\/wp-json\/wp\/v2\/pages\/4262","targetHints":{"allow":["GET"]}}],"collection":[{"href":"https:\/\/www.polocasurf.com\/pl\/wp-json\/wp\/v2\/pages"}],"about":[{"href":"https:\/\/www.polocasurf.com\/pl\/wp-json\/wp\/v2\/types\/page"}],"author":[{"embeddable":true,"href":"https:\/\/www.polocasurf.com\/pl\/wp-json\/wp\/v2\/users\/1"}],"replies":[{"embeddable":true,"href":"https:\/\/www.polocasurf.com\/pl\/wp-json\/wp\/v2\/comments?post=4262"}],"version-history":[{"count":19,"href":"https:\/\/www.polocasurf.com\/pl\/wp-json\/wp\/v2\/pages\/4262\/revisions"}],"predecessor-version":[{"id":5017,"href":"https:\/\/www.polocasurf.com\/pl\/wp-json\/wp\/v2\/pages\/4262\/revisions\/5017"}],"wp:attachment":[{"href":"https:\/\/www.polocasurf.com\/pl\/wp-json\/wp\/v2\/media?parent=4262"}],"curies":[{"name":"wp","href":"https:\/\/api.w.org\/{rel}","templated":true}]}}